{"id":263,"date":"2023-12-13T12:32:33","date_gmt":"2023-12-13T12:32:33","guid":{"rendered":"https:\/\/itspromotion.com\/?page_id=263"},"modified":"2023-12-16T08:21:39","modified_gmt":"2023-12-16T08:21:39","slug":"quality-control","status":"publish","type":"page","link":"https:\/\/itspromotion.com\/fr\/quality-control\/","title":{"rendered":"Contr\u00f4le de qualit\u00e9"},"content":{"rendered":"<div data-elementor-type=\"wp-page\" data-elementor-id=\"263\" class=\"elementor elementor-263\" data-elementor-post-type=\"page\">\n\t\t\t\t\t\t<section class=\"elementor-section elementor-top-section elementor-element elementor-element-3e1414c elementor-section-height-min-height elementor-section-boxed elementor-section-height-default elementor-section-items-middle\" data-id=\"3e1414c\" data-element_type=\"section\" data-e-type=\"section\" data-settings=\"{&quot;background_background&quot;:&quot;classic&quot;}\">\n\t\t\t\t\t\t\t<div class=\"elementor-background-overlay\"><\/div>\n\t\t\t\t\t\t\t<div class=\"elementor-container elementor-column-gap-default\">\n\t\t\t\t\t<div class=\"elementor-column elementor-col-100 elementor-top-column elementor-element elementor-element-dabd49a\" data-id=\"dabd49a\" data-element_type=\"column\" data-e-type=\"column\">\n\t\t\t<div class=\"elementor-widget-wrap elementor-element-populated\">\n\t\t\t\t\t\t<div class=\"elementor-element elementor-element-ebe8961 elementor-widget elementor-widget-heading\" data-id=\"ebe8961\" data-element_type=\"widget\" data-e-type=\"widget\" data-widget_type=\"heading.default\">\n\t\t\t\t<div class=\"elementor-widget-container\">\n\t\t\t\t\t<h2 class=\"elementor-heading-title elementor-size-default\">Contr\u00f4le de qualit\u00e9<\/h2>\t\t\t\t<\/div>\n\t\t\t\t<\/div>\n\t\t\t\t<div class=\"elementor-element elementor-element-2297102 elementor-widget elementor-widget-text-editor\" data-id=\"2297102\" data-element_type=\"widget\" data-e-type=\"widget\" data-widget_type=\"text-editor.default\">\n\t\t\t\t<div class=\"elementor-widget-container\">\n\t\t\t\t\t\t\t\t\t<p>Nous nous engageons \u00e0 garantir les normes de qualit\u00e9 les plus \u00e9lev\u00e9es pour chaque produit. Notre processus de contr\u00f4le qualit\u00e9 implique des inspections m\u00e9ticuleuses \u00e0 diff\u00e9rentes \u00e9tapes de la production, garantissant que chaque article r\u00e9pond \u00e0 vos sp\u00e9cifications et \u00e0 vos attentes en mati\u00e8re de qualit\u00e9 avant qu&#039;il ne vous parvienne.<\/p>\t\t\t\t\t\t\t\t<\/div>\n\t\t\t\t<\/div>\n\t\t\t\t<div class=\"elementor-element elementor-element-4ab98d0 elementor-align-center elementor-invisible elementor-widget elementor-widget-button\" data-id=\"4ab98d0\" data-element_type=\"widget\" data-e-type=\"widget\" data-settings=\"{&quot;_animation&quot;:&quot;fadeInUp&quot;}\" data-widget_type=\"button.default\">\n\t\t\t\t<div class=\"elementor-widget-container\">\n\t\t\t\t\t\t\t\t\t<div class=\"elementor-button-wrapper\">\n\t\t\t\t\t<a class=\"elementor-button elementor-button-link elementor-size-sm\" href=\"https:\/\/itspromotion.com\/fr\/contact-us\/\">\n\t\t\t\t\t\t<span class=\"elementor-button-content-wrapper\">\n\t\t\t\t\t\t\t\t\t<span class=\"elementor-button-text\">Demandez un devis<\/span>\n\t\t\t\t\t<\/span>\n\t\t\t\t\t<\/a>\n\t\t\t\t<\/div>\n\t\t\t\t\t\t\t\t<\/div>\n\t\t\t\t<\/div>\n\t\t\t\t\t<\/div>\n\t\t<\/div>\n\t\t\t\t\t<\/div>\n\t\t<\/section>\n\t\t\t\t<section class=\"elementor-section elementor-top-section elementor-element elementor-element-14efd40 elementor-section-boxed elementor-section-height-default elementor-section-height-default\" data-id=\"14efd40\" data-element_type=\"section\" data-e-type=\"section\">\n\t\t\t\t\t\t<div class=\"elementor-container elementor-column-gap-default\">\n\t\t\t\t\t<div class=\"elementor-column elementor-col-100 elementor-top-column elementor-element elementor-element-59e6346\" data-id=\"59e6346\" data-element_type=\"column\" data-e-type=\"column\">\n\t\t\t<div class=\"elementor-widget-wrap elementor-element-populated\">\n\t\t\t\t\t\t<div class=\"elementor-element elementor-element-f92afb6 elementor-widget elementor-widget-heading\" data-id=\"f92afb6\" data-element_type=\"widget\" data-e-type=\"widget\" data-widget_type=\"heading.default\">\n\t\t\t\t<div class=\"elementor-widget-container\">\n\t\t\t\t\t<h2 class=\"elementor-heading-title elementor-size-default\">Nous proposons deux options d&#039;inspection des produits.<\/h2>\t\t\t\t<\/div>\n\t\t\t\t<\/div>\n\t\t\t\t\t<\/div>\n\t\t<\/div>\n\t\t\t\t\t<\/div>\n\t\t<\/section>\n\t\t\t\t<section class=\"elementor-section elementor-top-section elementor-element elementor-element-02ef29e elementor-section-boxed elementor-section-height-default elementor-section-height-default\" data-id=\"02ef29e\" data-element_type=\"section\" data-e-type=\"section\">\n\t\t\t\t\t\t<div class=\"elementor-container elementor-column-gap-default\">\n\t\t\t\t\t<div class=\"elementor-column elementor-col-50 elementor-top-column elementor-element elementor-element-b5bdfd4\" data-id=\"b5bdfd4\" data-element_type=\"column\" data-e-type=\"column\">\n\t\t\t<div class=\"elementor-widget-wrap elementor-element-populated\">\n\t\t\t\t\t\t<div class=\"elementor-element elementor-element-a2d7d62 elementor-widget elementor-widget-heading\" data-id=\"a2d7d62\" data-element_type=\"widget\" data-e-type=\"widget\" data-widget_type=\"heading.default\">\n\t\t\t\t<div class=\"elementor-widget-container\">\n\t\t\t\t\t<h2 class=\"elementor-heading-title elementor-size-default\">Par ITS Promotion<\/h2>\t\t\t\t<\/div>\n\t\t\t\t<\/div>\n\t\t\t\t<div class=\"elementor-element elementor-element-0364922 elementor-widget elementor-widget-text-editor\" data-id=\"0364922\" data-element_type=\"widget\" data-e-type=\"widget\" data-widget_type=\"text-editor.default\">\n\t\t\t\t<div class=\"elementor-widget-container\">\n\t\t\t\t\t\t\t\t\t<p>ITS Promotion propose des services complets de contr\u00f4le qualit\u00e9 interne et d\u2019inspection des produits. Notre \u00e9quipe d\u00e9di\u00e9e d\u2019experts est sp\u00e9cialis\u00e9e dans le suivi et l\u2019\u00e9valuation de la qualit\u00e9 des produits tout au long du processus de fabrication. Cela comprend des contr\u00f4les rigoureux \u00e0 diff\u00e9rentes \u00e9tapes de la production pour garantir que chaque article r\u00e9pond \u00e0 nos normes \u00e9lev\u00e9es en mati\u00e8re de qualit\u00e9, de fonctionnalit\u00e9 et de s\u00e9curit\u00e9.<\/p><p>Nos mesures de contr\u00f4le de qualit\u00e9 interne sont con\u00e7ues pour identifier et corriger tout probl\u00e8me avant que les produits n&#039;atteignent nos clients. Nous utilisons des techniques et des outils d&#039;inspection de pointe pour garantir que chaque produit que nous livrons est conforme aux sp\u00e9cifications de nos clients et aux normes de l&#039;industrie.<\/p><p>Cette approche m\u00e9ticuleuse du contr\u00f4le qualit\u00e9 et de l\u2019inspection des produits est la pierre angulaire de notre engagement envers l\u2019excellence, garantissant la satisfaction de nos clients et maintenant notre r\u00e9putation de leader dans le domaine de l\u2019assurance qualit\u00e9 professionnelle.<\/p>\t\t\t\t\t\t\t\t<\/div>\n\t\t\t\t<\/div>\n\t\t\t\t\t<\/div>\n\t\t<\/div>\n\t\t\t\t<div class=\"elementor-column elementor-col-50 elementor-top-column elementor-element elementor-element-48db1bd\" data-id=\"48db1bd\" data-element_type=\"column\" data-e-type=\"column\">\n\t\t\t<div class=\"elementor-widget-wrap elementor-element-populated\">\n\t\t\t\t\t\t<div class=\"elementor-element elementor-element-e7a37f5 elementor-widget elementor-widget-heading\" data-id=\"e7a37f5\" data-element_type=\"widget\" data-e-type=\"widget\" data-widget_type=\"heading.default\">\n\t\t\t\t<div class=\"elementor-widget-container\">\n\t\t\t\t\t<h2 class=\"elementor-heading-title elementor-size-default\">Par la soci\u00e9t\u00e9 d\u2019inspection tierce<\/h2>\t\t\t\t<\/div>\n\t\t\t\t<\/div>\n\t\t\t\t<div class=\"elementor-element elementor-element-0dab834 elementor-widget elementor-widget-text-editor\" data-id=\"0dab834\" data-element_type=\"widget\" data-e-type=\"widget\" data-widget_type=\"text-editor.default\">\n\t\t\t\t<div class=\"elementor-widget-container\">\n\t\t\t\t\t\t\t\t\t<p>Nous offrons \u00e9galement la possibilit\u00e9 de collaborer avec des soci\u00e9t\u00e9s d\u2019inspection tierces pour inspecter les marchandises. Ce service est particuli\u00e8rement pr\u00e9cieux pour les clients qui pr\u00e9f\u00e8rent une \u00e9valuation externe pour compl\u00e9ter nos mesures de contr\u00f4le qualit\u00e9 interne. De plus, si nos clients ont sp\u00e9cifi\u00e9 des soci\u00e9t\u00e9s d&#039;inspection tierces, nous sommes tout \u00e0 fait pr\u00eats \u00e0 nous coordonner et \u00e0 coop\u00e9rer avec ces soci\u00e9t\u00e9s s\u00e9lectionn\u00e9es.<\/p><p>Cette flexibilit\u00e9 dans la collaboration avec des inspecteurs externes garantit que les exigences et pr\u00e9f\u00e9rences uniques de nos clients sont satisfaites avec le plus grand professionnalisme. Notre approche collaborative avec ces entit\u00e9s tierces permet une \u00e9valuation compl\u00e8te et impartiale des marchandises, garantissant qu&#039;elles r\u00e9pondent aux normes de qualit\u00e9 et de conformit\u00e9 les plus \u00e9lev\u00e9es.<\/p><p>Cet engagement \u00e0 r\u00e9pondre aux besoins sp\u00e9cifiques des clients d\u00e9montre notre engagement \u00e0 assurer la satisfaction du client et \u00e0 maintenir des normes \u00e9lev\u00e9es en mati\u00e8re de qualit\u00e9 des produits.<\/p>\t\t\t\t\t\t\t\t<\/div>\n\t\t\t\t<\/div>\n\t\t\t\t\t<\/div>\n\t\t<\/div>\n\t\t\t\t\t<\/div>\n\t\t<\/section>\n\t\t\t\t<section class=\"elementor-section elementor-top-section elementor-element elementor-element-b6b7569 elementor-section-boxed elementor-section-height-default elementor-section-height-default\" data-id=\"b6b7569\" data-element_type=\"section\" data-e-type=\"section\" data-settings=\"{&quot;background_background&quot;:&quot;classic&quot;}\">\n\t\t\t\t\t\t<div class=\"elementor-container elementor-column-gap-default\">\n\t\t\t\t\t<div class=\"elementor-column elementor-col-100 elementor-top-column elementor-element elementor-element-05695ab\" data-id=\"05695ab\" data-element_type=\"column\" data-e-type=\"column\">\n\t\t\t<div class=\"elementor-widget-wrap elementor-element-populated\">\n\t\t\t\t\t\t<div class=\"elementor-element elementor-element-067e0de elementor-widget elementor-widget-heading\" data-id=\"067e0de\" data-element_type=\"widget\" data-e-type=\"widget\" data-widget_type=\"heading.default\">\n\t\t\t\t<div class=\"elementor-widget-container\">\n\t\t\t\t\t<h2 class=\"elementor-heading-title elementor-size-default\">Processus d&#039;inspection dans la promotion de ITS<\/h2>\t\t\t\t<\/div>\n\t\t\t\t<\/div>\n\t\t\t\t\t<\/div>\n\t\t<\/div>\n\t\t\t\t\t<\/div>\n\t\t<\/section>\n\t\t\t\t<section class=\"elementor-section elementor-top-section elementor-element elementor-element-7dfe94d elementor-section-boxed elementor-section-height-default elementor-section-height-default\" data-id=\"7dfe94d\" data-element_type=\"section\" data-e-type=\"section\">\n\t\t\t\t\t\t<div class=\"elementor-container elementor-column-gap-default\">\n\t\t\t\t\t<div class=\"elementor-column elementor-col-100 elementor-top-column elementor-element elementor-element-d24556c\" data-id=\"d24556c\" data-element_type=\"column\" data-e-type=\"column\">\n\t\t\t<div class=\"elementor-widget-wrap elementor-element-populated\">\n\t\t\t\t\t\t<section class=\"elementor-section elementor-inner-section elementor-element elementor-element-cb7dd6c elementor-section-boxed elementor-section-height-default elementor-section-height-default\" data-id=\"cb7dd6c\" data-element_type=\"section\" data-e-type=\"section\">\n\t\t\t\t\t\t<div class=\"elementor-container elementor-column-gap-default\">\n\t\t\t\t\t<div class=\"elementor-column elementor-col-50 elementor-inner-column elementor-element elementor-element-0eac102\" data-id=\"0eac102\" data-element_type=\"column\" data-e-type=\"column\">\n\t\t\t<div class=\"elementor-widget-wrap elementor-element-populated\">\n\t\t\t\t\t\t<div class=\"elementor-element elementor-element-a0387ac elementor-widget elementor-widget-heading\" data-id=\"a0387ac\" data-element_type=\"widget\" data-e-type=\"widget\" data-widget_type=\"heading.default\">\n\t\t\t\t<div class=\"elementor-widget-container\">\n\t\t\t\t\t<h2 class=\"elementor-heading-title elementor-size-default\">Inspection pendant le processus de production<\/h2>\t\t\t\t<\/div>\n\t\t\t\t<\/div>\n\t\t\t\t<div class=\"elementor-element elementor-element-3ea0912 elementor-widget elementor-widget-text-editor\" data-id=\"3ea0912\" data-element_type=\"widget\" data-e-type=\"widget\" data-widget_type=\"text-editor.default\">\n\t\t\t\t<div class=\"elementor-widget-container\">\n\t\t\t\t\t\t\t\t\t<p>\u00a0Nous effectuons des inspections en ligne pendant la fabrication de vos produits. Cette approche proactive nous permet d&#039;identifier et de r\u00e9soudre tout probl\u00e8me de qualit\u00e9 d\u00e8s le d\u00e9but du cycle de production, garantissant ainsi que les produits finaux r\u00e9pondent \u00e0 vos normes et sp\u00e9cifications.<\/p><p>Cette \u00e9tape est cruciale pour maintenir le contr\u00f4le qualit\u00e9 et minimiser le risque de d\u00e9fauts dans le lot termin\u00e9.<\/p>\t\t\t\t\t\t\t\t<\/div>\n\t\t\t\t<\/div>\n\t\t\t\t\t<\/div>\n\t\t<\/div>\n\t\t\t\t<div class=\"elementor-column elementor-col-50 elementor-inner-column elementor-element elementor-element-1faa9b8\" data-id=\"1faa9b8\" data-element_type=\"column\" data-e-type=\"column\">\n\t\t\t<div class=\"elementor-widget-wrap elementor-element-populated\">\n\t\t\t\t\t\t<div class=\"elementor-element elementor-element-b93d2e8 elementor-widget elementor-widget-image\" data-id=\"b93d2e8\" data-element_type=\"widget\" data-e-type=\"widget\" data-widget_type=\"image.default\">\n\t\t\t\t<div class=\"elementor-widget-container\">\n\t\t\t\t\t\t\t\t\t\t\t\t\t\t\t<img fetchpriority=\"high\" decoding=\"async\" width=\"800\" height=\"534\" src=\"https:\/\/itspromotion.com\/wp-content\/uploads\/2023\/12\/Inspection-During-Production-Process-1024x684.webp\" class=\"attachment-large size-large wp-image-489\" alt=\"Inspection pendant le processus de production\" srcset=\"https:\/\/itspromotion.com\/wp-content\/uploads\/2023\/12\/Inspection-During-Production-Process-1024x684.webp 1024w, https:\/\/itspromotion.com\/wp-content\/uploads\/2023\/12\/Inspection-During-Production-Process-300x200.webp 300w, https:\/\/itspromotion.com\/wp-content\/uploads\/2023\/12\/Inspection-During-Production-Process-768x513.webp 768w, https:\/\/itspromotion.com\/wp-content\/uploads\/2023\/12\/Inspection-During-Production-Process-1536x1026.webp 1536w, https:\/\/itspromotion.com\/wp-content\/uploads\/2023\/12\/Inspection-During-Production-Process.webp 1920w\" sizes=\"(max-width: 800px) 100vw, 800px\" \/>\t\t\t\t\t\t\t\t\t\t\t\t\t\t\t<\/div>\n\t\t\t\t<\/div>\n\t\t\t\t\t<\/div>\n\t\t<\/div>\n\t\t\t\t\t<\/div>\n\t\t<\/section>\n\t\t\t\t<section class=\"elementor-section elementor-inner-section elementor-element elementor-element-1a6ba80 elementor-section-boxed elementor-section-height-default elementor-section-height-default\" data-id=\"1a6ba80\" data-element_type=\"section\" data-e-type=\"section\">\n\t\t\t\t\t\t<div class=\"elementor-container elementor-column-gap-default\">\n\t\t\t\t\t<div class=\"elementor-column elementor-col-50 elementor-inner-column elementor-element elementor-element-c0da9a3\" data-id=\"c0da9a3\" data-element_type=\"column\" data-e-type=\"column\">\n\t\t\t<div class=\"elementor-widget-wrap elementor-element-populated\">\n\t\t\t\t\t\t<div class=\"elementor-element elementor-element-03f2a23 elementor-widget elementor-widget-image\" data-id=\"03f2a23\" data-element_type=\"widget\" data-e-type=\"widget\" data-widget_type=\"image.default\">\n\t\t\t\t<div class=\"elementor-widget-container\">\n\t\t\t\t\t\t\t\t\t\t\t\t\t\t\t<img decoding=\"async\" width=\"800\" height=\"534\" src=\"https:\/\/itspromotion.com\/wp-content\/uploads\/2023\/12\/Final-Quality-Inspection-1024x684.webp\" class=\"attachment-large size-large wp-image-490\" alt=\"Inspection de qualit\u00e9 finale\" srcset=\"https:\/\/itspromotion.com\/wp-content\/uploads\/2023\/12\/Final-Quality-Inspection-1024x684.webp 1024w, https:\/\/itspromotion.com\/wp-content\/uploads\/2023\/12\/Final-Quality-Inspection-300x200.webp 300w, https:\/\/itspromotion.com\/wp-content\/uploads\/2023\/12\/Final-Quality-Inspection-768x513.webp 768w, https:\/\/itspromotion.com\/wp-content\/uploads\/2023\/12\/Final-Quality-Inspection-1536x1026.webp 1536w, https:\/\/itspromotion.com\/wp-content\/uploads\/2023\/12\/Final-Quality-Inspection.webp 1920w\" sizes=\"(max-width: 800px) 100vw, 800px\" \/>\t\t\t\t\t\t\t\t\t\t\t\t\t\t\t<\/div>\n\t\t\t\t<\/div>\n\t\t\t\t\t<\/div>\n\t\t<\/div>\n\t\t\t\t<div class=\"elementor-column elementor-col-50 elementor-inner-column elementor-element elementor-element-1e63cf4\" data-id=\"1e63cf4\" data-element_type=\"column\" data-e-type=\"column\">\n\t\t\t<div class=\"elementor-widget-wrap elementor-element-populated\">\n\t\t\t\t\t\t<div class=\"elementor-element elementor-element-d4b13fa elementor-widget elementor-widget-heading\" data-id=\"d4b13fa\" data-element_type=\"widget\" data-e-type=\"widget\" data-widget_type=\"heading.default\">\n\t\t\t\t<div class=\"elementor-widget-container\">\n\t\t\t\t\t<h2 class=\"elementor-heading-title elementor-size-default\">Inspection de qualit\u00e9 finale<\/h2>\t\t\t\t<\/div>\n\t\t\t\t<\/div>\n\t\t\t\t<div class=\"elementor-element elementor-element-0486899 elementor-widget elementor-widget-text-editor\" data-id=\"0486899\" data-element_type=\"widget\" data-e-type=\"widget\" data-widget_type=\"text-editor.default\">\n\t\t\t\t<div class=\"elementor-widget-container\">\n\t\t\t\t\t\t\t\t\t<p>Une fois la production termin\u00e9e, nous effectuons une inspection finale approfondie de vos produits. Cette \u00e9tape critique implique une v\u00e9rification d\u00e9taill\u00e9e de l\u2019ensemble du lot pour garantir que chaque article r\u00e9pond aux normes et sp\u00e9cifications de qualit\u00e9 pr\u00e9d\u00e9termin\u00e9es.<\/p><p>Cet examen final est essentiel pour garantir que les produits sont pr\u00eats \u00e0 \u00eatre exp\u00e9di\u00e9s et correspondent \u00e0 vos attentes, garantissant ainsi une totale satisfaction.<\/p>\t\t\t\t\t\t\t\t<\/div>\n\t\t\t\t<\/div>\n\t\t\t\t\t<\/div>\n\t\t<\/div>\n\t\t\t\t\t<\/div>\n\t\t<\/section>\n\t\t\t\t\t<\/div>\n\t\t<\/div>\n\t\t\t\t\t<\/div>\n\t\t<\/section>\n\t\t\t\t<section class=\"elementor-section elementor-top-section elementor-element elementor-element-ebd1394 elementor-section-boxed elementor-section-height-default elementor-section-height-default\" data-id=\"ebd1394\" data-element_type=\"section\" data-e-type=\"section\" data-settings=\"{&quot;background_background&quot;:&quot;classic&quot;}\">\n\t\t\t\t\t\t<div class=\"elementor-container elementor-column-gap-default\">\n\t\t\t\t\t<div class=\"elementor-column elementor-col-50 elementor-top-column elementor-element elementor-element-63fb13d\" data-id=\"63fb13d\" data-element_type=\"column\" data-e-type=\"column\">\n\t\t\t<div class=\"elementor-widget-wrap elementor-element-populated\">\n\t\t\t\t\t\t<div class=\"elementor-element elementor-element-18d8dd2 elementor-widget elementor-widget-heading\" data-id=\"18d8dd2\" data-element_type=\"widget\" data-e-type=\"widget\" data-widget_type=\"heading.default\">\n\t\t\t\t<div class=\"elementor-widget-container\">\n\t\t\t\t\t<h2 class=\"elementor-heading-title elementor-size-default\">Passez \u00e0 l&#039;\u00e9tape suivante dans la rationalisation de votre entreprise d\u00e8s aujourd&#039;hui\u00a0! <\/h2>\t\t\t\t<\/div>\n\t\t\t\t<\/div>\n\t\t\t\t\t<\/div>\n\t\t<\/div>\n\t\t\t\t<div class=\"elementor-column elementor-col-50 elementor-top-column elementor-element elementor-element-7f596c4\" data-id=\"7f596c4\" data-element_type=\"column\" data-e-type=\"column\">\n\t\t\t<div class=\"elementor-widget-wrap elementor-element-populated\">\n\t\t\t\t\t\t<div class=\"elementor-element elementor-element-61693be elementor-align-left elementor-mobile-align-center elementor-invisible elementor-widget elementor-widget-button\" data-id=\"61693be\" data-element_type=\"widget\" data-e-type=\"widget\" data-settings=\"{&quot;_animation&quot;:&quot;fadeInUp&quot;}\" data-widget_type=\"button.default\">\n\t\t\t\t<div class=\"elementor-widget-container\">\n\t\t\t\t\t\t\t\t\t<div class=\"elementor-button-wrapper\">\n\t\t\t\t\t<a class=\"elementor-button elementor-button-link elementor-size-sm\" href=\"https:\/\/itspromotion.com\/fr\/contact-us\/\">\n\t\t\t\t\t\t<span class=\"elementor-button-content-wrapper\">\n\t\t\t\t\t\t\t\t\t<span class=\"elementor-button-text\">Commencer<\/span>\n\t\t\t\t\t<\/span>\n\t\t\t\t\t<\/a>\n\t\t\t\t<\/div>\n\t\t\t\t\t\t\t\t<\/div>\n\t\t\t\t<\/div>\n\t\t\t\t\t<\/div>\n\t\t<\/div>\n\t\t\t\t\t<\/div>\n\t\t<\/section>\n\t\t\t\t<\/div>","protected":false},"excerpt":{"rendered":"<p>Contr\u00f4le de qualit\u00e9 Nous nous engageons \u00e0 garantir les normes de qualit\u00e9 les plus \u00e9lev\u00e9es pour chaque produit. Notre processus de contr\u00f4le qualit\u00e9 implique des inspections m\u00e9ticuleuses \u00e0 diff\u00e9rentes \u00e9tapes de la production, garantissant que chaque article r\u00e9pond \u00e0 vos sp\u00e9cifications et \u00e0 vos attentes en mati\u00e8re de qualit\u00e9 avant qu&#039;il ne vous parvienne. Demandez un devis Nous proposons deux options d&#039;inspection des produits. Par ITS Promotion ITS [\u2026]<\/p>","protected":false},"author":1,"featured_media":0,"parent":0,"menu_order":0,"comment_status":"closed","ping_status":"closed","template":"","meta":{"footnotes":""},"class_list":["post-263","page","type-page","status-publish","hentry"],"_links":{"self":[{"href":"https:\/\/itspromotion.com\/fr\/wp-json\/wp\/v2\/pages\/263"}],"collection":[{"href":"https:\/\/itspromotion.com\/fr\/wp-json\/wp\/v2\/pages"}],"about":[{"href":"https:\/\/itspromotion.com\/fr\/wp-json\/wp\/v2\/types\/page"}],"author":[{"embeddable":true,"href":"https:\/\/itspromotion.com\/fr\/wp-json\/wp\/v2\/users\/1"}],"replies":[{"embeddable":true,"href":"https:\/\/itspromotion.com\/fr\/wp-json\/wp\/v2\/comments?post=263"}],"version-history":[{"count":25,"href":"https:\/\/itspromotion.com\/fr\/wp-json\/wp\/v2\/pages\/263\/revisions"}],"predecessor-version":[{"id":604,"href":"https:\/\/itspromotion.com\/fr\/wp-json\/wp\/v2\/pages\/263\/revisions\/604"}],"wp:attachment":[{"href":"https:\/\/itspromotion.com\/fr\/wp-json\/wp\/v2\/media?parent=263"}],"curies":[{"name":"wp","href":"https:\/\/api.w.org\/{rel}","templated":true}]}}