{"id":261,"date":"2023-12-13T12:32:15","date_gmt":"2023-12-13T12:32:15","guid":{"rendered":"https:\/\/itspromotion.com\/?page_id=261"},"modified":"2023-12-16T08:09:05","modified_gmt":"2023-12-16T08:09:05","slug":"factory-audit","status":"publish","type":"page","link":"https:\/\/itspromotion.com\/fr\/factory-audit\/","title":{"rendered":"Audit d&#039;usine"},"content":{"rendered":"<div data-elementor-type=\"wp-page\" data-elementor-id=\"261\" class=\"elementor elementor-261\" data-elementor-post-type=\"page\">\n\t\t\t\t\t\t<section class=\"elementor-section elementor-top-section elementor-element elementor-element-6c848c3 elementor-section-height-min-height elementor-section-boxed elementor-section-height-default elementor-section-items-middle\" data-id=\"6c848c3\" data-element_type=\"section\" data-e-type=\"section\" data-settings=\"{&quot;background_background&quot;:&quot;classic&quot;}\">\n\t\t\t\t\t\t\t<div class=\"elementor-background-overlay\"><\/div>\n\t\t\t\t\t\t\t<div class=\"elementor-container elementor-column-gap-default\">\n\t\t\t\t\t<div class=\"elementor-column elementor-col-100 elementor-top-column elementor-element elementor-element-7b7c14a\" data-id=\"7b7c14a\" data-element_type=\"column\" data-e-type=\"column\">\n\t\t\t<div class=\"elementor-widget-wrap elementor-element-populated\">\n\t\t\t\t\t\t<div class=\"elementor-element elementor-element-cdea6fb elementor-widget elementor-widget-heading\" data-id=\"cdea6fb\" data-element_type=\"widget\" data-e-type=\"widget\" data-widget_type=\"heading.default\">\n\t\t\t\t<div class=\"elementor-widget-container\">\n\t\t\t\t\t<h2 class=\"elementor-heading-title elementor-size-default\">Services d&#039;audit d&#039;usine<\/h2>\t\t\t\t<\/div>\n\t\t\t\t<\/div>\n\t\t\t\t<div class=\"elementor-element elementor-element-780c1b9 elementor-widget elementor-widget-text-editor\" data-id=\"780c1b9\" data-element_type=\"widget\" data-e-type=\"widget\" data-widget_type=\"text-editor.default\">\n\t\t\t\t<div class=\"elementor-widget-container\">\n\t\t\t\t\t\t\t\t\t<p>Nous effectuons des audits complets des usines pour \u00e9valuer leurs capacit\u00e9s de fabrication, leurs syst\u00e8mes de contr\u00f4le qualit\u00e9 et leurs normes op\u00e9rationnelles globales. Ce processus comprend des \u00e9valuations sur site, l&#039;examen des processus de production, la v\u00e9rification de la conformit\u00e9 aux normes de l&#039;industrie et la garantie de pratiques \u00e9thiques. Nos audits d&#039;usine vous fournissent un rapport d\u00e9taill\u00e9 sur la fiabilit\u00e9 de l&#039;usine et son ad\u00e9quation \u00e0 vos besoins de fabrication, vous garantissant ainsi de prendre des d\u00e9cisions \u00e9clair\u00e9es concernant vos partenaires de production.<\/p>\t\t\t\t\t\t\t\t<\/div>\n\t\t\t\t<\/div>\n\t\t\t\t<div class=\"elementor-element elementor-element-7032db8 elementor-align-center elementor-invisible elementor-widget elementor-widget-button\" data-id=\"7032db8\" data-element_type=\"widget\" data-e-type=\"widget\" data-settings=\"{&quot;_animation&quot;:&quot;fadeInUp&quot;}\" data-widget_type=\"button.default\">\n\t\t\t\t<div class=\"elementor-widget-container\">\n\t\t\t\t\t\t\t\t\t<div class=\"elementor-button-wrapper\">\n\t\t\t\t\t<a class=\"elementor-button elementor-button-link elementor-size-sm\" href=\"https:\/\/itspromotion.com\/fr\/contact-us\/\">\n\t\t\t\t\t\t<span class=\"elementor-button-content-wrapper\">\n\t\t\t\t\t\t\t\t\t<span class=\"elementor-button-text\">Demandez un devis<\/span>\n\t\t\t\t\t<\/span>\n\t\t\t\t\t<\/a>\n\t\t\t\t<\/div>\n\t\t\t\t\t\t\t\t<\/div>\n\t\t\t\t<\/div>\n\t\t\t\t\t<\/div>\n\t\t<\/div>\n\t\t\t\t\t<\/div>\n\t\t<\/section>\n\t\t\t\t<section class=\"elementor-section elementor-top-section elementor-element elementor-element-8c64653 elementor-section-boxed elementor-section-height-default elementor-section-height-default\" data-id=\"8c64653\" data-element_type=\"section\" data-e-type=\"section\">\n\t\t\t\t\t\t<div class=\"elementor-container elementor-column-gap-default\">\n\t\t\t\t\t<div class=\"elementor-column elementor-col-100 elementor-top-column elementor-element elementor-element-1200d21\" data-id=\"1200d21\" data-element_type=\"column\" data-e-type=\"column\">\n\t\t\t<div class=\"elementor-widget-wrap elementor-element-populated\">\n\t\t\t\t\t\t<div class=\"elementor-element elementor-element-bf8181e elementor-widget elementor-widget-heading\" data-id=\"bf8181e\" data-element_type=\"widget\" data-e-type=\"widget\" data-widget_type=\"heading.default\">\n\t\t\t\t<div class=\"elementor-widget-container\">\n\t\t\t\t\t<h2 class=\"elementor-heading-title elementor-size-default\">D\u00e9marrer l&#039;audit d&#039;usine<\/h2>\t\t\t\t<\/div>\n\t\t\t\t<\/div>\n\t\t\t\t\t<\/div>\n\t\t<\/div>\n\t\t\t\t\t<\/div>\n\t\t<\/section>\n\t\t\t\t<section class=\"elementor-section elementor-top-section elementor-element elementor-element-a77056e elementor-section-boxed elementor-section-height-default elementor-section-height-default\" data-id=\"a77056e\" data-element_type=\"section\" data-e-type=\"section\">\n\t\t\t\t\t\t<div class=\"elementor-container elementor-column-gap-default\">\n\t\t\t\t\t<div class=\"elementor-column elementor-col-50 elementor-top-column elementor-element elementor-element-a635cb8\" data-id=\"a635cb8\" data-element_type=\"column\" data-e-type=\"column\">\n\t\t\t<div class=\"elementor-widget-wrap elementor-element-populated\">\n\t\t\t\t\t\t<div class=\"elementor-element elementor-element-0697170 elementor-widget elementor-widget-heading\" data-id=\"0697170\" data-element_type=\"widget\" data-e-type=\"widget\" data-widget_type=\"heading.default\">\n\t\t\t\t<div class=\"elementor-widget-container\">\n\t\t\t\t\t<h2 class=\"elementor-heading-title elementor-size-default\">Par ITS Promotion<\/h2>\t\t\t\t<\/div>\n\t\t\t\t<\/div>\n\t\t\t\t<div class=\"elementor-element elementor-element-daee39f elementor-widget elementor-widget-text-editor\" data-id=\"daee39f\" data-element_type=\"widget\" data-e-type=\"widget\" data-widget_type=\"text-editor.default\">\n\t\t\t\t<div class=\"elementor-widget-container\">\n\t\t\t\t\t\t\t\t\t<p>ITS Promotion fournit des services complets d\u2019audit d\u2019usine. Notre \u00e9quipe effectue des \u00e9valuations et des inspections approfondies des installations de fabrication pour s\u2019assurer qu\u2019elles respectent des normes et crit\u00e8res sp\u00e9cifiques.<\/p><p>Cela comprend l&#039;\u00e9valuation de domaines tels que le contr\u00f4le qualit\u00e9, la conformit\u00e9 aux r\u00e9glementations de l&#039;industrie, les conditions de travail et l&#039;impact environnemental.<\/p><p>Dans le cadre de notre engagement envers l&#039;excellence, nous veillons \u00e0 ce que les processus de fabrication de nos cadeaux personnalis\u00e9s r\u00e9pondent aux plus hauts standards de qualit\u00e9 et de pratiques \u00e9thiques, offrant ainsi une tranquillit\u00e9 d&#039;esprit \u00e0 nos clients soucieux de l&#039;int\u00e9grit\u00e9 et de la qualit\u00e9 de leurs produits.<\/p><p>S&#039;il te pla\u00eet <a href=\"https:\/\/itspromotion.com\/fr\/contact-us\/\">v\u00e9rifiez avec nous<\/a> pour plus de d\u00e9tails.<\/p>\t\t\t\t\t\t\t\t<\/div>\n\t\t\t\t<\/div>\n\t\t\t\t\t<\/div>\n\t\t<\/div>\n\t\t\t\t<div class=\"elementor-column elementor-col-50 elementor-top-column elementor-element elementor-element-38d62d8\" data-id=\"38d62d8\" data-element_type=\"column\" data-e-type=\"column\">\n\t\t\t<div class=\"elementor-widget-wrap elementor-element-populated\">\n\t\t\t\t\t\t<div class=\"elementor-element elementor-element-17d3c45 elementor-widget elementor-widget-heading\" data-id=\"17d3c45\" data-element_type=\"widget\" data-e-type=\"widget\" data-widget_type=\"heading.default\">\n\t\t\t\t<div class=\"elementor-widget-container\">\n\t\t\t\t\t<h2 class=\"elementor-heading-title elementor-size-default\">Par la soci\u00e9t\u00e9 d\u2019inspection tierce<\/h2>\t\t\t\t<\/div>\n\t\t\t\t<\/div>\n\t\t\t\t<div class=\"elementor-element elementor-element-33432a3 elementor-widget elementor-widget-text-editor\" data-id=\"33432a3\" data-element_type=\"widget\" data-e-type=\"widget\" data-widget_type=\"text-editor.default\">\n\t\t\t\t<div class=\"elementor-widget-container\">\n\t\t\t\t\t\t\t\t\t<p>Nous offrons \u00e9galement la possibilit\u00e9 de recommander des soci\u00e9t\u00e9s d\u2019inspection tierces pour effectuer des services d\u2019audit d\u2019usine.<\/p><p>Travaillant en collaboration avec ces firmes sp\u00e9cialis\u00e9es, nous assurons une \u00e9valuation compl\u00e8te et minutieuse des installations de fabrication. Ces auditeurs tiers sont des experts dans l&#039;\u00e9valuation de divers aspects du processus de production, notamment le contr\u00f4le de la qualit\u00e9, la conformit\u00e9 aux normes industrielles et l\u00e9gales, les conditions de travail et l&#039;impact environnemental.<\/p><p>Ce service est crucial pour maintenir l&#039;int\u00e9grit\u00e9 de la cha\u00eene d&#039;approvisionnement et maintenir la r\u00e9putation de la marque sur le march\u00e9 concurrentiel d&#039;aujourd&#039;hui.<\/p><p>S&#039;il te pla\u00eet <a href=\"https:\/\/itspromotion.com\/fr\/contact-us\/\">v\u00e9rifiez avec nous<\/a> pour plus de d\u00e9tails.<\/p>\t\t\t\t\t\t\t\t<\/div>\n\t\t\t\t<\/div>\n\t\t\t\t\t<\/div>\n\t\t<\/div>\n\t\t\t\t\t<\/div>\n\t\t<\/section>\n\t\t\t\t<section class=\"elementor-section elementor-top-section elementor-element elementor-element-233383c elementor-section-boxed elementor-section-height-default elementor-section-height-default\" data-id=\"233383c\" data-element_type=\"section\" data-e-type=\"section\">\n\t\t\t\t\t\t<div class=\"elementor-container elementor-column-gap-default\">\n\t\t\t\t\t<div class=\"elementor-column elementor-col-100 elementor-top-column elementor-element elementor-element-9472f9e\" data-id=\"9472f9e\" data-element_type=\"column\" data-e-type=\"column\">\n\t\t\t<div class=\"elementor-widget-wrap elementor-element-populated\">\n\t\t\t\t\t\t<div class=\"elementor-element elementor-element-df58829 elementor-widget elementor-widget-heading\" data-id=\"df58829\" data-element_type=\"widget\" data-e-type=\"widget\" data-widget_type=\"heading.default\">\n\t\t\t\t<div class=\"elementor-widget-container\">\n\t\t\t\t\t<h2 class=\"elementor-heading-title elementor-size-default\">L&#039;ensemble du processus d&#039;audit d&#039;usine<\/h2>\t\t\t\t<\/div>\n\t\t\t\t<\/div>\n\t\t\t\t\t<\/div>\n\t\t<\/div>\n\t\t\t\t\t<\/div>\n\t\t<\/section>\n\t\t\t\t<section class=\"elementor-section elementor-top-section elementor-element elementor-element-2090c08 elementor-section-boxed elementor-section-height-default elementor-section-height-default\" data-id=\"2090c08\" data-element_type=\"section\" data-e-type=\"section\">\n\t\t\t\t\t\t<div class=\"elementor-container elementor-column-gap-default\">\n\t\t\t\t\t<div class=\"elementor-column elementor-col-100 elementor-top-column elementor-element elementor-element-fd65313\" data-id=\"fd65313\" data-element_type=\"column\" data-e-type=\"column\">\n\t\t\t<div class=\"elementor-widget-wrap elementor-element-populated\">\n\t\t\t\t\t\t<section class=\"elementor-section elementor-inner-section elementor-element elementor-element-cd27592 elementor-section-boxed elementor-section-height-default elementor-section-height-default\" data-id=\"cd27592\" data-element_type=\"section\" data-e-type=\"section\">\n\t\t\t\t\t\t<div class=\"elementor-container elementor-column-gap-default\">\n\t\t\t\t\t<div class=\"elementor-column elementor-col-100 elementor-inner-column elementor-element elementor-element-3938c39\" data-id=\"3938c39\" data-element_type=\"column\" data-e-type=\"column\">\n\t\t\t<div class=\"elementor-widget-wrap elementor-element-populated\">\n\t\t\t\t\t\t<div class=\"elementor-element elementor-element-aa35e4b elementor-widget elementor-widget-icon-box\" data-id=\"aa35e4b\" data-element_type=\"widget\" data-e-type=\"widget\" data-widget_type=\"icon-box.default\">\n\t\t\t\t<div class=\"elementor-widget-container\">\n\t\t\t\t\t\t\t<div class=\"elementor-icon-box-wrapper\">\n\n\t\t\t\n\t\t\t\t\t\t<div class=\"elementor-icon-box-content\">\n\n\t\t\t\t\t\t\t\t\t<h3 class=\"elementor-icon-box-title\">\n\t\t\t\t\t\t<span  >\n\t\t\t\t\t\t\t\u00c9valuation initiale\t\t\t\t\t\t<\/span>\n\t\t\t\t\t<\/h3>\n\t\t\t\t\n\t\t\t\t\t\t\t\t\t<p class=\"elementor-icon-box-description\">\n\t\t\t\t\t\tNous commen\u00e7ons par un premier examen des certifications, de l\u2019histoire et de la r\u00e9putation de l\u2019usine dans l\u2019industrie. Cette \u00e9tape pr\u00e9liminaire nous aide \u00e0 comprendre leurs capacit\u00e9s et normes de base.\t\t\t\t\t<\/p>\n\t\t\t\t\n\t\t\t<\/div>\n\t\t\t\n\t\t<\/div>\n\t\t\t\t\t\t<\/div>\n\t\t\t\t<\/div>\n\t\t\t\t<div class=\"elementor-element elementor-element-4647d1e elementor-widget elementor-widget-icon-box\" data-id=\"4647d1e\" data-element_type=\"widget\" data-e-type=\"widget\" data-widget_type=\"icon-box.default\">\n\t\t\t\t<div class=\"elementor-widget-container\">\n\t\t\t\t\t\t\t<div class=\"elementor-icon-box-wrapper\">\n\n\t\t\t\n\t\t\t\t\t\t<div class=\"elementor-icon-box-content\">\n\n\t\t\t\t\t\t\t\t\t<h3 class=\"elementor-icon-box-title\">\n\t\t\t\t\t\t<span  >\n\t\t\t\t\t\t\tInspection sur place\t\t\t\t\t\t<\/span>\n\t\t\t\t\t<\/h3>\n\t\t\t\t\n\t\t\t\t\t\t\t\t\t<p class=\"elementor-icon-box-description\">\n\t\t\t\t\t\tNotre \u00e9quipe effectue une visite approfondie sur place de l\u2019usine. Au cours de cette inspection, nous \u00e9valuons les installations de production, les machines, la main-d&#039;\u0153uvre et les flux de travail op\u00e9rationnels. Cela nous donne une image claire de la capacit\u00e9 de production et de l\u2019efficacit\u00e9 de l\u2019usine.\t\t\t\t\t<\/p>\n\t\t\t\t\n\t\t\t<\/div>\n\t\t\t\n\t\t<\/div>\n\t\t\t\t\t\t<\/div>\n\t\t\t\t<\/div>\n\t\t\t\t<div class=\"elementor-element elementor-element-dee33e7 elementor-widget elementor-widget-icon-box\" data-id=\"dee33e7\" data-element_type=\"widget\" data-e-type=\"widget\" data-widget_type=\"icon-box.default\">\n\t\t\t\t<div class=\"elementor-widget-container\">\n\t\t\t\t\t\t\t<div class=\"elementor-icon-box-wrapper\">\n\n\t\t\t\n\t\t\t\t\t\t<div class=\"elementor-icon-box-content\">\n\n\t\t\t\t\t\t\t\t\t<h3 class=\"elementor-icon-box-title\">\n\t\t\t\t\t\t<span  >\n\t\t\t\t\t\t\tV\u00e9rification des syst\u00e8mes de contr\u00f4le de la qualit\u00e9\t\t\t\t\t\t<\/span>\n\t\t\t\t\t<\/h3>\n\t\t\t\t\n\t\t\t\t\t\t\t\t\t<p class=\"elementor-icon-box-description\">\n\t\t\t\t\t\tNous \u00e9valuons les mesures de contr\u00f4le qualit\u00e9 de l&#039;usine, y compris leur processus d&#039;inspection des mati\u00e8res premi\u00e8res, des articles en cours de fabrication et des produits finaux. Cela garantit qu\u2019ils adh\u00e8rent aux normes de qualit\u00e9 les plus \u00e9lev\u00e9es.\t\t\t\t\t<\/p>\n\t\t\t\t\n\t\t\t<\/div>\n\t\t\t\n\t\t<\/div>\n\t\t\t\t\t\t<\/div>\n\t\t\t\t<\/div>\n\t\t\t\t<div class=\"elementor-element elementor-element-eee36c6 elementor-widget elementor-widget-icon-box\" data-id=\"eee36c6\" data-element_type=\"widget\" data-e-type=\"widget\" data-widget_type=\"icon-box.default\">\n\t\t\t\t<div class=\"elementor-widget-container\">\n\t\t\t\t\t\t\t<div class=\"elementor-icon-box-wrapper\">\n\n\t\t\t\n\t\t\t\t\t\t<div class=\"elementor-icon-box-content\">\n\n\t\t\t\t\t\t\t\t\t<h3 class=\"elementor-icon-box-title\">\n\t\t\t\t\t\t<span  >\n\t\t\t\t\t\t\tV\u00e9rification de la conformit\u00e9\t\t\t\t\t\t<\/span>\n\t\t\t\t\t<\/h3>\n\t\t\t\t\n\t\t\t\t\t\t\t\t\t<p class=\"elementor-icon-box-description\">\n\t\t\t\t\t\tNous v\u00e9rifions la conformit\u00e9 aux normes et r\u00e9glementations pertinentes de l\u2019industrie, y compris les lois du travail, les politiques environnementales et les protocoles de s\u00e9curit\u00e9. Cette \u00e9tape est cruciale pour garantir des pratiques de fabrication \u00e9thiques et l\u00e9gales.\t\t\t\t\t<\/p>\n\t\t\t\t\n\t\t\t<\/div>\n\t\t\t\n\t\t<\/div>\n\t\t\t\t\t\t<\/div>\n\t\t\t\t<\/div>\n\t\t\t\t<div class=\"elementor-element elementor-element-e166992 elementor-widget elementor-widget-icon-box\" data-id=\"e166992\" data-element_type=\"widget\" data-e-type=\"widget\" data-widget_type=\"icon-box.default\">\n\t\t\t\t<div class=\"elementor-widget-container\">\n\t\t\t\t\t\t\t<div class=\"elementor-icon-box-wrapper\">\n\n\t\t\t\n\t\t\t\t\t\t<div class=\"elementor-icon-box-content\">\n\n\t\t\t\t\t\t\t\t\t<h3 class=\"elementor-icon-box-title\">\n\t\t\t\t\t\t<span  >\n\t\t\t\t\t\t\tExamen de la cha\u00eene d&#039;approvisionnement\t\t\t\t\t\t<\/span>\n\t\t\t\t\t<\/h3>\n\t\t\t\t\n\t\t\t\t\t\t\t\t\t<p class=\"elementor-icon-box-description\">\n\t\t\t\t\t\tNotre audit comprend un examen de la gestion de la cha\u00eene d&#039;approvisionnement de l&#039;usine pour garantir la fiabilit\u00e9 et l&#039;efficacit\u00e9 de l&#039;approvisionnement en mat\u00e9riaux et de la gestion des stocks.\t\t\t\t\t<\/p>\n\t\t\t\t\n\t\t\t<\/div>\n\t\t\t\n\t\t<\/div>\n\t\t\t\t\t\t<\/div>\n\t\t\t\t<\/div>\n\t\t\t\t<div class=\"elementor-element elementor-element-21b3bbc elementor-widget elementor-widget-icon-box\" data-id=\"21b3bbc\" data-element_type=\"widget\" data-e-type=\"widget\" data-widget_type=\"icon-box.default\">\n\t\t\t\t<div class=\"elementor-widget-container\">\n\t\t\t\t\t\t\t<div class=\"elementor-icon-box-wrapper\">\n\n\t\t\t\n\t\t\t\t\t\t<div class=\"elementor-icon-box-content\">\n\n\t\t\t\t\t\t\t\t\t<h3 class=\"elementor-icon-box-title\">\n\t\t\t\t\t\t<span  >\n\t\t\t\t\t\t\tRapport final\t\t\t\t\t\t<\/span>\n\t\t\t\t\t<\/h3>\n\t\t\t\t\n\t\t\t\t\t\t\t\t\t<p class=\"elementor-icon-box-description\">\n\t\t\t\t\t\tApr\u00e8s l\u2019audit, nous r\u00e9digeons un rapport complet d\u00e9taillant nos conclusions, y compris les risques potentiels ou les domaines \u00e0 am\u00e9liorer. Ce rapport vous aide \u00e0 prendre une d\u00e9cision \u00e9clair\u00e9e concernant un partenariat avec l&#039;usine.\t\t\t\t\t<\/p>\n\t\t\t\t\n\t\t\t<\/div>\n\t\t\t\n\t\t<\/div>\n\t\t\t\t\t\t<\/div>\n\t\t\t\t<\/div>\n\t\t\t\t<div class=\"elementor-element elementor-element-c441fe6 elementor-widget elementor-widget-icon-box\" data-id=\"c441fe6\" data-element_type=\"widget\" data-e-type=\"widget\" data-widget_type=\"icon-box.default\">\n\t\t\t\t<div class=\"elementor-widget-container\">\n\t\t\t\t\t\t\t<div class=\"elementor-icon-box-wrapper\">\n\n\t\t\t\n\t\t\t\t\t\t<div class=\"elementor-icon-box-content\">\n\n\t\t\t\t\t\t\t\t\t<h3 class=\"elementor-icon-box-title\">\n\t\t\t\t\t\t<span  >\n\t\t\t\t\t\t\tRecommandations de suivi\t\t\t\t\t\t<\/span>\n\t\t\t\t\t<\/h3>\n\t\t\t\t\n\t\t\t\t\t\t\t\t\t<p class=\"elementor-icon-box-description\">\n\t\t\t\t\t\tSi n\u00e9cessaire, nous fournissons des recommandations d&#039;actions correctives ou d&#039;am\u00e9liorations et pouvons vous aider \u00e0 mettre en \u0153uvre ces changements pour garantir que l&#039;usine r\u00e9pond \u00e0 vos exigences sp\u00e9cifiques.\t\t\t\t\t<\/p>\n\t\t\t\t\n\t\t\t<\/div>\n\t\t\t\n\t\t<\/div>\n\t\t\t\t\t\t<\/div>\n\t\t\t\t<\/div>\n\t\t\t\t\t<\/div>\n\t\t<\/div>\n\t\t\t\t\t<\/div>\n\t\t<\/section>\n\t\t\t\t\t<\/div>\n\t\t<\/div>\n\t\t\t\t\t<\/div>\n\t\t<\/section>\n\t\t\t\t<section class=\"elementor-section elementor-top-section elementor-element elementor-element-7583e0c elementor-section-boxed elementor-section-height-default elementor-section-height-default\" data-id=\"7583e0c\" data-element_type=\"section\" data-e-type=\"section\" data-settings=\"{&quot;background_background&quot;:&quot;classic&quot;}\">\n\t\t\t\t\t\t<div class=\"elementor-container elementor-column-gap-default\">\n\t\t\t\t\t<div class=\"elementor-column elementor-col-50 elementor-top-column elementor-element elementor-element-948ca5c\" data-id=\"948ca5c\" data-element_type=\"column\" data-e-type=\"column\">\n\t\t\t<div class=\"elementor-widget-wrap elementor-element-populated\">\n\t\t\t\t\t\t<div class=\"elementor-element elementor-element-06bf8c3 elementor-widget elementor-widget-heading\" data-id=\"06bf8c3\" data-element_type=\"widget\" data-e-type=\"widget\" data-widget_type=\"heading.default\">\n\t\t\t\t<div class=\"elementor-widget-container\">\n\t\t\t\t\t<h2 class=\"elementor-heading-title elementor-size-default\">Passez \u00e0 l&#039;\u00e9tape suivante dans la rationalisation de votre entreprise d\u00e8s aujourd&#039;hui\u00a0! <\/h2>\t\t\t\t<\/div>\n\t\t\t\t<\/div>\n\t\t\t\t\t<\/div>\n\t\t<\/div>\n\t\t\t\t<div class=\"elementor-column elementor-col-50 elementor-top-column elementor-element elementor-element-501d558\" data-id=\"501d558\" data-element_type=\"column\" data-e-type=\"column\">\n\t\t\t<div class=\"elementor-widget-wrap elementor-element-populated\">\n\t\t\t\t\t\t<div class=\"elementor-element elementor-element-212972e elementor-align-left elementor-mobile-align-center elementor-invisible elementor-widget elementor-widget-button\" data-id=\"212972e\" data-element_type=\"widget\" data-e-type=\"widget\" data-settings=\"{&quot;_animation&quot;:&quot;fadeInUp&quot;}\" data-widget_type=\"button.default\">\n\t\t\t\t<div class=\"elementor-widget-container\">\n\t\t\t\t\t\t\t\t\t<div class=\"elementor-button-wrapper\">\n\t\t\t\t\t<a class=\"elementor-button elementor-button-link elementor-size-sm\" href=\"https:\/\/itspromotion.com\/fr\/contact-us\/\">\n\t\t\t\t\t\t<span class=\"elementor-button-content-wrapper\">\n\t\t\t\t\t\t\t\t\t<span class=\"elementor-button-text\">Commencer<\/span>\n\t\t\t\t\t<\/span>\n\t\t\t\t\t<\/a>\n\t\t\t\t<\/div>\n\t\t\t\t\t\t\t\t<\/div>\n\t\t\t\t<\/div>\n\t\t\t\t\t<\/div>\n\t\t<\/div>\n\t\t\t\t\t<\/div>\n\t\t<\/section>\n\t\t\t\t<\/div>","protected":false},"excerpt":{"rendered":"<p>Services d&#039;audit d&#039;usine Nous effectuons des audits complets d&#039;usines pour \u00e9valuer leurs capacit\u00e9s de fabrication, leurs syst\u00e8mes de contr\u00f4le qualit\u00e9 et leurs normes op\u00e9rationnelles globales. Ce processus comprend des \u00e9valuations sur site, l&#039;examen des processus de production, la v\u00e9rification de la conformit\u00e9 aux normes de l&#039;industrie et la garantie de pratiques \u00e9thiques. Nos audits d&#039;usine vous fournissent un rapport d\u00e9taill\u00e9 sur la fiabilit\u00e9 de l&#039;usine et son ad\u00e9quation \u00e0 votre [\u2026]<\/p>","protected":false},"author":1,"featured_media":0,"parent":0,"menu_order":0,"comment_status":"closed","ping_status":"closed","template":"","meta":{"footnotes":""},"class_list":["post-261","page","type-page","status-publish","hentry"],"_links":{"self":[{"href":"https:\/\/itspromotion.com\/fr\/wp-json\/wp\/v2\/pages\/261"}],"collection":[{"href":"https:\/\/itspromotion.com\/fr\/wp-json\/wp\/v2\/pages"}],"about":[{"href":"https:\/\/itspromotion.com\/fr\/wp-json\/wp\/v2\/types\/page"}],"author":[{"embeddable":true,"href":"https:\/\/itspromotion.com\/fr\/wp-json\/wp\/v2\/users\/1"}],"replies":[{"embeddable":true,"href":"https:\/\/itspromotion.com\/fr\/wp-json\/wp\/v2\/comments?post=261"}],"version-history":[{"count":22,"href":"https:\/\/itspromotion.com\/fr\/wp-json\/wp\/v2\/pages\/261\/revisions"}],"predecessor-version":[{"id":591,"href":"https:\/\/itspromotion.com\/fr\/wp-json\/wp\/v2\/pages\/261\/revisions\/591"}],"wp:attachment":[{"href":"https:\/\/itspromotion.com\/fr\/wp-json\/wp\/v2\/media?parent=261"}],"curies":[{"name":"wp","href":"https:\/\/api.w.org\/{rel}","templated":true}]}}