{"id":263,"date":"2023-12-13T12:32:33","date_gmt":"2023-12-13T12:32:33","guid":{"rendered":"https:\/\/itspromotion.com\/?page_id=263"},"modified":"2023-12-16T08:21:39","modified_gmt":"2023-12-16T08:21:39","slug":"quality-control","status":"publish","type":"page","link":"https:\/\/itspromotion.com\/es\/quality-control\/","title":{"rendered":"Control de calidad"},"content":{"rendered":"<div data-elementor-type=\"wp-page\" data-elementor-id=\"263\" class=\"elementor elementor-263\" data-elementor-post-type=\"page\">\n\t\t\t\t\t\t<section class=\"elementor-section elementor-top-section elementor-element elementor-element-3e1414c elementor-section-height-min-height elementor-section-boxed elementor-section-height-default elementor-section-items-middle\" data-id=\"3e1414c\" data-element_type=\"section\" data-e-type=\"section\" data-settings=\"{&quot;background_background&quot;:&quot;classic&quot;}\">\n\t\t\t\t\t\t\t<div class=\"elementor-background-overlay\"><\/div>\n\t\t\t\t\t\t\t<div class=\"elementor-container elementor-column-gap-default\">\n\t\t\t\t\t<div class=\"elementor-column elementor-col-100 elementor-top-column elementor-element elementor-element-dabd49a\" data-id=\"dabd49a\" data-element_type=\"column\" data-e-type=\"column\">\n\t\t\t<div class=\"elementor-widget-wrap elementor-element-populated\">\n\t\t\t\t\t\t<div class=\"elementor-element elementor-element-ebe8961 elementor-widget elementor-widget-heading\" data-id=\"ebe8961\" data-element_type=\"widget\" data-e-type=\"widget\" data-widget_type=\"heading.default\">\n\t\t\t\t<div class=\"elementor-widget-container\">\n\t\t\t\t\t<h2 class=\"elementor-heading-title elementor-size-default\">Control de calidad<\/h2>\t\t\t\t<\/div>\n\t\t\t\t<\/div>\n\t\t\t\t<div class=\"elementor-element elementor-element-2297102 elementor-widget elementor-widget-text-editor\" data-id=\"2297102\" data-element_type=\"widget\" data-e-type=\"widget\" data-widget_type=\"text-editor.default\">\n\t\t\t\t<div class=\"elementor-widget-container\">\n\t\t\t\t\t\t\t\t\t<p>Estamos comprometidos a garantizar los m\u00e1s altos est\u00e1ndares de calidad en cada producto. Nuestro proceso de control de calidad implica inspecciones meticulosas en varias etapas de producci\u00f3n, asegurando que cada art\u00edculo cumpla con sus especificaciones y expectativas de calidad antes de llegar a usted.<\/p>\t\t\t\t\t\t\t\t<\/div>\n\t\t\t\t<\/div>\n\t\t\t\t<div class=\"elementor-element elementor-element-4ab98d0 elementor-align-center elementor-invisible elementor-widget elementor-widget-button\" data-id=\"4ab98d0\" data-element_type=\"widget\" data-e-type=\"widget\" data-settings=\"{&quot;_animation&quot;:&quot;fadeInUp&quot;}\" data-widget_type=\"button.default\">\n\t\t\t\t<div class=\"elementor-widget-container\">\n\t\t\t\t\t\t\t\t\t<div class=\"elementor-button-wrapper\">\n\t\t\t\t\t<a class=\"elementor-button elementor-button-link elementor-size-sm\" href=\"https:\/\/itspromotion.com\/es\/contact-us\/\">\n\t\t\t\t\t\t<span class=\"elementor-button-content-wrapper\">\n\t\t\t\t\t\t\t\t\t<span class=\"elementor-button-text\">Solicite una cotizaci\u00f3n<\/span>\n\t\t\t\t\t<\/span>\n\t\t\t\t\t<\/a>\n\t\t\t\t<\/div>\n\t\t\t\t\t\t\t\t<\/div>\n\t\t\t\t<\/div>\n\t\t\t\t\t<\/div>\n\t\t<\/div>\n\t\t\t\t\t<\/div>\n\t\t<\/section>\n\t\t\t\t<section class=\"elementor-section elementor-top-section elementor-element elementor-element-14efd40 elementor-section-boxed elementor-section-height-default elementor-section-height-default\" data-id=\"14efd40\" data-element_type=\"section\" data-e-type=\"section\">\n\t\t\t\t\t\t<div class=\"elementor-container elementor-column-gap-default\">\n\t\t\t\t\t<div class=\"elementor-column elementor-col-100 elementor-top-column elementor-element elementor-element-59e6346\" data-id=\"59e6346\" data-element_type=\"column\" data-e-type=\"column\">\n\t\t\t<div class=\"elementor-widget-wrap elementor-element-populated\">\n\t\t\t\t\t\t<div class=\"elementor-element elementor-element-f92afb6 elementor-widget elementor-widget-heading\" data-id=\"f92afb6\" data-element_type=\"widget\" data-e-type=\"widget\" data-widget_type=\"heading.default\">\n\t\t\t\t<div class=\"elementor-widget-container\">\n\t\t\t\t\t<h2 class=\"elementor-heading-title elementor-size-default\">Ofrecemos dos opciones de inspecci\u00f3n de productos.<\/h2>\t\t\t\t<\/div>\n\t\t\t\t<\/div>\n\t\t\t\t\t<\/div>\n\t\t<\/div>\n\t\t\t\t\t<\/div>\n\t\t<\/section>\n\t\t\t\t<section class=\"elementor-section elementor-top-section elementor-element elementor-element-02ef29e elementor-section-boxed elementor-section-height-default elementor-section-height-default\" data-id=\"02ef29e\" data-element_type=\"section\" data-e-type=\"section\">\n\t\t\t\t\t\t<div class=\"elementor-container elementor-column-gap-default\">\n\t\t\t\t\t<div class=\"elementor-column elementor-col-50 elementor-top-column elementor-element elementor-element-b5bdfd4\" data-id=\"b5bdfd4\" data-element_type=\"column\" data-e-type=\"column\">\n\t\t\t<div class=\"elementor-widget-wrap elementor-element-populated\">\n\t\t\t\t\t\t<div class=\"elementor-element elementor-element-a2d7d62 elementor-widget elementor-widget-heading\" data-id=\"a2d7d62\" data-element_type=\"widget\" data-e-type=\"widget\" data-widget_type=\"heading.default\">\n\t\t\t\t<div class=\"elementor-widget-container\">\n\t\t\t\t\t<h2 class=\"elementor-heading-title elementor-size-default\">Por su promoci\u00f3n<\/h2>\t\t\t\t<\/div>\n\t\t\t\t<\/div>\n\t\t\t\t<div class=\"elementor-element elementor-element-0364922 elementor-widget elementor-widget-text-editor\" data-id=\"0364922\" data-element_type=\"widget\" data-e-type=\"widget\" data-widget_type=\"text-editor.default\">\n\t\t\t\t<div class=\"elementor-widget-container\">\n\t\t\t\t\t\t\t\t\t<p>ITS Promotion ofrece servicios integrales de control de calidad interno e inspecci\u00f3n de productos. Nuestro dedicado equipo de expertos se especializa en monitorear y evaluar la calidad de los productos durante todo el proceso de fabricaci\u00f3n. Esto incluye controles rigurosos en varias etapas de producci\u00f3n para garantizar que cada art\u00edculo cumpla con nuestros altos est\u00e1ndares de calidad, funcionalidad y seguridad.<\/p><p>Nuestras medidas internas de control de calidad est\u00e1n dise\u00f1adas para identificar y rectificar cualquier problema antes de que los productos lleguen a nuestros clientes. Empleamos t\u00e9cnicas y herramientas de inspecci\u00f3n de \u00faltima generaci\u00f3n para garantizar que cada producto que entregamos se alinee tanto con las especificaciones de nuestros clientes como con los est\u00e1ndares de la industria.<\/p><p>Este enfoque meticuloso del control de calidad y la inspecci\u00f3n de productos es la piedra angular de nuestro compromiso con la excelencia, garantizando la satisfacci\u00f3n del cliente y manteniendo nuestra reputaci\u00f3n como l\u00edder en el campo del aseguramiento de la calidad profesional.<\/p>\t\t\t\t\t\t\t\t<\/div>\n\t\t\t\t<\/div>\n\t\t\t\t\t<\/div>\n\t\t<\/div>\n\t\t\t\t<div class=\"elementor-column elementor-col-50 elementor-top-column elementor-element elementor-element-48db1bd\" data-id=\"48db1bd\" data-element_type=\"column\" data-e-type=\"column\">\n\t\t\t<div class=\"elementor-widget-wrap elementor-element-populated\">\n\t\t\t\t\t\t<div class=\"elementor-element elementor-element-e7a37f5 elementor-widget elementor-widget-heading\" data-id=\"e7a37f5\" data-element_type=\"widget\" data-e-type=\"widget\" data-widget_type=\"heading.default\">\n\t\t\t\t<div class=\"elementor-widget-container\">\n\t\t\t\t\t<h2 class=\"elementor-heading-title elementor-size-default\">Por la empresa de inspecci\u00f3n de terceros<\/h2>\t\t\t\t<\/div>\n\t\t\t\t<\/div>\n\t\t\t\t<div class=\"elementor-element elementor-element-0dab834 elementor-widget elementor-widget-text-editor\" data-id=\"0dab834\" data-element_type=\"widget\" data-e-type=\"widget\" data-widget_type=\"text-editor.default\">\n\t\t\t\t<div class=\"elementor-widget-container\">\n\t\t\t\t\t\t\t\t\t<p>Tambi\u00e9n ofrecemos la opci\u00f3n de colaborar con empresas de inspecci\u00f3n externas para inspeccionar mercanc\u00edas. Este servicio es particularmente valioso para clientes que prefieren una evaluaci\u00f3n externa para complementar nuestras medidas internas de control de calidad. Adem\u00e1s, si nuestros clientes han especificado empresas de inspecci\u00f3n externas, estamos totalmente preparados para coordinar y cooperar con estas empresas seleccionadas.<\/p><p>Esta flexibilidad al trabajar con inspectores externos garantiza que los requisitos y preferencias \u00fanicos de nuestros clientes se cumplan con el m\u00e1ximo profesionalismo. Nuestro enfoque colaborativo con estas entidades de terceros permite una evaluaci\u00f3n integral e imparcial de los productos, garantizando que cumplen con los m\u00e1s altos est\u00e1ndares de calidad y cumplimiento.<\/p><p>Este compromiso de satisfacer las necesidades espec\u00edficas de los clientes demuestra nuestra dedicaci\u00f3n para garantizar la satisfacci\u00f3n del cliente y mantener altos est\u00e1ndares en la calidad del producto.<\/p>\t\t\t\t\t\t\t\t<\/div>\n\t\t\t\t<\/div>\n\t\t\t\t\t<\/div>\n\t\t<\/div>\n\t\t\t\t\t<\/div>\n\t\t<\/section>\n\t\t\t\t<section class=\"elementor-section elementor-top-section elementor-element elementor-element-b6b7569 elementor-section-boxed elementor-section-height-default elementor-section-height-default\" data-id=\"b6b7569\" data-element_type=\"section\" data-e-type=\"section\" data-settings=\"{&quot;background_background&quot;:&quot;classic&quot;}\">\n\t\t\t\t\t\t<div class=\"elementor-container elementor-column-gap-default\">\n\t\t\t\t\t<div class=\"elementor-column elementor-col-100 elementor-top-column elementor-element elementor-element-05695ab\" data-id=\"05695ab\" data-element_type=\"column\" data-e-type=\"column\">\n\t\t\t<div class=\"elementor-widget-wrap elementor-element-populated\">\n\t\t\t\t\t\t<div class=\"elementor-element elementor-element-067e0de elementor-widget elementor-widget-heading\" data-id=\"067e0de\" data-element_type=\"widget\" data-e-type=\"widget\" data-widget_type=\"heading.default\">\n\t\t\t\t<div class=\"elementor-widget-container\">\n\t\t\t\t\t<h2 class=\"elementor-heading-title elementor-size-default\">Proceso de inspecci\u00f3n en su promoci\u00f3n.<\/h2>\t\t\t\t<\/div>\n\t\t\t\t<\/div>\n\t\t\t\t\t<\/div>\n\t\t<\/div>\n\t\t\t\t\t<\/div>\n\t\t<\/section>\n\t\t\t\t<section class=\"elementor-section elementor-top-section elementor-element elementor-element-7dfe94d elementor-section-boxed elementor-section-height-default elementor-section-height-default\" data-id=\"7dfe94d\" data-element_type=\"section\" data-e-type=\"section\">\n\t\t\t\t\t\t<div class=\"elementor-container elementor-column-gap-default\">\n\t\t\t\t\t<div class=\"elementor-column elementor-col-100 elementor-top-column elementor-element elementor-element-d24556c\" data-id=\"d24556c\" data-element_type=\"column\" data-e-type=\"column\">\n\t\t\t<div class=\"elementor-widget-wrap elementor-element-populated\">\n\t\t\t\t\t\t<section class=\"elementor-section elementor-inner-section elementor-element elementor-element-cb7dd6c elementor-section-boxed elementor-section-height-default elementor-section-height-default\" data-id=\"cb7dd6c\" data-element_type=\"section\" data-e-type=\"section\">\n\t\t\t\t\t\t<div class=\"elementor-container elementor-column-gap-default\">\n\t\t\t\t\t<div class=\"elementor-column elementor-col-50 elementor-inner-column elementor-element elementor-element-0eac102\" data-id=\"0eac102\" data-element_type=\"column\" data-e-type=\"column\">\n\t\t\t<div class=\"elementor-widget-wrap elementor-element-populated\">\n\t\t\t\t\t\t<div class=\"elementor-element elementor-element-a0387ac elementor-widget elementor-widget-heading\" data-id=\"a0387ac\" data-element_type=\"widget\" data-e-type=\"widget\" data-widget_type=\"heading.default\">\n\t\t\t\t<div class=\"elementor-widget-container\">\n\t\t\t\t\t<h2 class=\"elementor-heading-title elementor-size-default\">Inspecci\u00f3n durante el proceso de producci\u00f3n<\/h2>\t\t\t\t<\/div>\n\t\t\t\t<\/div>\n\t\t\t\t<div class=\"elementor-element elementor-element-3ea0912 elementor-widget elementor-widget-text-editor\" data-id=\"3ea0912\" data-element_type=\"widget\" data-e-type=\"widget\" data-widget_type=\"text-editor.default\">\n\t\t\t\t<div class=\"elementor-widget-container\">\n\t\t\t\t\t\t\t\t\t<p>\u00a0Realizamos inspecciones en l\u00ednea mientras se fabrican sus productos. Este enfoque proactivo nos permite identificar y abordar cualquier problema de calidad en las primeras etapas del ciclo de producci\u00f3n, garantizando que los productos finales cumplan con sus est\u00e1ndares y especificaciones.<\/p><p>Este paso es crucial para mantener el control de calidad y minimizar el riesgo de defectos en el lote completado.<\/p>\t\t\t\t\t\t\t\t<\/div>\n\t\t\t\t<\/div>\n\t\t\t\t\t<\/div>\n\t\t<\/div>\n\t\t\t\t<div class=\"elementor-column elementor-col-50 elementor-inner-column elementor-element elementor-element-1faa9b8\" data-id=\"1faa9b8\" data-element_type=\"column\" data-e-type=\"column\">\n\t\t\t<div class=\"elementor-widget-wrap elementor-element-populated\">\n\t\t\t\t\t\t<div class=\"elementor-element elementor-element-b93d2e8 elementor-widget elementor-widget-image\" data-id=\"b93d2e8\" data-element_type=\"widget\" data-e-type=\"widget\" data-widget_type=\"image.default\">\n\t\t\t\t<div class=\"elementor-widget-container\">\n\t\t\t\t\t\t\t\t\t\t\t\t\t\t\t<img fetchpriority=\"high\" decoding=\"async\" width=\"800\" height=\"534\" src=\"https:\/\/itspromotion.com\/wp-content\/uploads\/2023\/12\/Inspection-During-Production-Process-1024x684.webp\" class=\"attachment-large size-large wp-image-489\" alt=\"Inspecci\u00f3n durante el proceso de producci\u00f3n\" srcset=\"https:\/\/itspromotion.com\/wp-content\/uploads\/2023\/12\/Inspection-During-Production-Process-1024x684.webp 1024w, https:\/\/itspromotion.com\/wp-content\/uploads\/2023\/12\/Inspection-During-Production-Process-300x200.webp 300w, https:\/\/itspromotion.com\/wp-content\/uploads\/2023\/12\/Inspection-During-Production-Process-768x513.webp 768w, https:\/\/itspromotion.com\/wp-content\/uploads\/2023\/12\/Inspection-During-Production-Process-1536x1026.webp 1536w, https:\/\/itspromotion.com\/wp-content\/uploads\/2023\/12\/Inspection-During-Production-Process.webp 1920w\" sizes=\"(max-width: 800px) 100vw, 800px\" \/>\t\t\t\t\t\t\t\t\t\t\t\t\t\t\t<\/div>\n\t\t\t\t<\/div>\n\t\t\t\t\t<\/div>\n\t\t<\/div>\n\t\t\t\t\t<\/div>\n\t\t<\/section>\n\t\t\t\t<section class=\"elementor-section elementor-inner-section elementor-element elementor-element-1a6ba80 elementor-section-boxed elementor-section-height-default elementor-section-height-default\" data-id=\"1a6ba80\" data-element_type=\"section\" data-e-type=\"section\">\n\t\t\t\t\t\t<div class=\"elementor-container elementor-column-gap-default\">\n\t\t\t\t\t<div class=\"elementor-column elementor-col-50 elementor-inner-column elementor-element elementor-element-c0da9a3\" data-id=\"c0da9a3\" data-element_type=\"column\" data-e-type=\"column\">\n\t\t\t<div class=\"elementor-widget-wrap elementor-element-populated\">\n\t\t\t\t\t\t<div class=\"elementor-element elementor-element-03f2a23 elementor-widget elementor-widget-image\" data-id=\"03f2a23\" data-element_type=\"widget\" data-e-type=\"widget\" data-widget_type=\"image.default\">\n\t\t\t\t<div class=\"elementor-widget-container\">\n\t\t\t\t\t\t\t\t\t\t\t\t\t\t\t<img decoding=\"async\" width=\"800\" height=\"534\" src=\"https:\/\/itspromotion.com\/wp-content\/uploads\/2023\/12\/Final-Quality-Inspection-1024x684.webp\" class=\"attachment-large size-large wp-image-490\" alt=\"Inspecci\u00f3n de calidad final\" srcset=\"https:\/\/itspromotion.com\/wp-content\/uploads\/2023\/12\/Final-Quality-Inspection-1024x684.webp 1024w, https:\/\/itspromotion.com\/wp-content\/uploads\/2023\/12\/Final-Quality-Inspection-300x200.webp 300w, https:\/\/itspromotion.com\/wp-content\/uploads\/2023\/12\/Final-Quality-Inspection-768x513.webp 768w, https:\/\/itspromotion.com\/wp-content\/uploads\/2023\/12\/Final-Quality-Inspection-1536x1026.webp 1536w, https:\/\/itspromotion.com\/wp-content\/uploads\/2023\/12\/Final-Quality-Inspection.webp 1920w\" sizes=\"(max-width: 800px) 100vw, 800px\" \/>\t\t\t\t\t\t\t\t\t\t\t\t\t\t\t<\/div>\n\t\t\t\t<\/div>\n\t\t\t\t\t<\/div>\n\t\t<\/div>\n\t\t\t\t<div class=\"elementor-column elementor-col-50 elementor-inner-column elementor-element elementor-element-1e63cf4\" data-id=\"1e63cf4\" data-element_type=\"column\" data-e-type=\"column\">\n\t\t\t<div class=\"elementor-widget-wrap elementor-element-populated\">\n\t\t\t\t\t\t<div class=\"elementor-element elementor-element-d4b13fa elementor-widget elementor-widget-heading\" data-id=\"d4b13fa\" data-element_type=\"widget\" data-e-type=\"widget\" data-widget_type=\"heading.default\">\n\t\t\t\t<div class=\"elementor-widget-container\">\n\t\t\t\t\t<h2 class=\"elementor-heading-title elementor-size-default\">Inspecci\u00f3n de calidad final<\/h2>\t\t\t\t<\/div>\n\t\t\t\t<\/div>\n\t\t\t\t<div class=\"elementor-element elementor-element-0486899 elementor-widget elementor-widget-text-editor\" data-id=\"0486899\" data-element_type=\"widget\" data-e-type=\"widget\" data-widget_type=\"text-editor.default\">\n\t\t\t\t<div class=\"elementor-widget-container\">\n\t\t\t\t\t\t\t\t\t<p>Al finalizar la producci\u00f3n, llevamos a cabo una inspecci\u00f3n final exhaustiva de sus productos. Este paso cr\u00edtico implica una verificaci\u00f3n detallada de todo el lote para garantizar que cada art\u00edculo cumpla con los est\u00e1ndares y especificaciones de calidad predeterminados.<\/p><p>Esta revisi\u00f3n final es esencial para garantizar que los productos est\u00e9n listos para su env\u00edo y se alineen con sus expectativas, asegurando su total satisfacci\u00f3n.<\/p>\t\t\t\t\t\t\t\t<\/div>\n\t\t\t\t<\/div>\n\t\t\t\t\t<\/div>\n\t\t<\/div>\n\t\t\t\t\t<\/div>\n\t\t<\/section>\n\t\t\t\t\t<\/div>\n\t\t<\/div>\n\t\t\t\t\t<\/div>\n\t\t<\/section>\n\t\t\t\t<section class=\"elementor-section elementor-top-section elementor-element elementor-element-ebd1394 elementor-section-boxed elementor-section-height-default elementor-section-height-default\" data-id=\"ebd1394\" data-element_type=\"section\" data-e-type=\"section\" data-settings=\"{&quot;background_background&quot;:&quot;classic&quot;}\">\n\t\t\t\t\t\t<div class=\"elementor-container elementor-column-gap-default\">\n\t\t\t\t\t<div class=\"elementor-column elementor-col-50 elementor-top-column elementor-element elementor-element-63fb13d\" data-id=\"63fb13d\" data-element_type=\"column\" data-e-type=\"column\">\n\t\t\t<div class=\"elementor-widget-wrap elementor-element-populated\">\n\t\t\t\t\t\t<div class=\"elementor-element elementor-element-18d8dd2 elementor-widget elementor-widget-heading\" data-id=\"18d8dd2\" data-element_type=\"widget\" data-e-type=\"widget\" data-widget_type=\"heading.default\">\n\t\t\t\t<div class=\"elementor-widget-container\">\n\t\t\t\t\t<h2 class=\"elementor-heading-title elementor-size-default\">\u00a1Da el siguiente paso para optimizar tu negocio hoy! <\/h2>\t\t\t\t<\/div>\n\t\t\t\t<\/div>\n\t\t\t\t\t<\/div>\n\t\t<\/div>\n\t\t\t\t<div class=\"elementor-column elementor-col-50 elementor-top-column elementor-element elementor-element-7f596c4\" data-id=\"7f596c4\" data-element_type=\"column\" data-e-type=\"column\">\n\t\t\t<div class=\"elementor-widget-wrap elementor-element-populated\">\n\t\t\t\t\t\t<div class=\"elementor-element elementor-element-61693be elementor-align-left elementor-mobile-align-center elementor-invisible elementor-widget elementor-widget-button\" data-id=\"61693be\" data-element_type=\"widget\" data-e-type=\"widget\" data-settings=\"{&quot;_animation&quot;:&quot;fadeInUp&quot;}\" data-widget_type=\"button.default\">\n\t\t\t\t<div class=\"elementor-widget-container\">\n\t\t\t\t\t\t\t\t\t<div class=\"elementor-button-wrapper\">\n\t\t\t\t\t<a class=\"elementor-button elementor-button-link elementor-size-sm\" href=\"https:\/\/itspromotion.com\/es\/contact-us\/\">\n\t\t\t\t\t\t<span class=\"elementor-button-content-wrapper\">\n\t\t\t\t\t\t\t\t\t<span class=\"elementor-button-text\">Empezar<\/span>\n\t\t\t\t\t<\/span>\n\t\t\t\t\t<\/a>\n\t\t\t\t<\/div>\n\t\t\t\t\t\t\t\t<\/div>\n\t\t\t\t<\/div>\n\t\t\t\t\t<\/div>\n\t\t<\/div>\n\t\t\t\t\t<\/div>\n\t\t<\/section>\n\t\t\t\t<\/div>","protected":false},"excerpt":{"rendered":"<p>Control de Calidad Estamos comprometidos a garantizar los m\u00e1s altos est\u00e1ndares de calidad en cada producto. Nuestro proceso de control de calidad implica inspecciones meticulosas en varias etapas de producci\u00f3n, asegurando que cada art\u00edculo cumpla con sus especificaciones y expectativas de calidad antes de llegar a usted. Solicite una cotizaci\u00f3n Ofrecemos dos opciones de inspecci\u00f3n de productos. Por SU Promoci\u00f3n SU [\u2026]<\/p>","protected":false},"author":1,"featured_media":0,"parent":0,"menu_order":0,"comment_status":"closed","ping_status":"closed","template":"","meta":{"footnotes":""},"class_list":["post-263","page","type-page","status-publish","hentry"],"_links":{"self":[{"href":"https:\/\/itspromotion.com\/es\/wp-json\/wp\/v2\/pages\/263"}],"collection":[{"href":"https:\/\/itspromotion.com\/es\/wp-json\/wp\/v2\/pages"}],"about":[{"href":"https:\/\/itspromotion.com\/es\/wp-json\/wp\/v2\/types\/page"}],"author":[{"embeddable":true,"href":"https:\/\/itspromotion.com\/es\/wp-json\/wp\/v2\/users\/1"}],"replies":[{"embeddable":true,"href":"https:\/\/itspromotion.com\/es\/wp-json\/wp\/v2\/comments?post=263"}],"version-history":[{"count":25,"href":"https:\/\/itspromotion.com\/es\/wp-json\/wp\/v2\/pages\/263\/revisions"}],"predecessor-version":[{"id":604,"href":"https:\/\/itspromotion.com\/es\/wp-json\/wp\/v2\/pages\/263\/revisions\/604"}],"wp:attachment":[{"href":"https:\/\/itspromotion.com\/es\/wp-json\/wp\/v2\/media?parent=263"}],"curies":[{"name":"wp","href":"https:\/\/api.w.org\/{rel}","templated":true}]}}