{"id":255,"date":"2023-12-13T12:29:56","date_gmt":"2023-12-13T12:29:56","guid":{"rendered":"https:\/\/itspromotion.com\/?page_id=255"},"modified":"2023-12-18T08:01:36","modified_gmt":"2023-12-18T08:01:36","slug":"product-development","status":"publish","type":"page","link":"https:\/\/itspromotion.com\/es\/product-development\/","title":{"rendered":"Desarrollo de productos"},"content":{"rendered":"<div data-elementor-type=\"wp-page\" data-elementor-id=\"255\" class=\"elementor elementor-255\" data-elementor-post-type=\"page\">\n\t\t\t\t\t\t<section class=\"elementor-section elementor-top-section elementor-element elementor-element-6c3a927 elementor-section-height-min-height elementor-section-boxed elementor-section-height-default elementor-section-items-middle\" data-id=\"6c3a927\" data-element_type=\"section\" data-e-type=\"section\" data-settings=\"{&quot;background_background&quot;:&quot;classic&quot;}\">\n\t\t\t\t\t\t\t<div class=\"elementor-background-overlay\"><\/div>\n\t\t\t\t\t\t\t<div class=\"elementor-container elementor-column-gap-default\">\n\t\t\t\t\t<div class=\"elementor-column elementor-col-100 elementor-top-column elementor-element elementor-element-b80a0fb\" data-id=\"b80a0fb\" data-element_type=\"column\" data-e-type=\"column\">\n\t\t\t<div class=\"elementor-widget-wrap elementor-element-populated\">\n\t\t\t\t\t\t<div class=\"elementor-element elementor-element-fde9565 elementor-widget elementor-widget-heading\" data-id=\"fde9565\" data-element_type=\"widget\" data-e-type=\"widget\" data-widget_type=\"heading.default\">\n\t\t\t\t<div class=\"elementor-widget-container\">\n\t\t\t\t\t<h2 class=\"elementor-heading-title elementor-size-default\">Desarrollo de productos<\/h2>\t\t\t\t<\/div>\n\t\t\t\t<\/div>\n\t\t\t\t<div class=\"elementor-element elementor-element-604b264 elementor-widget elementor-widget-text-editor\" data-id=\"604b264\" data-element_type=\"widget\" data-e-type=\"widget\" data-widget_type=\"text-editor.default\">\n\t\t\t\t<div class=\"elementor-widget-container\">\n\t\t\t\t\t\t\t\t\t<p>\u00a1Transforme sus ideas en l\u00edderes del mercado! As\u00f3ciese con nosotros para crear productos innovadores que forjar\u00e1n una posici\u00f3n \u00fanica en el mercado y le brindar\u00e1n una ventaja competitiva. Brindamos orientaci\u00f3n experta en cada etapa del proceso de desarrollo, asegurando que su visi\u00f3n se convierta en una realidad exitosa. \u00a1P\u00f3ngase en contacto hoy para comenzar su viaje hacia la excelencia del producto!<\/p>\t\t\t\t\t\t\t\t<\/div>\n\t\t\t\t<\/div>\n\t\t\t\t<div class=\"elementor-element elementor-element-c90d52a elementor-align-center elementor-invisible elementor-widget elementor-widget-button\" data-id=\"c90d52a\" data-element_type=\"widget\" data-e-type=\"widget\" data-settings=\"{&quot;_animation&quot;:&quot;fadeInUp&quot;}\" data-widget_type=\"button.default\">\n\t\t\t\t<div class=\"elementor-widget-container\">\n\t\t\t\t\t\t\t\t\t<div class=\"elementor-button-wrapper\">\n\t\t\t\t\t<a class=\"elementor-button elementor-button-link elementor-size-sm\" href=\"https:\/\/itspromotion.com\/es\/contact-us\/\">\n\t\t\t\t\t\t<span class=\"elementor-button-content-wrapper\">\n\t\t\t\t\t\t\t\t\t<span class=\"elementor-button-text\">Comparte tus proyectos hoy<\/span>\n\t\t\t\t\t<\/span>\n\t\t\t\t\t<\/a>\n\t\t\t\t<\/div>\n\t\t\t\t\t\t\t\t<\/div>\n\t\t\t\t<\/div>\n\t\t\t\t\t<\/div>\n\t\t<\/div>\n\t\t\t\t\t<\/div>\n\t\t<\/section>\n\t\t\t\t<section class=\"elementor-section elementor-top-section elementor-element elementor-element-e5a1e7c elementor-section-full_width elementor-section-height-default elementor-section-height-default\" data-id=\"e5a1e7c\" data-element_type=\"section\" data-e-type=\"section\" data-settings=\"{&quot;background_background&quot;:&quot;classic&quot;}\">\n\t\t\t\t\t\t\t<div class=\"elementor-background-overlay\"><\/div>\n\t\t\t\t\t\t\t<div class=\"elementor-container elementor-column-gap-default\">\n\t\t\t\t\t<div class=\"elementor-column elementor-col-100 elementor-top-column elementor-element elementor-element-785c985\" data-id=\"785c985\" data-element_type=\"column\" data-e-type=\"column\">\n\t\t\t<div class=\"elementor-widget-wrap elementor-element-populated\">\n\t\t\t\t\t\t<div class=\"elementor-element elementor-element-eb2914e elementor-widget elementor-widget-heading\" data-id=\"eb2914e\" data-element_type=\"widget\" data-e-type=\"widget\" data-widget_type=\"heading.default\">\n\t\t\t\t<div class=\"elementor-widget-container\">\n\t\t\t\t\t<h2 class=\"elementor-heading-title elementor-size-default\">Haga productos personalizados paso a paso<\/h2>\t\t\t\t<\/div>\n\t\t\t\t<\/div>\n\t\t\t\t<div class=\"elementor-element elementor-element-2c1fad7 elementor-widget elementor-widget-spacer\" data-id=\"2c1fad7\" data-element_type=\"widget\" data-e-type=\"widget\" data-widget_type=\"spacer.default\">\n\t\t\t\t<div class=\"elementor-widget-container\">\n\t\t\t\t\t\t\t<div class=\"elementor-spacer\">\n\t\t\t<div class=\"elementor-spacer-inner\"><\/div>\n\t\t<\/div>\n\t\t\t\t\t\t<\/div>\n\t\t\t\t<\/div>\n\t\t\t\t<section class=\"elementor-section elementor-inner-section elementor-element elementor-element-de6d8e3 elementor-section-boxed elementor-section-height-default elementor-section-height-default\" data-id=\"de6d8e3\" data-element_type=\"section\" data-e-type=\"section\" data-settings=\"{&quot;background_background&quot;:&quot;classic&quot;}\">\n\t\t\t\t\t\t<div class=\"elementor-container elementor-column-gap-default\">\n\t\t\t\t\t<div class=\"elementor-column elementor-col-50 elementor-inner-column elementor-element elementor-element-4f6c020\" data-id=\"4f6c020\" data-element_type=\"column\" data-e-type=\"column\" data-settings=\"{&quot;background_background&quot;:&quot;classic&quot;}\">\n\t\t\t<div class=\"elementor-widget-wrap elementor-element-populated\">\n\t\t\t\t\t\t<div class=\"elementor-element elementor-element-791869d elementor-widget elementor-widget-image\" data-id=\"791869d\" data-element_type=\"widget\" data-e-type=\"widget\" data-widget_type=\"image.default\">\n\t\t\t\t<div class=\"elementor-widget-container\">\n\t\t\t\t\t\t\t\t\t\t\t\t\t\t\t<img fetchpriority=\"high\" decoding=\"async\" width=\"800\" height=\"534\" src=\"https:\/\/itspromotion.com\/wp-content\/uploads\/2023\/12\/Get-All-Details-From-The-Factories-1024x684.webp\" class=\"attachment-large size-large wp-image-449\" alt=\"Obtenga todos los detalles de las f\u00e1bricas\" srcset=\"https:\/\/itspromotion.com\/wp-content\/uploads\/2023\/12\/Get-All-Details-From-The-Factories-1024x684.webp 1024w, https:\/\/itspromotion.com\/wp-content\/uploads\/2023\/12\/Get-All-Details-From-The-Factories-300x200.webp 300w, https:\/\/itspromotion.com\/wp-content\/uploads\/2023\/12\/Get-All-Details-From-The-Factories-768x513.webp 768w, https:\/\/itspromotion.com\/wp-content\/uploads\/2023\/12\/Get-All-Details-From-The-Factories-1536x1026.webp 1536w, https:\/\/itspromotion.com\/wp-content\/uploads\/2023\/12\/Get-All-Details-From-The-Factories.webp 1920w\" sizes=\"(max-width: 800px) 100vw, 800px\" \/>\t\t\t\t\t\t\t\t\t\t\t\t\t\t\t<\/div>\n\t\t\t\t<\/div>\n\t\t\t\t\t<\/div>\n\t\t<\/div>\n\t\t\t\t<div class=\"elementor-column elementor-col-50 elementor-inner-column elementor-element elementor-element-81b4f56\" data-id=\"81b4f56\" data-element_type=\"column\" data-e-type=\"column\">\n\t\t\t<div class=\"elementor-widget-wrap elementor-element-populated\">\n\t\t\t\t\t\t<div class=\"elementor-element elementor-element-63b5e90 elementor-view-default elementor-widget elementor-widget-icon\" data-id=\"63b5e90\" data-element_type=\"widget\" data-e-type=\"widget\" data-widget_type=\"icon.default\">\n\t\t\t\t<div class=\"elementor-widget-container\">\n\t\t\t\t\t\t\t<div class=\"elementor-icon-wrapper\">\n\t\t\t<div class=\"elementor-icon\">\n\t\t\t<i aria-hidden=\"true\" class=\"far fa-check-circle\"><\/i>\t\t\t<\/div>\n\t\t<\/div>\n\t\t\t\t\t\t<\/div>\n\t\t\t\t<\/div>\n\t\t\t\t<div class=\"elementor-element elementor-element-8fd564e elementor-widget elementor-widget-image-box\" data-id=\"8fd564e\" data-element_type=\"widget\" data-e-type=\"widget\" data-widget_type=\"image-box.default\">\n\t\t\t\t<div class=\"elementor-widget-container\">\n\t\t\t\t\t<div class=\"elementor-image-box-wrapper\"><div class=\"elementor-image-box-content\"><h3 class=\"elementor-image-box-title\"><a href=\"https:\/\/itspromotion.com\/es\/sourcing-purchasing\/\">Obtenga todos los detalles de las f\u00e1bricas<\/a><\/h3><p class=\"elementor-image-box-description\">Lo conectaremos con f\u00e1bricas l\u00edderes en China y le brindaremos un desglose claro de los costos de su proyecto, que abarcar\u00e1 la creaci\u00f3n de prototipos, el moldeado, las pruebas, los pedidos al por mayor, el embalaje y el env\u00edo, junto con asesoramiento de expertos sobre artesan\u00eda, materiales y embalaje.<\/p><\/div><\/div>\t\t\t\t<\/div>\n\t\t\t\t<\/div>\n\t\t\t\t\t<\/div>\n\t\t<\/div>\n\t\t\t\t\t<\/div>\n\t\t<\/section>\n\t\t\t\t<section class=\"elementor-section elementor-inner-section elementor-element elementor-element-d1d1258 elementor-section-boxed elementor-section-height-default elementor-section-height-default\" data-id=\"d1d1258\" data-element_type=\"section\" data-e-type=\"section\" data-settings=\"{&quot;background_background&quot;:&quot;classic&quot;}\">\n\t\t\t\t\t\t<div class=\"elementor-container elementor-column-gap-default\">\n\t\t\t\t\t<div class=\"elementor-column elementor-col-50 elementor-inner-column elementor-element elementor-element-bf3571e\" data-id=\"bf3571e\" data-element_type=\"column\" data-e-type=\"column\">\n\t\t\t<div class=\"elementor-widget-wrap elementor-element-populated\">\n\t\t\t\t\t\t<div class=\"elementor-element elementor-element-644cb81 elementor-widget elementor-widget-image\" data-id=\"644cb81\" data-element_type=\"widget\" data-e-type=\"widget\" data-widget_type=\"image.default\">\n\t\t\t\t<div class=\"elementor-widget-container\">\n\t\t\t\t\t\t\t\t\t\t\t\t\t\t\t<img decoding=\"async\" width=\"800\" height=\"534\" src=\"https:\/\/itspromotion.com\/wp-content\/uploads\/2023\/12\/Make-Samples-Upon-Your-Ideas-1024x684.webp\" class=\"attachment-large size-large wp-image-450\" alt=\"Haga muestras sobre sus ideas\" srcset=\"https:\/\/itspromotion.com\/wp-content\/uploads\/2023\/12\/Make-Samples-Upon-Your-Ideas-1024x684.webp 1024w, https:\/\/itspromotion.com\/wp-content\/uploads\/2023\/12\/Make-Samples-Upon-Your-Ideas-300x200.webp 300w, https:\/\/itspromotion.com\/wp-content\/uploads\/2023\/12\/Make-Samples-Upon-Your-Ideas-768x513.webp 768w, https:\/\/itspromotion.com\/wp-content\/uploads\/2023\/12\/Make-Samples-Upon-Your-Ideas-1536x1026.webp 1536w, https:\/\/itspromotion.com\/wp-content\/uploads\/2023\/12\/Make-Samples-Upon-Your-Ideas.webp 1920w\" sizes=\"(max-width: 800px) 100vw, 800px\" \/>\t\t\t\t\t\t\t\t\t\t\t\t\t\t\t<\/div>\n\t\t\t\t<\/div>\n\t\t\t\t\t<\/div>\n\t\t<\/div>\n\t\t\t\t<div class=\"elementor-column elementor-col-50 elementor-inner-column elementor-element elementor-element-83c790b\" data-id=\"83c790b\" data-element_type=\"column\" data-e-type=\"column\">\n\t\t\t<div class=\"elementor-widget-wrap elementor-element-populated\">\n\t\t\t\t\t\t<div class=\"elementor-element elementor-element-0d73632 elementor-view-default elementor-widget elementor-widget-icon\" data-id=\"0d73632\" data-element_type=\"widget\" data-e-type=\"widget\" data-widget_type=\"icon.default\">\n\t\t\t\t<div class=\"elementor-widget-container\">\n\t\t\t\t\t\t\t<div class=\"elementor-icon-wrapper\">\n\t\t\t<div class=\"elementor-icon\">\n\t\t\t<i aria-hidden=\"true\" class=\"far fa-check-circle\"><\/i>\t\t\t<\/div>\n\t\t<\/div>\n\t\t\t\t\t\t<\/div>\n\t\t\t\t<\/div>\n\t\t\t\t<div class=\"elementor-element elementor-element-84f316c elementor-widget elementor-widget-image-box\" data-id=\"84f316c\" data-element_type=\"widget\" data-e-type=\"widget\" data-widget_type=\"image-box.default\">\n\t\t\t\t<div class=\"elementor-widget-container\">\n\t\t\t\t\t<div class=\"elementor-image-box-wrapper\"><div class=\"elementor-image-box-content\"><h3 class=\"elementor-image-box-title\">Haga muestras sobre sus ideas<\/h3><p class=\"elementor-image-box-description\">Convirtamos sus ideas innovadoras en muestras f\u00edsicas. Implica comprender su visi\u00f3n, seleccionar los materiales adecuados y emplear t\u00e9cnicas avanzadas para producir un prototipo de alta fidelidad. Este paso prueba su concepto de forma tangible, asegurando que cumpla con sus expectativas antes de la producci\u00f3n en masa.<\/p><\/div><\/div>\t\t\t\t<\/div>\n\t\t\t\t<\/div>\n\t\t\t\t\t<\/div>\n\t\t<\/div>\n\t\t\t\t\t<\/div>\n\t\t<\/section>\n\t\t\t\t<section class=\"elementor-section elementor-inner-section elementor-element elementor-element-031044b elementor-section-boxed elementor-section-height-default elementor-section-height-default\" data-id=\"031044b\" data-element_type=\"section\" data-e-type=\"section\" data-settings=\"{&quot;background_background&quot;:&quot;classic&quot;}\">\n\t\t\t\t\t\t<div class=\"elementor-container elementor-column-gap-default\">\n\t\t\t\t\t<div class=\"elementor-column elementor-col-50 elementor-inner-column elementor-element elementor-element-2ee089e\" data-id=\"2ee089e\" data-element_type=\"column\" data-e-type=\"column\">\n\t\t\t<div class=\"elementor-widget-wrap elementor-element-populated\">\n\t\t\t\t\t\t<div class=\"elementor-element elementor-element-0cbc404 elementor-widget elementor-widget-image\" data-id=\"0cbc404\" data-element_type=\"widget\" data-e-type=\"widget\" data-widget_type=\"image.default\">\n\t\t\t\t<div class=\"elementor-widget-container\">\n\t\t\t\t\t\t\t\t\t\t\t\t\t\t\t<img decoding=\"async\" width=\"800\" height=\"534\" src=\"https:\/\/itspromotion.com\/wp-content\/uploads\/2023\/12\/Private-Label-Packaging-1024x684.webp\" class=\"attachment-large size-large wp-image-416\" alt=\"Etiqueta privada y embalaje\" srcset=\"https:\/\/itspromotion.com\/wp-content\/uploads\/2023\/12\/Private-Label-Packaging-1024x684.webp 1024w, https:\/\/itspromotion.com\/wp-content\/uploads\/2023\/12\/Private-Label-Packaging-300x200.webp 300w, https:\/\/itspromotion.com\/wp-content\/uploads\/2023\/12\/Private-Label-Packaging-768x513.webp 768w, https:\/\/itspromotion.com\/wp-content\/uploads\/2023\/12\/Private-Label-Packaging-1536x1026.webp 1536w, https:\/\/itspromotion.com\/wp-content\/uploads\/2023\/12\/Private-Label-Packaging.webp 1920w\" sizes=\"(max-width: 800px) 100vw, 800px\" \/>\t\t\t\t\t\t\t\t\t\t\t\t\t\t\t<\/div>\n\t\t\t\t<\/div>\n\t\t\t\t\t<\/div>\n\t\t<\/div>\n\t\t\t\t<div class=\"elementor-column elementor-col-50 elementor-inner-column elementor-element elementor-element-6e399c9\" data-id=\"6e399c9\" data-element_type=\"column\" data-e-type=\"column\">\n\t\t\t<div class=\"elementor-widget-wrap elementor-element-populated\">\n\t\t\t\t\t\t<div class=\"elementor-element elementor-element-716167f elementor-view-default elementor-widget elementor-widget-icon\" data-id=\"716167f\" data-element_type=\"widget\" data-e-type=\"widget\" data-widget_type=\"icon.default\">\n\t\t\t\t<div class=\"elementor-widget-container\">\n\t\t\t\t\t\t\t<div class=\"elementor-icon-wrapper\">\n\t\t\t<div class=\"elementor-icon\">\n\t\t\t<i aria-hidden=\"true\" class=\"far fa-check-circle\"><\/i>\t\t\t<\/div>\n\t\t<\/div>\n\t\t\t\t\t\t<\/div>\n\t\t\t\t<\/div>\n\t\t\t\t<div class=\"elementor-element elementor-element-f59d212 elementor-widget elementor-widget-image-box\" data-id=\"f59d212\" data-element_type=\"widget\" data-e-type=\"widget\" data-widget_type=\"image-box.default\">\n\t\t\t\t<div class=\"elementor-widget-container\">\n\t\t\t\t\t<div class=\"elementor-image-box-wrapper\"><div class=\"elementor-image-box-content\"><h3 class=\"elementor-image-box-title\"><a href=\"https:\/\/itspromotion.com\/es\/private-label-packaging\/\">Personalizar embalajes <\/a><\/h3><p class=\"elementor-image-box-description\">Ofrecemos servicios especializados en la personalizaci\u00f3n del embalaje para que coincida con la identidad \u00fanica de su producto. Nuestro equipo trabaja con usted para dise\u00f1ar empaques que no solo protejan sino que tambi\u00e9n mejoren el atractivo de su producto, utilizando una variedad de materiales, estilos y t\u00e9cnicas de impresi\u00f3n para crear un empaque que se destaque en el mercado.<\/p><\/div><\/div>\t\t\t\t<\/div>\n\t\t\t\t<\/div>\n\t\t\t\t\t<\/div>\n\t\t<\/div>\n\t\t\t\t\t<\/div>\n\t\t<\/section>\n\t\t\t\t<section class=\"elementor-section elementor-inner-section elementor-element elementor-element-0fd6967 elementor-section-boxed elementor-section-height-default elementor-section-height-default\" data-id=\"0fd6967\" data-element_type=\"section\" data-e-type=\"section\" data-settings=\"{&quot;background_background&quot;:&quot;classic&quot;}\">\n\t\t\t\t\t\t<div class=\"elementor-container elementor-column-gap-default\">\n\t\t\t\t\t<div class=\"elementor-column elementor-col-50 elementor-inner-column elementor-element elementor-element-7922576\" data-id=\"7922576\" data-element_type=\"column\" data-e-type=\"column\">\n\t\t\t<div class=\"elementor-widget-wrap elementor-element-populated\">\n\t\t\t\t\t\t<div class=\"elementor-element elementor-element-3851249 elementor-widget elementor-widget-image\" data-id=\"3851249\" data-element_type=\"widget\" data-e-type=\"widget\" data-widget_type=\"image.default\">\n\t\t\t\t<div class=\"elementor-widget-container\">\n\t\t\t\t\t\t\t\t\t\t\t\t\t\t\t<img loading=\"lazy\" decoding=\"async\" width=\"800\" height=\"534\" src=\"https:\/\/itspromotion.com\/wp-content\/uploads\/2023\/12\/Arrange-Mass-Production-and-Shipping-1024x684.webp\" class=\"attachment-large size-large wp-image-451\" alt=\"Organizar la producci\u00f3n y el env\u00edo en masa\" srcset=\"https:\/\/itspromotion.com\/wp-content\/uploads\/2023\/12\/Arrange-Mass-Production-and-Shipping-1024x684.webp 1024w, https:\/\/itspromotion.com\/wp-content\/uploads\/2023\/12\/Arrange-Mass-Production-and-Shipping-300x200.webp 300w, https:\/\/itspromotion.com\/wp-content\/uploads\/2023\/12\/Arrange-Mass-Production-and-Shipping-768x513.webp 768w, https:\/\/itspromotion.com\/wp-content\/uploads\/2023\/12\/Arrange-Mass-Production-and-Shipping-1536x1026.webp 1536w, https:\/\/itspromotion.com\/wp-content\/uploads\/2023\/12\/Arrange-Mass-Production-and-Shipping.webp 1920w\" sizes=\"(max-width: 800px) 100vw, 800px\" \/>\t\t\t\t\t\t\t\t\t\t\t\t\t\t\t<\/div>\n\t\t\t\t<\/div>\n\t\t\t\t\t<\/div>\n\t\t<\/div>\n\t\t\t\t<div class=\"elementor-column elementor-col-50 elementor-inner-column elementor-element elementor-element-1b96d4b\" data-id=\"1b96d4b\" data-element_type=\"column\" data-e-type=\"column\">\n\t\t\t<div class=\"elementor-widget-wrap elementor-element-populated\">\n\t\t\t\t\t\t<div class=\"elementor-element elementor-element-92fb70f elementor-view-default elementor-widget elementor-widget-icon\" data-id=\"92fb70f\" data-element_type=\"widget\" data-e-type=\"widget\" data-widget_type=\"icon.default\">\n\t\t\t\t<div class=\"elementor-widget-container\">\n\t\t\t\t\t\t\t<div class=\"elementor-icon-wrapper\">\n\t\t\t<div class=\"elementor-icon\">\n\t\t\t<i aria-hidden=\"true\" class=\"far fa-check-circle\"><\/i>\t\t\t<\/div>\n\t\t<\/div>\n\t\t\t\t\t\t<\/div>\n\t\t\t\t<\/div>\n\t\t\t\t<div class=\"elementor-element elementor-element-b0ca912 elementor-widget elementor-widget-image-box\" data-id=\"b0ca912\" data-element_type=\"widget\" data-e-type=\"widget\" data-widget_type=\"image-box.default\">\n\t\t\t\t<div class=\"elementor-widget-container\">\n\t\t\t\t\t<div class=\"elementor-image-box-wrapper\"><div class=\"elementor-image-box-content\"><h3 class=\"elementor-image-box-title\"><a href=\"https:\/\/itspromotion.com\/es\/shipping-logistics\/\">Organizar la producci\u00f3n y el env\u00edo en masa<\/a><\/h3><p class=\"elementor-image-box-description\">Una vez que sus muestras est\u00e9n perfeccionadas, iniciaremos la fase de producci\u00f3n en masa. Nuestra funci\u00f3n incluye supervisar todo el proceso de producci\u00f3n para garantizar que la calidad del producto se mantenga al m\u00e1s alto nivel. Tambi\u00e9n nos encargaremos de la log\u00edstica del env\u00edo de sus productos desde China, garantizando una entrega fluida y eficiente a su destino.<\/p><\/div><\/div>\t\t\t\t<\/div>\n\t\t\t\t<\/div>\n\t\t\t\t\t<\/div>\n\t\t<\/div>\n\t\t\t\t\t<\/div>\n\t\t<\/section>\n\t\t\t\t\t<\/div>\n\t\t<\/div>\n\t\t\t\t\t<\/div>\n\t\t<\/section>\n\t\t\t\t<section class=\"elementor-section elementor-top-section elementor-element elementor-element-ef87359 elementor-section-boxed elementor-section-height-default elementor-section-height-default\" data-id=\"ef87359\" data-element_type=\"section\" data-e-type=\"section\" data-settings=\"{&quot;background_background&quot;:&quot;classic&quot;}\">\n\t\t\t\t\t\t\t<div class=\"elementor-background-overlay\"><\/div>\n\t\t\t\t\t\t\t<div class=\"elementor-container elementor-column-gap-default\">\n\t\t\t\t\t<div class=\"elementor-column elementor-col-100 elementor-top-column elementor-element elementor-element-2b4b408\" data-id=\"2b4b408\" data-element_type=\"column\" data-e-type=\"column\">\n\t\t\t<div class=\"elementor-widget-wrap elementor-element-populated\">\n\t\t\t\t\t\t<section class=\"elementor-section elementor-inner-section elementor-element elementor-element-57658d2 elementor-section-boxed elementor-section-height-default elementor-section-height-default\" data-id=\"57658d2\" data-element_type=\"section\" data-e-type=\"section\">\n\t\t\t\t\t\t<div class=\"elementor-container elementor-column-gap-default\">\n\t\t\t\t\t<div class=\"elementor-column elementor-col-100 elementor-inner-column elementor-element elementor-element-2e03d6a\" data-id=\"2e03d6a\" data-element_type=\"column\" data-e-type=\"column\" data-settings=\"{&quot;background_background&quot;:&quot;classic&quot;}\">\n\t\t\t<div class=\"elementor-widget-wrap elementor-element-populated\">\n\t\t\t\t\t\t<div class=\"elementor-element elementor-element-55646c5 elementor-widget elementor-widget-heading\" data-id=\"55646c5\" data-element_type=\"widget\" data-e-type=\"widget\" data-widget_type=\"heading.default\">\n\t\t\t\t<div class=\"elementor-widget-container\">\n\t\t\t\t\t<h2 class=\"elementor-heading-title elementor-size-default\">\u00bfEst\u00e1 listo para desarrollar sus propios productos?<\/h2>\t\t\t\t<\/div>\n\t\t\t\t<\/div>\n\t\t\t\t<div class=\"elementor-element elementor-element-411aa8d elementor-align-center elementor-invisible elementor-widget elementor-widget-button\" data-id=\"411aa8d\" data-element_type=\"widget\" data-e-type=\"widget\" data-settings=\"{&quot;_animation&quot;:&quot;fadeInUp&quot;}\" data-widget_type=\"button.default\">\n\t\t\t\t<div class=\"elementor-widget-container\">\n\t\t\t\t\t\t\t\t\t<div class=\"elementor-button-wrapper\">\n\t\t\t\t\t<a class=\"elementor-button elementor-button-link elementor-size-sm\" href=\"https:\/\/itspromotion.com\/es\/contact-us\/\">\n\t\t\t\t\t\t<span class=\"elementor-button-content-wrapper\">\n\t\t\t\t\t\t\t\t\t<span class=\"elementor-button-text\">Habla con nosotros ahora<\/span>\n\t\t\t\t\t<\/span>\n\t\t\t\t\t<\/a>\n\t\t\t\t<\/div>\n\t\t\t\t\t\t\t\t<\/div>\n\t\t\t\t<\/div>\n\t\t\t\t\t<\/div>\n\t\t<\/div>\n\t\t\t\t\t<\/div>\n\t\t<\/section>\n\t\t\t\t\t<\/div>\n\t\t<\/div>\n\t\t\t\t\t<\/div>\n\t\t<\/section>\n\t\t\t\t<\/div>","protected":false},"excerpt":{"rendered":"<p>Desarrollo de productos \u00a1Transforme sus ideas en l\u00edderes del mercado! As\u00f3ciese con nosotros para crear productos innovadores que forjar\u00e1n una posici\u00f3n \u00fanica en el mercado y le brindar\u00e1n una ventaja competitiva. Brindamos orientaci\u00f3n experta en cada etapa del proceso de desarrollo, asegurando que su visi\u00f3n se convierta en una realidad exitosa. P\u00f3ngase en contacto hoy para comenzar [\u2026]<\/p>","protected":false},"author":1,"featured_media":0,"parent":0,"menu_order":0,"comment_status":"closed","ping_status":"closed","template":"","meta":{"footnotes":""},"class_list":["post-255","page","type-page","status-publish","hentry"],"_links":{"self":[{"href":"https:\/\/itspromotion.com\/es\/wp-json\/wp\/v2\/pages\/255"}],"collection":[{"href":"https:\/\/itspromotion.com\/es\/wp-json\/wp\/v2\/pages"}],"about":[{"href":"https:\/\/itspromotion.com\/es\/wp-json\/wp\/v2\/types\/page"}],"author":[{"embeddable":true,"href":"https:\/\/itspromotion.com\/es\/wp-json\/wp\/v2\/users\/1"}],"replies":[{"embeddable":true,"href":"https:\/\/itspromotion.com\/es\/wp-json\/wp\/v2\/comments?post=255"}],"version-history":[{"count":22,"href":"https:\/\/itspromotion.com\/es\/wp-json\/wp\/v2\/pages\/255\/revisions"}],"predecessor-version":[{"id":709,"href":"https:\/\/itspromotion.com\/es\/wp-json\/wp\/v2\/pages\/255\/revisions\/709"}],"wp:attachment":[{"href":"https:\/\/itspromotion.com\/es\/wp-json\/wp\/v2\/media?parent=255"}],"curies":[{"name":"wp","href":"https:\/\/api.w.org\/{rel}","templated":true}]}}