{"id":515,"date":"2023-12-16T05:52:13","date_gmt":"2023-12-16T05:52:13","guid":{"rendered":"https:\/\/itspromotion.com\/?page_id=515"},"modified":"2023-12-22T12:57:26","modified_gmt":"2023-12-22T12:57:26","slug":"contact-us","status":"publish","type":"page","link":"https:\/\/itspromotion.com\/de\/contact-us\/","title":{"rendered":"Kontaktiere uns"},"content":{"rendered":"<div data-elementor-type=\"wp-page\" data-elementor-id=\"515\" class=\"elementor elementor-515\" data-elementor-post-type=\"page\">\n\t\t\t\t\t\t<section class=\"elementor-section elementor-top-section elementor-element elementor-element-18e1b21 elementor-section-boxed elementor-section-height-default elementor-section-height-default\" data-id=\"18e1b21\" data-element_type=\"section\" data-e-type=\"section\">\n\t\t\t\t\t\t<div class=\"elementor-container elementor-column-gap-default\">\n\t\t\t\t\t<div class=\"elementor-column elementor-col-100 elementor-top-column elementor-element elementor-element-97bf303\" data-id=\"97bf303\" data-element_type=\"column\" data-e-type=\"column\">\n\t\t\t<div class=\"elementor-widget-wrap elementor-element-populated\">\n\t\t\t\t\t\t<div class=\"elementor-element elementor-element-0157de7 elementor-widget elementor-widget-heading\" data-id=\"0157de7\" data-element_type=\"widget\" data-e-type=\"widget\" data-widget_type=\"heading.default\">\n\t\t\t\t<div class=\"elementor-widget-container\">\n\t\t\t\t\t<h2 class=\"elementor-heading-title elementor-size-default\">Senden Sie Ihre Anfragen<\/h2>\t\t\t\t<\/div>\n\t\t\t\t<\/div>\n\t\t\t\t<div class=\"elementor-element elementor-element-5708056 elementor-widget elementor-widget-text-editor\" data-id=\"5708056\" data-element_type=\"widget\" data-e-type=\"widget\" data-widget_type=\"text-editor.default\">\n\t\t\t\t<div class=\"elementor-widget-container\">\n\t\t\t\t\t\t\t\t\t<p>F\u00fcllen Sie dieses Formular aus und beschreiben Sie Ihre spezifischen Anforderungen. Unser engagiertes Kundensupport-Team wird sich in K\u00fcrze mit Ihnen in Verbindung setzen.<\/p><p>Sollten Sie beim Absenden des Formulars auf Schwierigkeiten sto\u00dfen, kontaktieren Sie uns bitte per E-Mail unter: <a href=\"mailto:info@itspromotion.com\">info@itspromotion.com<\/a>\u00a0<\/p>\t\t\t\t\t\t\t\t<\/div>\n\t\t\t\t<\/div>\n\t\t\t\t\t<\/div>\n\t\t<\/div>\n\t\t\t\t\t<\/div>\n\t\t<\/section>\n\t\t\t\t<section class=\"elementor-section elementor-top-section elementor-element elementor-element-14ad623 elementor-section-boxed elementor-section-height-default elementor-section-height-default\" data-id=\"14ad623\" data-element_type=\"section\" data-e-type=\"section\">\n\t\t\t\t\t\t<div class=\"elementor-container elementor-column-gap-default\">\n\t\t\t\t\t<div class=\"elementor-column elementor-col-100 elementor-top-column elementor-element elementor-element-944fea2\" data-id=\"944fea2\" data-element_type=\"column\" data-e-type=\"column\" data-settings=\"{&quot;background_background&quot;:&quot;classic&quot;}\">\n\t\t\t<div class=\"elementor-widget-wrap elementor-element-populated\">\n\t\t\t\t\t\t<div class=\"elementor-element elementor-element-7c1638a fluentform-widget-submit-button-custom elementor-widget elementor-widget-fluent-form-widget\" data-id=\"7c1638a\" data-element_type=\"widget\" data-e-type=\"widget\" data-widget_type=\"fluent-form-widget.default\">\n\t\t\t\t<div class=\"elementor-widget-container\">\n\t\t\t\t\t\n            <div class=\"fluentform-widget-wrapper hide-placeholder fluentform-widget-align-default\">\n\n            \n            <div class='fluentform ff-default fluentform_wrapper_3 ffs_default_wrap'><form data-form_id=\"3\" id=\"fluentform_3\" class=\"frm-fluent-form fluent_form_3 ff-el-form-top ff_form_instance_3_1 ff-form-loading ffs_default\" data-form_instance=\"ff_form_instance_3_1\" method=\"POST\" action=\"\" ><fieldset  style=\"border: none!important;margin: 0!important;padding: 0!important;background-color: transparent!important;box-shadow: none!important;outline: none!important; min-inline-size: 100%;\">\n                    <legend class=\"ff_screen_reader_title\" style=\"display: block; margin: 0!important;padding: 0!important;height: 0!important;text-indent: -999999px;width: 0!important;overflow:hidden;\">Kontaktformular<\/legend><input type='hidden' name='__fluent_form_embded_post_id' value='515' \/><input type=\"hidden\" id=\"_fluentform_3_fluentformnonce\" name=\"_fluentform_3_fluentformnonce\" value=\"cee8be0ab1\" \/><input type=\"hidden\" name=\"_wp_http_referer\" value=\"\/de\/wp-json\/wp\/v2\/pages\/515\" \/><div data-type=\"name-element\" data-name=\"names\" class=\"ff-field_container ff-name-field-wrapper\" ><div class='ff-t-container'><div class='ff-t-cell'><div class='ff-el-group  ff-el-form-top'><div class=\"ff-el-input--label ff-el-is-required asterisk-right\"><label for='ff_3_names_first_name_' id='label_ff_3_names_first_name_' >Vorname<\/label><\/div><div class='ff-el-input--content'><input type=\"text\" name=\"names[first_name]\" id=\"ff_3_names_first_name_\" class=\"ff-el-form-control\" placeholder=\"Vorname\" aria-invalid=\"false\" aria-required=\"true\"><\/div><\/div><\/div><div class='ff-t-cell'><div class='ff-el-group  ff-el-form-top'><div class=\"ff-el-input--label asterisk-right\"><label for='ff_3_names_last_name_' id='label_ff_3_names_last_name_' >Familienname, Nachname<\/label><\/div><div class='ff-el-input--content'><input type=\"text\" name=\"names[last_name]\" id=\"ff_3_names_last_name_\" class=\"ff-el-form-control\" placeholder=\"Familienname, Nachname\" aria-invalid=\"false\" aria-required=\"false\"><\/div><\/div><\/div><\/div><\/div><div data-name=\"ff_cn_id_1\"  class='ff-t-container ff-column-container ff_columns_total_2'><div class='ff-t-cell ff-t-column-1' style='flex-basis: 50%;'><div class='ff-el-group'><div class=\"ff-el-input--label ff-el-is-required asterisk-right\"><label for='ff_3_email' id='label_ff_3_email' aria-label=\"Email\">Email<\/label><\/div><div class='ff-el-input--content'><input type=\"email\" name=\"email\" id=\"ff_3_email\" class=\"ff-el-form-control\" placeholder=\"E-Mail-Adresse\" data-name=\"email\"  aria-invalid=\"false\" aria-required=\"true\"><\/div><\/div><\/div><div class='ff-t-cell ff-t-column-2' style='flex-basis: 50%;'><div class='ff-el-group'><div class=\"ff-el-input--label ff-el-is-required asterisk-right\"><label for='ff_3_input_text' id='label_ff_3_input_text' aria-label=\"Telefonnummer\">Telefonnummer<\/label><\/div><div class='ff-el-input--content'><input type=\"text\" name=\"input_text\" class=\"ff-el-form-control\" data-name=\"input_text\" id=\"ff_3_input_text\"  aria-invalid=\"false\" aria-required=\"true\"><\/div><\/div><\/div><\/div><div class='ff-el-group'><div class=\"ff-el-input--label asterisk-right\"><label for='ff_3_country-list' id='label_ff_3_country-list' aria-label=\"Land ausw\u00e4hlen\">Land ausw\u00e4hlen<\/label><\/div><div class='ff-el-input--content'><select name=\"country-list\" id=\"ff_3_country-list\" class=\"ff-el-form-control\" data-name=\"country-list\" aria-invalid='false' aria-required=\"false\"><option value=''><\/option><option value='AF' >Afghanistan<\/option><option value='AL' >Albanien<\/option><option value='DZ' >Algerien<\/option><option value='AS' >Amerikanisch-Samoa<\/option><option value='VI' >Amerikanische Jungferninseln<\/option><option value='AD' >Andorra<\/option><option value='AO' >Angola<\/option><option value='AI' >Anguilla<\/option><option value='AQ' >Antarktika<\/option><option value='AG' >Antigua und Barbuda<\/option><option value='AR' >Argentinien<\/option><option value='AM' >Armenien<\/option><option value='AW' >Aruba<\/option><option value='AZ' >Aserbaidschan<\/option><option value='AU' >Australien<\/option><option value='BS' >Bahamas<\/option><option value='BH' >Bahrain<\/option><option value='BD' >Bangladesch<\/option><option value='BB' >Barbados<\/option><option value='BY' >Belarus<\/option><option value='BE' >Belgien<\/option><option value='BZ' >Belize<\/option><option value='BJ' >Benin<\/option><option value='BM' >Bermuda<\/option><option value='BT' >Bhutan<\/option><option value='BO' >Bolivien<\/option><option value='BQ' >Bonaire, Sint Eustatius und Saba<\/option><option value='BA' >Bosnien und Herzegowina<\/option><option value='BW' >Botswana<\/option><option value='BV' >Bouvetinsel<\/option><option value='BR' >Brasilien<\/option><option value='VG' >Britische Jungferninseln<\/option><option value='IO' >Britisches Territorium im Indischen Ozean<\/option><option value='BN' >Brunei<\/option><option value='BG' >Bulgarien<\/option><option value='BF' >Burkina Faso<\/option><option value='BI' >Burundi<\/option><option value='CV' >Cabo Verde<\/option><option value='CL' >Chile<\/option><option value='CN' >China<\/option><option value='CK' >Kochinseln<\/option><option value='CR' >Costa Rica<\/option><option value='CW' >Cura\u00e7ao<\/option><option value='CD' >Demokratische Republik Kongo (Kinshasa)<\/option><option value='DE' >Deutschland<\/option><option value='DM' >Dominica<\/option><option value='DO' >Dominikanische Republik<\/option><option value='DJ' >Dschibuti<\/option><option value='DK' >D\u00e4nemark<\/option><option value='EC' >Ecuador<\/option><option value='SV' >El Salvador<\/option><option value='CI' >Elfenbeink\u00fcste<\/option><option value='ER' >Eritrea<\/option><option value='EE' >Estland<\/option><option value='SZ' >Eswatini<\/option><option value='FK' >Falklandinseln<\/option><option value='FJ' >Fidschi<\/option><option value='FI' >Finnland<\/option><option value='FR' >Frankreich<\/option><option value='GF' >Franz\u00f6sisch-Guayana<\/option><option value='PF' >Franz\u00f6sisch-Polynesien<\/option><option value='TF' >Franz\u00f6sische S\u00fcd- und Antarktisgebiete<\/option><option value='FO' >F\u00e4r\u00f6er<\/option><option value='GA' >Gabun<\/option><option value='GM' >Gambia<\/option><option value='GE' >Georgien<\/option><option value='GH' >Ghana<\/option><option value='GI' >Gibraltar<\/option><option value='GD' >Grenada<\/option><option value='GR' >Griechenland<\/option><option value='GL' >Gr\u00f6nland<\/option><option value='GP' >Guadeloupe<\/option><option value='GU' >Guam<\/option><option value='GT' >Guatemala<\/option><option value='GG' >Guernsey<\/option><option value='GN' >Guinea<\/option><option value='GW' >Guinea-Bissau<\/option><option value='GY' >Guyana<\/option><option value='HT' >Haiti<\/option><option value='HM' >Heard und McDonaldinseln<\/option><option value='HN' >Honduras<\/option><option value='HK' >Hongkong<\/option><option value='IN' >Indien<\/option><option value='ID' >Indonesien<\/option><option value='IQ' >Irak<\/option><option value='IR' >Iran<\/option><option value='IE' >Irland<\/option><option value='IS' >Insel<\/option><option value='IM' >Isle of Man<\/option><option value='IL' >Israel<\/option><option value='IT' >Italien<\/option><option value='JM' >Jamaika<\/option><option value='JP' >Japan<\/option><option value='YE' >Jemen<\/option><option value='JE' >Jersey<\/option><option value='JO' >Jordanien<\/option><option value='KY' >Kaimaninseln<\/option><option value='KH' >Kambodscha<\/option><option value='CM' >Kamerun<\/option><option value='CA' >Kanada<\/option><option value='KZ' >Kasachstan<\/option><option value='QA' >Katar<\/option><option value='KE' >Kenia<\/option><option value='KG' >Kirgisistan<\/option><option value='KI' >Kiribati<\/option><option value='CC' >Kokosinseln (Keelinginseln)<\/option><option value='CO' >Kolumbien<\/option><option value='KM' >Komoren<\/option><option value='XK' >Kosovo<\/option><option value='HR' >Kroatien<\/option><option value='CU' >Kuba<\/option><option value='KW' >Kuwait<\/option><option value='LA' >Laos<\/option><option value='LS' >Lesotho<\/option><option value='LV' >Lettland<\/option><option value='LB' >Libanon<\/option><option value='LR' >Liberia<\/option><option value='LY' >Libyen<\/option><option value='LI' >Liechtenstein<\/option><option value='LT' >Litauen<\/option><option value='LU' >Luxemburg<\/option><option value='MO' >Macau, China<\/option><option value='MG' >Madagaskar<\/option><option value='MW' >Malawi<\/option><option value='MY' >Malaysia<\/option><option value='MV' >Malediven<\/option><option value='ML' >Mali<\/option><option value='MT' >Malta<\/option><option value='MA' >Marokko<\/option><option value='MH' >Marshallinseln<\/option><option value='MQ' >Martinique<\/option><option value='MR' >Mauretanien<\/option><option value='MU' >Mauritius<\/option><option value='YT' >Mayotte<\/option><option value='MX' >Mexiko<\/option><option value='FM' >Mikronesien<\/option><option value='MD' >Moldau<\/option><option value='MC' >Monaco<\/option><option value='MN' >Mongolei<\/option><option value='ME' >Montenegro<\/option><option value='MS' >Montserrat<\/option><option value='MZ' >Mosambik<\/option><option value='MM' >Myanmar<\/option><option value='NA' >Namibia<\/option><option value='NR' >Nauru<\/option><option value='NP' >Nepal<\/option><option value='NC' >Neukaledonien<\/option><option value='NZ' >Neuseeland<\/option><option value='NI' >Nicaragua<\/option><option value='NL' >Niederlande<\/option><option value='NE' >Niger<\/option><option value='NG' >Nigeria<\/option><option value='NU' >Niue<\/option><option value='KP' >Nordkorea<\/option><option value='NF' >Norfolkinsel<\/option><option value='MK' >North Macedonia<\/option><option value='NO' >Norwegen<\/option><option value='MP' >N\u00f6rdliche Marianen<\/option><option value='OM' >Oman<\/option><option value='TL' >Osttimor<\/option><option value='PK' >Pakistan<\/option><option value='PW' >Palau<\/option><option value='PS' >Pal\u00e4stinensische Autonomiegebiete<\/option><option value='PA' >Panama<\/option><option value='PG' >Papua-Neuguinea<\/option><option value='PY' >Paraguay<\/option><option value='PE' >Peru<\/option><option value='PH' >Philippinen<\/option><option value='PN' >Pitcairninseln<\/option><option value='PL' >Polen<\/option><option value='PT' >Portugal<\/option><option value='PR' >Puerto Rico<\/option><option value='CG' >Republik Kongo (Brazzaville)<\/option><option value='RW' >Ruanda<\/option><option value='RO' >Rum\u00e4nien<\/option><option value='RU' >Russland<\/option><option value='RE' >Wiedervereinigung<\/option><option value='BL' >Saint Barth\u00e9lemy<\/option><option value='PM' >Saint-Pierre und Miquelon<\/option><option value='SB' >Salomonen<\/option><option value='ZM' >Sambia<\/option><option value='WS' >Samoa<\/option><option value='SM' >San Marino<\/option><option value='ST' >S\u00e3o Tom\u00e9 und Pr\u00edncipe<\/option><option value='SA' >Saudi-Arabien<\/option><option value='SE' >Schweden<\/option><option value='CH' >Schweiz<\/option><option value='SN' >Senegal<\/option><option value='RS' >Serbien<\/option><option value='SC' >Seychellen<\/option><option value='SL' >Sierra Leone<\/option><option value='ZW' >Simbabwe<\/option><option value='SG' >Singapur<\/option><option value='SK' >Slowakei<\/option><option value='SI' >Slowenien<\/option><option value='SO' >Somalia<\/option><option value='ES' >Spanien<\/option><option value='SJ' >Spitzbergen und Jan Mayen<\/option><option value='LK' >Sri Lanka<\/option><option value='SH' >St. Helena<\/option><option value='KN' >St. Kitts und Nevis<\/option><option value='LC' >St. Lucia<\/option><option value='MF' >St. Martin (Frankreich)<\/option><option value='SX' >St. Martin (Niederlande)<\/option><option value='VC' >St. Vincent und die Grenadinen<\/option><option value='SD' >Sudan<\/option><option value='SR' >Surinam<\/option><option value='SY' >Syrien<\/option><option value='ZA' >S\u00fcdafrika<\/option><option value='GS' >S\u00fcdgeorgien\/Sandwichinseln<\/option><option value='KR' >S\u00fcdkorea<\/option><option value='SS' >S\u00fcdsudan<\/option><option value='TJ' >Tadschikistan<\/option><option value='TW' >Taiwan<\/option><option value='TZ' >Tansania<\/option><option value='TH' >Thailand<\/option><option value='TG' >Gehen<\/option><option value='TK' >Tokelau<\/option><option value='TO' >Tonga<\/option><option value='TT' >Trinidad und Tobago<\/option><option value='TD' >Tschad<\/option><option value='CZ' >Tschechien<\/option><option value='TN' >Tunesien<\/option><option value='TM' >Turkmenistan<\/option><option value='TC' >Turks- und Caicosinseln<\/option><option value='TV' >Tuvalu<\/option><option value='TR' >T\u00fcrkiye<\/option><option value='UG' >Uganda<\/option><option value='UA' >Ukraine<\/option><option value='HU' >Ungarn<\/option><option value='UM' >Kleinere vorgelagerte Inseln der Vereinigten Staaten (US).<\/option><option value='UY' >Uruguay<\/option><option value='UZ' >Usbekistan<\/option><option value='VU' >Vanuatu<\/option><option value='VA' >Vatikanstadt<\/option><option value='VE' >Venezuela<\/option><option value='AE' >Vereinigte Arabische Emirate<\/option><option value='US' >Vereinigte Staaten von Amerika (USA)<\/option><option value='GB' >Vereinigtes K\u00f6nigreich<\/option><option value='VN' >Vietnam<\/option><option value='WF' >Wallis und Futuna<\/option><option value='CX' >Weihnachtsinsel<\/option><option value='EH' >Westsahara<\/option><option value='CF' >Zentralafrikanische Republik<\/option><option value='CY' >Zypern<\/option><option value='EG' >\u00c4gypten<\/option><option value='GQ' >\u00c4quatorialguinea<\/option><option value='ET' >\u00c4thiopien<\/option><option value='AX' >\u00c5landinseln<\/option><option value='AT' >\u00d6sterreich<\/option><\/select><\/div><\/div><div class='ff-el-group' ><div class='ff-el-input--content'><div data-fluent_id='3' name='g-recaptcha-response'><div\n\t\tdata-sitekey='6LfcRjMpAAAAAF4oDJ3NvUebeaB_AfxKfvl71GZz'\n\t\tid='fluentform-recaptcha-3-1'\n\t\tclass='ff-el-recaptcha g-recaptcha'\n\t\tdata-callback='fluentFormrecaptchaSuccessCallback'><\/div><\/div><\/div><\/div><div class='ff-el-group'><div class=\"ff-el-input--label asterisk-right\"><label for='ff_3_description' id='label_ff_3_description' aria-label=\"Mitteilungen\">Mitteilungen<\/label><\/div><div class='ff-el-input--content'><textarea aria-required=\"false\" aria-labelledby=\"label_ff_3_description\" name=\"description\" id=\"ff_3_description\" class=\"ff-el-form-control\" rows=\"5\" cols=\"2\" data-name=\"description\" ><\/textarea><\/div><\/div><div class='ff-el-group ff-text-left ff_submit_btn_wrapper'><button type=\"submit\" class=\"ff-btn ff-btn-submit ff-btn-md ff_btn_style wpf_has_custom_css\"  aria-label=\"Einreichen\">Einreichen<\/button><\/div><\/fieldset><input type=\"hidden\" name=\"trp-form-language\" value=\"de\"\/><\/form><div id='fluentform_3_errors' class='ff-errors-in-stack ff_form_instance_3_1 ff-form-loading_errors ff_form_instance_3_1_errors'><\/div><\/div>            <script type=\"text\/javascript\">\n                window.fluent_form_ff_form_instance_3_1 = {\"id\":\"3\",\"ajaxUrl\":\"https:\\\/\\\/itspromotion.com\\\/wp-admin\\\/admin-ajax.php\",\"settings\":{\"layout\":{\"labelPlacement\":\"top\",\"helpMessagePlacement\":\"with_label\",\"errorMessagePlacement\":\"inline\",\"cssClassName\":\"\",\"asteriskPlacement\":\"asterisk-right\"},\"restrictions\":{\"denyEmptySubmission\":{\"enabled\":false}}},\"form_instance\":\"ff_form_instance_3_1\",\"form_id_selector\":\"fluentform_3\",\"rules\":{\"names[first_name]\":{\"required\":{\"value\":true,\"message\":\"Dieses Feld ist erforderlich\",\"global_message\":\"This field is required\",\"global\":true}},\"names[middle_name]\":{\"required\":{\"value\":false,\"message\":\"Dieses Feld ist erforderlich\",\"global_message\":\"This field is required\",\"global\":true}},\"names[last_name]\":{\"required\":{\"value\":false,\"message\":\"Dieses Feld ist erforderlich\",\"global_message\":\"This field is required\",\"global\":true}},\"email\":{\"required\":{\"value\":true,\"message\":\"Dieses Feld ist erforderlich\",\"global_message\":\"This field is required\",\"global\":true},\"email\":{\"value\":true,\"message\":\"Dieses Feld muss eine g\\u00fcltige E-Mail-Adresse enthalten\",\"global_message\":\"This field must contain a valid email\",\"global\":true}},\"input_text\":{\"required\":{\"value\":true,\"message\":\"Dieses Feld ist erforderlich\",\"global_message\":\"This field is required\",\"global\":true}},\"country-list\":{\"required\":{\"value\":false,\"message\":\"Dieses Feld ist erforderlich\",\"global_message\":\"This field is required\",\"global\":true}},\"g-recaptcha-response\":[],\"description\":{\"required\":{\"value\":false,\"message\":\"Dieses Feld ist erforderlich\",\"global_message\":\"This field is required\",\"global\":true}}},\"debounce_time\":300};\n                            <\/script>\n                        <\/div>\n\n            \t\t\t\t<\/div>\n\t\t\t\t<\/div>\n\t\t\t\t\t<\/div>\n\t\t<\/div>\n\t\t\t\t\t<\/div>\n\t\t<\/section>\n\t\t\t\t<\/div>","protected":false},"excerpt":{"rendered":"<p>Senden Sie Ihre Anfragen. F\u00fcllen Sie dieses Formular aus und beschreiben Sie Ihre spezifischen Anforderungen. Unser engagiertes Kundensupport-Team wird sich in K\u00fcrze mit Ihnen in Verbindung setzen. Sollten Sie beim Absenden des Formulars auf Schwierigkeiten sto\u00dfen, kontaktieren Sie uns bitte per E-Mail unter: info@itspromotion.com Kontaktformular VornameNachnameE-MailTelefonnummerLand ausw\u00e4hlenAfghanistanAlandinselnAlbanienAlgerienAmerikanisch-SamoaAndorraAngolaAnguillaAntarktisAntigua und BarbudaArgentinienArmenienArubaAustralien\u00d6sterreichAserbaidschanBahamasBahrainBangladeschBarbadosWei\u00dfrusslandBelauBelgienBelizeBeninBerm udaBhutanBolivienBonaire, Heiliger Eustatius und [\u2026]<\/p>","protected":false},"author":1,"featured_media":0,"parent":0,"menu_order":0,"comment_status":"closed","ping_status":"closed","template":"","meta":{"footnotes":""},"class_list":["post-515","page","type-page","status-publish","hentry"],"_links":{"self":[{"href":"https:\/\/itspromotion.com\/de\/wp-json\/wp\/v2\/pages\/515"}],"collection":[{"href":"https:\/\/itspromotion.com\/de\/wp-json\/wp\/v2\/pages"}],"about":[{"href":"https:\/\/itspromotion.com\/de\/wp-json\/wp\/v2\/types\/page"}],"author":[{"embeddable":true,"href":"https:\/\/itspromotion.com\/de\/wp-json\/wp\/v2\/users\/1"}],"replies":[{"embeddable":true,"href":"https:\/\/itspromotion.com\/de\/wp-json\/wp\/v2\/comments?post=515"}],"version-history":[{"count":34,"href":"https:\/\/itspromotion.com\/de\/wp-json\/wp\/v2\/pages\/515\/revisions"}],"predecessor-version":[{"id":1185,"href":"https:\/\/itspromotion.com\/de\/wp-json\/wp\/v2\/pages\/515\/revisions\/1185"}],"wp:attachment":[{"href":"https:\/\/itspromotion.com\/de\/wp-json\/wp\/v2\/media?parent=515"}],"curies":[{"name":"wp","href":"https:\/\/api.w.org\/{rel}","templated":true}]}}