{"id":263,"date":"2023-12-13T12:32:33","date_gmt":"2023-12-13T12:32:33","guid":{"rendered":"https:\/\/itspromotion.com\/?page_id=263"},"modified":"2023-12-16T08:21:39","modified_gmt":"2023-12-16T08:21:39","slug":"quality-control","status":"publish","type":"page","link":"https:\/\/itspromotion.com\/de\/quality-control\/","title":{"rendered":"Qualit\u00e4tskontrolle"},"content":{"rendered":"<div data-elementor-type=\"wp-page\" data-elementor-id=\"263\" class=\"elementor elementor-263\" data-elementor-post-type=\"page\">\n\t\t\t\t\t\t<section class=\"elementor-section elementor-top-section elementor-element elementor-element-3e1414c elementor-section-height-min-height elementor-section-boxed elementor-section-height-default elementor-section-items-middle\" data-id=\"3e1414c\" data-element_type=\"section\" data-e-type=\"section\" data-settings=\"{&quot;background_background&quot;:&quot;classic&quot;}\">\n\t\t\t\t\t\t\t<div class=\"elementor-background-overlay\"><\/div>\n\t\t\t\t\t\t\t<div class=\"elementor-container elementor-column-gap-default\">\n\t\t\t\t\t<div class=\"elementor-column elementor-col-100 elementor-top-column elementor-element elementor-element-dabd49a\" data-id=\"dabd49a\" data-element_type=\"column\" data-e-type=\"column\">\n\t\t\t<div class=\"elementor-widget-wrap elementor-element-populated\">\n\t\t\t\t\t\t<div class=\"elementor-element elementor-element-ebe8961 elementor-widget elementor-widget-heading\" data-id=\"ebe8961\" data-element_type=\"widget\" data-e-type=\"widget\" data-widget_type=\"heading.default\">\n\t\t\t\t<div class=\"elementor-widget-container\">\n\t\t\t\t\t<h2 class=\"elementor-heading-title elementor-size-default\">Qualit\u00e4tskontrolle<\/h2>\t\t\t\t<\/div>\n\t\t\t\t<\/div>\n\t\t\t\t<div class=\"elementor-element elementor-element-2297102 elementor-widget elementor-widget-text-editor\" data-id=\"2297102\" data-element_type=\"widget\" data-e-type=\"widget\" data-widget_type=\"text-editor.default\">\n\t\t\t\t<div class=\"elementor-widget-container\">\n\t\t\t\t\t\t\t\t\t<p>Wir sind bestrebt, bei jedem Produkt h\u00f6chste Qualit\u00e4tsstandards zu gew\u00e4hrleisten. Unser Qualit\u00e4tskontrollprozess umfasst sorgf\u00e4ltige Kontrollen in verschiedenen Produktionsphasen und stellt sicher, dass jeder Artikel Ihren Spezifikationen und Qualit\u00e4tserwartungen entspricht, bevor er Sie erreicht.<\/p>\t\t\t\t\t\t\t\t<\/div>\n\t\t\t\t<\/div>\n\t\t\t\t<div class=\"elementor-element elementor-element-4ab98d0 elementor-align-center elementor-invisible elementor-widget elementor-widget-button\" data-id=\"4ab98d0\" data-element_type=\"widget\" data-e-type=\"widget\" data-settings=\"{&quot;_animation&quot;:&quot;fadeInUp&quot;}\" data-widget_type=\"button.default\">\n\t\t\t\t<div class=\"elementor-widget-container\">\n\t\t\t\t\t\t\t\t\t<div class=\"elementor-button-wrapper\">\n\t\t\t\t\t<a class=\"elementor-button elementor-button-link elementor-size-sm\" href=\"https:\/\/itspromotion.com\/de\/contact-us\/\">\n\t\t\t\t\t\t<span class=\"elementor-button-content-wrapper\">\n\t\t\t\t\t\t\t\t\t<span class=\"elementor-button-text\">Fordern Sie ein Angebot an<\/span>\n\t\t\t\t\t<\/span>\n\t\t\t\t\t<\/a>\n\t\t\t\t<\/div>\n\t\t\t\t\t\t\t\t<\/div>\n\t\t\t\t<\/div>\n\t\t\t\t\t<\/div>\n\t\t<\/div>\n\t\t\t\t\t<\/div>\n\t\t<\/section>\n\t\t\t\t<section class=\"elementor-section elementor-top-section elementor-element elementor-element-14efd40 elementor-section-boxed elementor-section-height-default elementor-section-height-default\" data-id=\"14efd40\" data-element_type=\"section\" data-e-type=\"section\">\n\t\t\t\t\t\t<div class=\"elementor-container elementor-column-gap-default\">\n\t\t\t\t\t<div class=\"elementor-column elementor-col-100 elementor-top-column elementor-element elementor-element-59e6346\" data-id=\"59e6346\" data-element_type=\"column\" data-e-type=\"column\">\n\t\t\t<div class=\"elementor-widget-wrap elementor-element-populated\">\n\t\t\t\t\t\t<div class=\"elementor-element elementor-element-f92afb6 elementor-widget elementor-widget-heading\" data-id=\"f92afb6\" data-element_type=\"widget\" data-e-type=\"widget\" data-widget_type=\"heading.default\">\n\t\t\t\t<div class=\"elementor-widget-container\">\n\t\t\t\t\t<h2 class=\"elementor-heading-title elementor-size-default\">Wir bieten zwei Optionen der Produktinspektion an.<\/h2>\t\t\t\t<\/div>\n\t\t\t\t<\/div>\n\t\t\t\t\t<\/div>\n\t\t<\/div>\n\t\t\t\t\t<\/div>\n\t\t<\/section>\n\t\t\t\t<section class=\"elementor-section elementor-top-section elementor-element elementor-element-02ef29e elementor-section-boxed elementor-section-height-default elementor-section-height-default\" data-id=\"02ef29e\" data-element_type=\"section\" data-e-type=\"section\">\n\t\t\t\t\t\t<div class=\"elementor-container elementor-column-gap-default\">\n\t\t\t\t\t<div class=\"elementor-column elementor-col-50 elementor-top-column elementor-element elementor-element-b5bdfd4\" data-id=\"b5bdfd4\" data-element_type=\"column\" data-e-type=\"column\">\n\t\t\t<div class=\"elementor-widget-wrap elementor-element-populated\">\n\t\t\t\t\t\t<div class=\"elementor-element elementor-element-a2d7d62 elementor-widget elementor-widget-heading\" data-id=\"a2d7d62\" data-element_type=\"widget\" data-e-type=\"widget\" data-widget_type=\"heading.default\">\n\t\t\t\t<div class=\"elementor-widget-container\">\n\t\t\t\t\t<h2 class=\"elementor-heading-title elementor-size-default\">Durch ITS Promotion<\/h2>\t\t\t\t<\/div>\n\t\t\t\t<\/div>\n\t\t\t\t<div class=\"elementor-element elementor-element-0364922 elementor-widget elementor-widget-text-editor\" data-id=\"0364922\" data-element_type=\"widget\" data-e-type=\"widget\" data-widget_type=\"text-editor.default\">\n\t\t\t\t<div class=\"elementor-widget-container\">\n\t\t\t\t\t\t\t\t\t<p>ITS Promotion bietet umfassende interne Qualit\u00e4tskontroll- und Produktinspektionsdienste. Unser engagiertes Expertenteam ist auf die \u00dcberwachung und Bewertung der Qualit\u00e4t von Produkten w\u00e4hrend des gesamten Herstellungsprozesses spezialisiert. Dazu geh\u00f6ren strenge Kontrollen in verschiedenen Produktionsphasen, um sicherzustellen, dass jeder Artikel unseren hohen Anspr\u00fcchen an Qualit\u00e4t, Funktionalit\u00e4t und Sicherheit entspricht.<\/p><p>Unsere internen Qualit\u00e4tskontrollma\u00dfnahmen zielen darauf ab, etwaige Probleme zu erkennen und zu beheben, bevor die Produkte unsere Kunden erreichen. Wir setzen modernste Inspektionstechniken und -werkzeuge ein, um sicherzustellen, dass jedes von uns gelieferte Produkt sowohl den Spezifikationen unserer Kunden als auch den Industriestandards entspricht.<\/p><p>Dieser sorgf\u00e4ltige Ansatz bei der Qualit\u00e4tskontrolle und Produktinspektion ist ein Eckpfeiler unseres Strebens nach Spitzenleistungen, um die Zufriedenheit unserer Kunden sicherzustellen und unseren Ruf als f\u00fchrender Anbieter im Bereich der professionellen Qualit\u00e4tssicherung zu wahren.<\/p>\t\t\t\t\t\t\t\t<\/div>\n\t\t\t\t<\/div>\n\t\t\t\t\t<\/div>\n\t\t<\/div>\n\t\t\t\t<div class=\"elementor-column elementor-col-50 elementor-top-column elementor-element elementor-element-48db1bd\" data-id=\"48db1bd\" data-element_type=\"column\" data-e-type=\"column\">\n\t\t\t<div class=\"elementor-widget-wrap elementor-element-populated\">\n\t\t\t\t\t\t<div class=\"elementor-element elementor-element-e7a37f5 elementor-widget elementor-widget-heading\" data-id=\"e7a37f5\" data-element_type=\"widget\" data-e-type=\"widget\" data-widget_type=\"heading.default\">\n\t\t\t\t<div class=\"elementor-widget-container\">\n\t\t\t\t\t<h2 class=\"elementor-heading-title elementor-size-default\">Von der 3rd Party Inspection Company<\/h2>\t\t\t\t<\/div>\n\t\t\t\t<\/div>\n\t\t\t\t<div class=\"elementor-element elementor-element-0dab834 elementor-widget elementor-widget-text-editor\" data-id=\"0dab834\" data-element_type=\"widget\" data-e-type=\"widget\" data-widget_type=\"text-editor.default\">\n\t\t\t\t<div class=\"elementor-widget-container\">\n\t\t\t\t\t\t\t\t\t<p>Wir bieten auch die M\u00f6glichkeit, mit externen Inspektionsunternehmen zusammenzuarbeiten, um Waren zu pr\u00fcfen. Dieser Service ist besonders wertvoll f\u00fcr Kunden, die eine externe Bewertung als Erg\u00e4nzung zu unseren internen Qualit\u00e4tskontrollma\u00dfnahmen bevorzugen. Wenn unsere Kunden dar\u00fcber hinaus externe Inspektionsunternehmen ausgew\u00e4hlt haben, sind wir bestens darauf vorbereitet, mit diesen ausgew\u00e4hlten Unternehmen zu koordinieren und mit ihnen zusammenzuarbeiten.<\/p><p>Diese Flexibilit\u00e4t bei der Zusammenarbeit mit externen Pr\u00fcfern stellt sicher, dass die individuellen Anforderungen und Vorlieben unserer Kunden mit h\u00f6chster Professionalit\u00e4t erf\u00fcllt werden. Unser kollaborativer Ansatz mit diesen Drittunternehmen erm\u00f6glicht eine umfassende und unvoreingenommene Bewertung der Waren und garantiert so, dass sie den h\u00f6chsten Qualit\u00e4ts- und Compliance-Standards entsprechen.<\/p><p>Dieses Engagement, auf kundenspezifische Bed\u00fcrfnisse einzugehen, zeigt unser Engagement f\u00fcr die Gew\u00e4hrleistung der Kundenzufriedenheit und die Aufrechterhaltung hoher Standards in der Produktqualit\u00e4t.<\/p>\t\t\t\t\t\t\t\t<\/div>\n\t\t\t\t<\/div>\n\t\t\t\t\t<\/div>\n\t\t<\/div>\n\t\t\t\t\t<\/div>\n\t\t<\/section>\n\t\t\t\t<section class=\"elementor-section elementor-top-section elementor-element elementor-element-b6b7569 elementor-section-boxed elementor-section-height-default elementor-section-height-default\" data-id=\"b6b7569\" data-element_type=\"section\" data-e-type=\"section\" data-settings=\"{&quot;background_background&quot;:&quot;classic&quot;}\">\n\t\t\t\t\t\t<div class=\"elementor-container elementor-column-gap-default\">\n\t\t\t\t\t<div class=\"elementor-column elementor-col-100 elementor-top-column elementor-element elementor-element-05695ab\" data-id=\"05695ab\" data-element_type=\"column\" data-e-type=\"column\">\n\t\t\t<div class=\"elementor-widget-wrap elementor-element-populated\">\n\t\t\t\t\t\t<div class=\"elementor-element elementor-element-067e0de elementor-widget elementor-widget-heading\" data-id=\"067e0de\" data-element_type=\"widget\" data-e-type=\"widget\" data-widget_type=\"heading.default\">\n\t\t\t\t<div class=\"elementor-widget-container\">\n\t\t\t\t\t<h2 class=\"elementor-heading-title elementor-size-default\">Inspektionsprozess bei der ITS-F\u00f6rderung<\/h2>\t\t\t\t<\/div>\n\t\t\t\t<\/div>\n\t\t\t\t\t<\/div>\n\t\t<\/div>\n\t\t\t\t\t<\/div>\n\t\t<\/section>\n\t\t\t\t<section class=\"elementor-section elementor-top-section elementor-element elementor-element-7dfe94d elementor-section-boxed elementor-section-height-default elementor-section-height-default\" data-id=\"7dfe94d\" data-element_type=\"section\" data-e-type=\"section\">\n\t\t\t\t\t\t<div class=\"elementor-container elementor-column-gap-default\">\n\t\t\t\t\t<div class=\"elementor-column elementor-col-100 elementor-top-column elementor-element elementor-element-d24556c\" data-id=\"d24556c\" data-element_type=\"column\" data-e-type=\"column\">\n\t\t\t<div class=\"elementor-widget-wrap elementor-element-populated\">\n\t\t\t\t\t\t<section class=\"elementor-section elementor-inner-section elementor-element elementor-element-cb7dd6c elementor-section-boxed elementor-section-height-default elementor-section-height-default\" data-id=\"cb7dd6c\" data-element_type=\"section\" data-e-type=\"section\">\n\t\t\t\t\t\t<div class=\"elementor-container elementor-column-gap-default\">\n\t\t\t\t\t<div class=\"elementor-column elementor-col-50 elementor-inner-column elementor-element elementor-element-0eac102\" data-id=\"0eac102\" data-element_type=\"column\" data-e-type=\"column\">\n\t\t\t<div class=\"elementor-widget-wrap elementor-element-populated\">\n\t\t\t\t\t\t<div class=\"elementor-element elementor-element-a0387ac elementor-widget elementor-widget-heading\" data-id=\"a0387ac\" data-element_type=\"widget\" data-e-type=\"widget\" data-widget_type=\"heading.default\">\n\t\t\t\t<div class=\"elementor-widget-container\">\n\t\t\t\t\t<h2 class=\"elementor-heading-title elementor-size-default\">Inspektion w\u00e4hrend des Produktionsprozesses<\/h2>\t\t\t\t<\/div>\n\t\t\t\t<\/div>\n\t\t\t\t<div class=\"elementor-element elementor-element-3ea0912 elementor-widget elementor-widget-text-editor\" data-id=\"3ea0912\" data-element_type=\"widget\" data-e-type=\"widget\" data-widget_type=\"text-editor.default\">\n\t\t\t\t<div class=\"elementor-widget-container\">\n\t\t\t\t\t\t\t\t\t<p>\u00a0Wir f\u00fchren Inline-Inspektionen w\u00e4hrend der Herstellung Ihrer Produkte durch. Dieser proaktive Ansatz erm\u00f6glicht es uns, Qualit\u00e4tsprobleme fr\u00fchzeitig im Produktionszyklus zu erkennen und zu beheben und sicherzustellen, dass die Endprodukte Ihren Standards und Spezifikationen entsprechen.<\/p><p>Dieser Schritt ist entscheidend f\u00fcr die Aufrechterhaltung der Qualit\u00e4tskontrolle und die Minimierung des Risikos von Fehlern in der fertigen Charge.<\/p>\t\t\t\t\t\t\t\t<\/div>\n\t\t\t\t<\/div>\n\t\t\t\t\t<\/div>\n\t\t<\/div>\n\t\t\t\t<div class=\"elementor-column elementor-col-50 elementor-inner-column elementor-element elementor-element-1faa9b8\" data-id=\"1faa9b8\" data-element_type=\"column\" data-e-type=\"column\">\n\t\t\t<div class=\"elementor-widget-wrap elementor-element-populated\">\n\t\t\t\t\t\t<div class=\"elementor-element elementor-element-b93d2e8 elementor-widget elementor-widget-image\" data-id=\"b93d2e8\" data-element_type=\"widget\" data-e-type=\"widget\" data-widget_type=\"image.default\">\n\t\t\t\t<div class=\"elementor-widget-container\">\n\t\t\t\t\t\t\t\t\t\t\t\t\t\t\t<img fetchpriority=\"high\" decoding=\"async\" width=\"800\" height=\"534\" src=\"https:\/\/itspromotion.com\/wp-content\/uploads\/2023\/12\/Inspection-During-Production-Process-1024x684.webp\" class=\"attachment-large size-large wp-image-489\" alt=\"Inspektion w\u00e4hrend des Produktionsprozesses\" srcset=\"https:\/\/itspromotion.com\/wp-content\/uploads\/2023\/12\/Inspection-During-Production-Process-1024x684.webp 1024w, https:\/\/itspromotion.com\/wp-content\/uploads\/2023\/12\/Inspection-During-Production-Process-300x200.webp 300w, https:\/\/itspromotion.com\/wp-content\/uploads\/2023\/12\/Inspection-During-Production-Process-768x513.webp 768w, https:\/\/itspromotion.com\/wp-content\/uploads\/2023\/12\/Inspection-During-Production-Process-1536x1026.webp 1536w, https:\/\/itspromotion.com\/wp-content\/uploads\/2023\/12\/Inspection-During-Production-Process.webp 1920w\" sizes=\"(max-width: 800px) 100vw, 800px\" \/>\t\t\t\t\t\t\t\t\t\t\t\t\t\t\t<\/div>\n\t\t\t\t<\/div>\n\t\t\t\t\t<\/div>\n\t\t<\/div>\n\t\t\t\t\t<\/div>\n\t\t<\/section>\n\t\t\t\t<section class=\"elementor-section elementor-inner-section elementor-element elementor-element-1a6ba80 elementor-section-boxed elementor-section-height-default elementor-section-height-default\" data-id=\"1a6ba80\" data-element_type=\"section\" data-e-type=\"section\">\n\t\t\t\t\t\t<div class=\"elementor-container elementor-column-gap-default\">\n\t\t\t\t\t<div class=\"elementor-column elementor-col-50 elementor-inner-column elementor-element elementor-element-c0da9a3\" data-id=\"c0da9a3\" data-element_type=\"column\" data-e-type=\"column\">\n\t\t\t<div class=\"elementor-widget-wrap elementor-element-populated\">\n\t\t\t\t\t\t<div class=\"elementor-element elementor-element-03f2a23 elementor-widget elementor-widget-image\" data-id=\"03f2a23\" data-element_type=\"widget\" data-e-type=\"widget\" data-widget_type=\"image.default\">\n\t\t\t\t<div class=\"elementor-widget-container\">\n\t\t\t\t\t\t\t\t\t\t\t\t\t\t\t<img decoding=\"async\" width=\"800\" height=\"534\" src=\"https:\/\/itspromotion.com\/wp-content\/uploads\/2023\/12\/Final-Quality-Inspection-1024x684.webp\" class=\"attachment-large size-large wp-image-490\" alt=\"Endg\u00fcltige Qualit\u00e4tspr\u00fcfung\" srcset=\"https:\/\/itspromotion.com\/wp-content\/uploads\/2023\/12\/Final-Quality-Inspection-1024x684.webp 1024w, https:\/\/itspromotion.com\/wp-content\/uploads\/2023\/12\/Final-Quality-Inspection-300x200.webp 300w, https:\/\/itspromotion.com\/wp-content\/uploads\/2023\/12\/Final-Quality-Inspection-768x513.webp 768w, https:\/\/itspromotion.com\/wp-content\/uploads\/2023\/12\/Final-Quality-Inspection-1536x1026.webp 1536w, https:\/\/itspromotion.com\/wp-content\/uploads\/2023\/12\/Final-Quality-Inspection.webp 1920w\" sizes=\"(max-width: 800px) 100vw, 800px\" \/>\t\t\t\t\t\t\t\t\t\t\t\t\t\t\t<\/div>\n\t\t\t\t<\/div>\n\t\t\t\t\t<\/div>\n\t\t<\/div>\n\t\t\t\t<div class=\"elementor-column elementor-col-50 elementor-inner-column elementor-element elementor-element-1e63cf4\" data-id=\"1e63cf4\" data-element_type=\"column\" data-e-type=\"column\">\n\t\t\t<div class=\"elementor-widget-wrap elementor-element-populated\">\n\t\t\t\t\t\t<div class=\"elementor-element elementor-element-d4b13fa elementor-widget elementor-widget-heading\" data-id=\"d4b13fa\" data-element_type=\"widget\" data-e-type=\"widget\" data-widget_type=\"heading.default\">\n\t\t\t\t<div class=\"elementor-widget-container\">\n\t\t\t\t\t<h2 class=\"elementor-heading-title elementor-size-default\">Endg\u00fcltige Qualit\u00e4tspr\u00fcfung<\/h2>\t\t\t\t<\/div>\n\t\t\t\t<\/div>\n\t\t\t\t<div class=\"elementor-element elementor-element-0486899 elementor-widget elementor-widget-text-editor\" data-id=\"0486899\" data-element_type=\"widget\" data-e-type=\"widget\" data-widget_type=\"text-editor.default\">\n\t\t\t\t<div class=\"elementor-widget-container\">\n\t\t\t\t\t\t\t\t\t<p>Nach Abschluss der Produktion f\u00fchren wir eine gr\u00fcndliche Endkontrolle Ihrer Produkte durch. Dieser entscheidende Schritt umfasst eine detaillierte Pr\u00fcfung der gesamten Charge, um sicherzustellen, dass jeder Artikel den vorgegebenen Qualit\u00e4tsstandards und Spezifikationen entspricht.<\/p><p>Diese abschlie\u00dfende \u00dcberpr\u00fcfung ist unerl\u00e4sslich, um sicherzustellen, dass die Produkte versandbereit sind und Ihren Erwartungen entsprechen, sodass Sie vollkommen zufrieden sind.<\/p>\t\t\t\t\t\t\t\t<\/div>\n\t\t\t\t<\/div>\n\t\t\t\t\t<\/div>\n\t\t<\/div>\n\t\t\t\t\t<\/div>\n\t\t<\/section>\n\t\t\t\t\t<\/div>\n\t\t<\/div>\n\t\t\t\t\t<\/div>\n\t\t<\/section>\n\t\t\t\t<section class=\"elementor-section elementor-top-section elementor-element elementor-element-ebd1394 elementor-section-boxed elementor-section-height-default elementor-section-height-default\" data-id=\"ebd1394\" data-element_type=\"section\" data-e-type=\"section\" data-settings=\"{&quot;background_background&quot;:&quot;classic&quot;}\">\n\t\t\t\t\t\t<div class=\"elementor-container elementor-column-gap-default\">\n\t\t\t\t\t<div class=\"elementor-column elementor-col-50 elementor-top-column elementor-element elementor-element-63fb13d\" data-id=\"63fb13d\" data-element_type=\"column\" data-e-type=\"column\">\n\t\t\t<div class=\"elementor-widget-wrap elementor-element-populated\">\n\t\t\t\t\t\t<div class=\"elementor-element elementor-element-18d8dd2 elementor-widget elementor-widget-heading\" data-id=\"18d8dd2\" data-element_type=\"widget\" data-e-type=\"widget\" data-widget_type=\"heading.default\">\n\t\t\t\t<div class=\"elementor-widget-container\">\n\t\t\t\t\t<h2 class=\"elementor-heading-title elementor-size-default\">Machen Sie noch heute den n\u00e4chsten Schritt zur Optimierung Ihres Unternehmens! <\/h2>\t\t\t\t<\/div>\n\t\t\t\t<\/div>\n\t\t\t\t\t<\/div>\n\t\t<\/div>\n\t\t\t\t<div class=\"elementor-column elementor-col-50 elementor-top-column elementor-element elementor-element-7f596c4\" data-id=\"7f596c4\" data-element_type=\"column\" data-e-type=\"column\">\n\t\t\t<div class=\"elementor-widget-wrap elementor-element-populated\">\n\t\t\t\t\t\t<div class=\"elementor-element elementor-element-61693be elementor-align-left elementor-mobile-align-center elementor-invisible elementor-widget elementor-widget-button\" data-id=\"61693be\" data-element_type=\"widget\" data-e-type=\"widget\" data-settings=\"{&quot;_animation&quot;:&quot;fadeInUp&quot;}\" data-widget_type=\"button.default\">\n\t\t\t\t<div class=\"elementor-widget-container\">\n\t\t\t\t\t\t\t\t\t<div class=\"elementor-button-wrapper\">\n\t\t\t\t\t<a class=\"elementor-button elementor-button-link elementor-size-sm\" href=\"https:\/\/itspromotion.com\/de\/contact-us\/\">\n\t\t\t\t\t\t<span class=\"elementor-button-content-wrapper\">\n\t\t\t\t\t\t\t\t\t<span class=\"elementor-button-text\">Loslegen<\/span>\n\t\t\t\t\t<\/span>\n\t\t\t\t\t<\/a>\n\t\t\t\t<\/div>\n\t\t\t\t\t\t\t\t<\/div>\n\t\t\t\t<\/div>\n\t\t\t\t\t<\/div>\n\t\t<\/div>\n\t\t\t\t\t<\/div>\n\t\t<\/section>\n\t\t\t\t<\/div>","protected":false},"excerpt":{"rendered":"<p>Qualit\u00e4tskontrolle Wir sind bestrebt, bei jedem Produkt die h\u00f6chsten Qualit\u00e4tsstandards sicherzustellen. Unser Qualit\u00e4tskontrollprozess umfasst sorgf\u00e4ltige Kontrollen in verschiedenen Produktionsphasen und stellt sicher, dass jeder Artikel Ihren Spezifikationen und Qualit\u00e4tserwartungen entspricht, bevor er Sie erreicht. Fordern Sie ein Angebot an. Wir bieten zwei Optionen f\u00fcr die Produktinspektion an. Durch ITS Promotion ITS [\u2026]<\/p>","protected":false},"author":1,"featured_media":0,"parent":0,"menu_order":0,"comment_status":"closed","ping_status":"closed","template":"","meta":{"footnotes":""},"class_list":["post-263","page","type-page","status-publish","hentry"],"_links":{"self":[{"href":"https:\/\/itspromotion.com\/de\/wp-json\/wp\/v2\/pages\/263"}],"collection":[{"href":"https:\/\/itspromotion.com\/de\/wp-json\/wp\/v2\/pages"}],"about":[{"href":"https:\/\/itspromotion.com\/de\/wp-json\/wp\/v2\/types\/page"}],"author":[{"embeddable":true,"href":"https:\/\/itspromotion.com\/de\/wp-json\/wp\/v2\/users\/1"}],"replies":[{"embeddable":true,"href":"https:\/\/itspromotion.com\/de\/wp-json\/wp\/v2\/comments?post=263"}],"version-history":[{"count":25,"href":"https:\/\/itspromotion.com\/de\/wp-json\/wp\/v2\/pages\/263\/revisions"}],"predecessor-version":[{"id":604,"href":"https:\/\/itspromotion.com\/de\/wp-json\/wp\/v2\/pages\/263\/revisions\/604"}],"wp:attachment":[{"href":"https:\/\/itspromotion.com\/de\/wp-json\/wp\/v2\/media?parent=263"}],"curies":[{"name":"wp","href":"https:\/\/api.w.org\/{rel}","templated":true}]}}