{"id":261,"date":"2023-12-13T12:32:15","date_gmt":"2023-12-13T12:32:15","guid":{"rendered":"https:\/\/itspromotion.com\/?page_id=261"},"modified":"2023-12-16T08:09:05","modified_gmt":"2023-12-16T08:09:05","slug":"factory-audit","status":"publish","type":"page","link":"https:\/\/itspromotion.com\/de\/factory-audit\/","title":{"rendered":"Werkspr\u00fcfung"},"content":{"rendered":"<div data-elementor-type=\"wp-page\" data-elementor-id=\"261\" class=\"elementor elementor-261\" data-elementor-post-type=\"page\">\n\t\t\t\t\t\t<section class=\"elementor-section elementor-top-section elementor-element elementor-element-6c848c3 elementor-section-height-min-height elementor-section-boxed elementor-section-height-default elementor-section-items-middle\" data-id=\"6c848c3\" data-element_type=\"section\" data-e-type=\"section\" data-settings=\"{&quot;background_background&quot;:&quot;classic&quot;}\">\n\t\t\t\t\t\t\t<div class=\"elementor-background-overlay\"><\/div>\n\t\t\t\t\t\t\t<div class=\"elementor-container elementor-column-gap-default\">\n\t\t\t\t\t<div class=\"elementor-column elementor-col-100 elementor-top-column elementor-element elementor-element-7b7c14a\" data-id=\"7b7c14a\" data-element_type=\"column\" data-e-type=\"column\">\n\t\t\t<div class=\"elementor-widget-wrap elementor-element-populated\">\n\t\t\t\t\t\t<div class=\"elementor-element elementor-element-cdea6fb elementor-widget elementor-widget-heading\" data-id=\"cdea6fb\" data-element_type=\"widget\" data-e-type=\"widget\" data-widget_type=\"heading.default\">\n\t\t\t\t<div class=\"elementor-widget-container\">\n\t\t\t\t\t<h2 class=\"elementor-heading-title elementor-size-default\">Fabrikauditdienste<\/h2>\t\t\t\t<\/div>\n\t\t\t\t<\/div>\n\t\t\t\t<div class=\"elementor-element elementor-element-780c1b9 elementor-widget elementor-widget-text-editor\" data-id=\"780c1b9\" data-element_type=\"widget\" data-e-type=\"widget\" data-widget_type=\"text-editor.default\">\n\t\t\t\t<div class=\"elementor-widget-container\">\n\t\t\t\t\t\t\t\t\t<p>Wir f\u00fchren umfassende Audits von Fabriken durch, um deren Fertigungskapazit\u00e4ten, Qualit\u00e4tskontrollsysteme und allgemeinen Betriebsstandards zu bewerten. Dieser Prozess umfasst Vor-Ort-Bewertungen, die \u00dcberpr\u00fcfung von Produktionsabl\u00e4ufen, die \u00dcberpr\u00fcfung der Einhaltung von Industriestandards und die Sicherstellung ethischer Praktiken. Unsere Fabrikaudits liefern Ihnen einen detaillierten Bericht \u00fcber die Zuverl\u00e4ssigkeit und Eignung der Fabrik f\u00fcr Ihre Fertigungsanforderungen und stellen so sicher, dass Sie fundierte Entscheidungen \u00fcber Ihre Produktionspartner treffen.<\/p>\t\t\t\t\t\t\t\t<\/div>\n\t\t\t\t<\/div>\n\t\t\t\t<div class=\"elementor-element elementor-element-7032db8 elementor-align-center elementor-invisible elementor-widget elementor-widget-button\" data-id=\"7032db8\" data-element_type=\"widget\" data-e-type=\"widget\" data-settings=\"{&quot;_animation&quot;:&quot;fadeInUp&quot;}\" data-widget_type=\"button.default\">\n\t\t\t\t<div class=\"elementor-widget-container\">\n\t\t\t\t\t\t\t\t\t<div class=\"elementor-button-wrapper\">\n\t\t\t\t\t<a class=\"elementor-button elementor-button-link elementor-size-sm\" href=\"https:\/\/itspromotion.com\/de\/contact-us\/\">\n\t\t\t\t\t\t<span class=\"elementor-button-content-wrapper\">\n\t\t\t\t\t\t\t\t\t<span class=\"elementor-button-text\">Fordern Sie ein Angebot an<\/span>\n\t\t\t\t\t<\/span>\n\t\t\t\t\t<\/a>\n\t\t\t\t<\/div>\n\t\t\t\t\t\t\t\t<\/div>\n\t\t\t\t<\/div>\n\t\t\t\t\t<\/div>\n\t\t<\/div>\n\t\t\t\t\t<\/div>\n\t\t<\/section>\n\t\t\t\t<section class=\"elementor-section elementor-top-section elementor-element elementor-element-8c64653 elementor-section-boxed elementor-section-height-default elementor-section-height-default\" data-id=\"8c64653\" data-element_type=\"section\" data-e-type=\"section\">\n\t\t\t\t\t\t<div class=\"elementor-container elementor-column-gap-default\">\n\t\t\t\t\t<div class=\"elementor-column elementor-col-100 elementor-top-column elementor-element elementor-element-1200d21\" data-id=\"1200d21\" data-element_type=\"column\" data-e-type=\"column\">\n\t\t\t<div class=\"elementor-widget-wrap elementor-element-populated\">\n\t\t\t\t\t\t<div class=\"elementor-element elementor-element-bf8181e elementor-widget elementor-widget-heading\" data-id=\"bf8181e\" data-element_type=\"widget\" data-e-type=\"widget\" data-widget_type=\"heading.default\">\n\t\t\t\t<div class=\"elementor-widget-container\">\n\t\t\t\t\t<h2 class=\"elementor-heading-title elementor-size-default\">Starten Sie das Werksaudit<\/h2>\t\t\t\t<\/div>\n\t\t\t\t<\/div>\n\t\t\t\t\t<\/div>\n\t\t<\/div>\n\t\t\t\t\t<\/div>\n\t\t<\/section>\n\t\t\t\t<section class=\"elementor-section elementor-top-section elementor-element elementor-element-a77056e elementor-section-boxed elementor-section-height-default elementor-section-height-default\" data-id=\"a77056e\" data-element_type=\"section\" data-e-type=\"section\">\n\t\t\t\t\t\t<div class=\"elementor-container elementor-column-gap-default\">\n\t\t\t\t\t<div class=\"elementor-column elementor-col-50 elementor-top-column elementor-element elementor-element-a635cb8\" data-id=\"a635cb8\" data-element_type=\"column\" data-e-type=\"column\">\n\t\t\t<div class=\"elementor-widget-wrap elementor-element-populated\">\n\t\t\t\t\t\t<div class=\"elementor-element elementor-element-0697170 elementor-widget elementor-widget-heading\" data-id=\"0697170\" data-element_type=\"widget\" data-e-type=\"widget\" data-widget_type=\"heading.default\">\n\t\t\t\t<div class=\"elementor-widget-container\">\n\t\t\t\t\t<h2 class=\"elementor-heading-title elementor-size-default\">Durch ITS Promotion<\/h2>\t\t\t\t<\/div>\n\t\t\t\t<\/div>\n\t\t\t\t<div class=\"elementor-element elementor-element-daee39f elementor-widget elementor-widget-text-editor\" data-id=\"daee39f\" data-element_type=\"widget\" data-e-type=\"widget\" data-widget_type=\"text-editor.default\">\n\t\t\t\t<div class=\"elementor-widget-container\">\n\t\t\t\t\t\t\t\t\t<p>ITS Promotion bietet umfassende Fabrikauditdienste an. Unser Team f\u00fchrt gr\u00fcndliche Bewertungen und Inspektionen von Produktionsanlagen durch, um sicherzustellen, dass sie bestimmte Standards und Kriterien einhalten.<\/p><p>Dazu geh\u00f6rt die Bewertung von Bereichen wie Qualit\u00e4tskontrolle, Einhaltung von Branchenvorschriften, Arbeitsbedingungen und Umweltauswirkungen.<\/p><p>Im Rahmen unserer Verpflichtung zu Spitzenleistungen stellen wir sicher, dass die Herstellungsprozesse f\u00fcr unsere ma\u00dfgeschneiderten Geschenke den h\u00f6chsten Qualit\u00e4ts- und ethischen Standards entsprechen und unseren Kunden, die sich um die Integrit\u00e4t und Qualit\u00e4t ihrer Produkte sorgen, ein beruhigendes Gef\u00fchl geben.<\/p><p>Bitte <a href=\"https:\/\/itspromotion.com\/de\/contact-us\/\">Fragen Sie bei uns nach<\/a> f\u00fcr weitere Details.<\/p>\t\t\t\t\t\t\t\t<\/div>\n\t\t\t\t<\/div>\n\t\t\t\t\t<\/div>\n\t\t<\/div>\n\t\t\t\t<div class=\"elementor-column elementor-col-50 elementor-top-column elementor-element elementor-element-38d62d8\" data-id=\"38d62d8\" data-element_type=\"column\" data-e-type=\"column\">\n\t\t\t<div class=\"elementor-widget-wrap elementor-element-populated\">\n\t\t\t\t\t\t<div class=\"elementor-element elementor-element-17d3c45 elementor-widget elementor-widget-heading\" data-id=\"17d3c45\" data-element_type=\"widget\" data-e-type=\"widget\" data-widget_type=\"heading.default\">\n\t\t\t\t<div class=\"elementor-widget-container\">\n\t\t\t\t\t<h2 class=\"elementor-heading-title elementor-size-default\">Von der 3rd Party Inspection Company<\/h2>\t\t\t\t<\/div>\n\t\t\t\t<\/div>\n\t\t\t\t<div class=\"elementor-element elementor-element-33432a3 elementor-widget elementor-widget-text-editor\" data-id=\"33432a3\" data-element_type=\"widget\" data-e-type=\"widget\" data-widget_type=\"text-editor.default\">\n\t\t\t\t<div class=\"elementor-widget-container\">\n\t\t\t\t\t\t\t\t\t<p>Wir bieten auch die M\u00f6glichkeit, externe Inspektionsunternehmen f\u00fcr die Durchf\u00fchrung von Werksaudits zu empfehlen.<\/p><p>In Zusammenarbeit mit diesen spezialisierten Firmen stellen wir eine umfassende und sorgf\u00e4ltige Bewertung der Produktionsanlagen sicher. Diese externen Pr\u00fcfer sind Experten f\u00fcr die Bewertung verschiedener Aspekte des Produktionsprozesses, einschlie\u00dflich Qualit\u00e4tskontrolle, Einhaltung von Industrie- und Rechtsnormen, Arbeitsbedingungen und Umweltauswirkungen.<\/p><p>Dieser Service ist von entscheidender Bedeutung f\u00fcr die Aufrechterhaltung der Integrit\u00e4t der Lieferkette und die Wahrung des Markenrufs im heutigen wettbewerbsintensiven Markt.<\/p><p>Bitte <a href=\"https:\/\/itspromotion.com\/de\/contact-us\/\">Fragen Sie bei uns nach<\/a> f\u00fcr weitere Details.<\/p>\t\t\t\t\t\t\t\t<\/div>\n\t\t\t\t<\/div>\n\t\t\t\t\t<\/div>\n\t\t<\/div>\n\t\t\t\t\t<\/div>\n\t\t<\/section>\n\t\t\t\t<section class=\"elementor-section elementor-top-section elementor-element elementor-element-233383c elementor-section-boxed elementor-section-height-default elementor-section-height-default\" data-id=\"233383c\" data-element_type=\"section\" data-e-type=\"section\">\n\t\t\t\t\t\t<div class=\"elementor-container elementor-column-gap-default\">\n\t\t\t\t\t<div class=\"elementor-column elementor-col-100 elementor-top-column elementor-element elementor-element-9472f9e\" data-id=\"9472f9e\" data-element_type=\"column\" data-e-type=\"column\">\n\t\t\t<div class=\"elementor-widget-wrap elementor-element-populated\">\n\t\t\t\t\t\t<div class=\"elementor-element elementor-element-df58829 elementor-widget elementor-widget-heading\" data-id=\"df58829\" data-element_type=\"widget\" data-e-type=\"widget\" data-widget_type=\"heading.default\">\n\t\t\t\t<div class=\"elementor-widget-container\">\n\t\t\t\t\t<h2 class=\"elementor-heading-title elementor-size-default\">Der gesamte Prozess der Fabrikpr\u00fcfung<\/h2>\t\t\t\t<\/div>\n\t\t\t\t<\/div>\n\t\t\t\t\t<\/div>\n\t\t<\/div>\n\t\t\t\t\t<\/div>\n\t\t<\/section>\n\t\t\t\t<section class=\"elementor-section elementor-top-section elementor-element elementor-element-2090c08 elementor-section-boxed elementor-section-height-default elementor-section-height-default\" data-id=\"2090c08\" data-element_type=\"section\" data-e-type=\"section\">\n\t\t\t\t\t\t<div class=\"elementor-container elementor-column-gap-default\">\n\t\t\t\t\t<div class=\"elementor-column elementor-col-100 elementor-top-column elementor-element elementor-element-fd65313\" data-id=\"fd65313\" data-element_type=\"column\" data-e-type=\"column\">\n\t\t\t<div class=\"elementor-widget-wrap elementor-element-populated\">\n\t\t\t\t\t\t<section class=\"elementor-section elementor-inner-section elementor-element elementor-element-cd27592 elementor-section-boxed elementor-section-height-default elementor-section-height-default\" data-id=\"cd27592\" data-element_type=\"section\" data-e-type=\"section\">\n\t\t\t\t\t\t<div class=\"elementor-container elementor-column-gap-default\">\n\t\t\t\t\t<div class=\"elementor-column elementor-col-100 elementor-inner-column elementor-element elementor-element-3938c39\" data-id=\"3938c39\" data-element_type=\"column\" data-e-type=\"column\">\n\t\t\t<div class=\"elementor-widget-wrap elementor-element-populated\">\n\t\t\t\t\t\t<div class=\"elementor-element elementor-element-aa35e4b elementor-widget elementor-widget-icon-box\" data-id=\"aa35e4b\" data-element_type=\"widget\" data-e-type=\"widget\" data-widget_type=\"icon-box.default\">\n\t\t\t\t<div class=\"elementor-widget-container\">\n\t\t\t\t\t\t\t<div class=\"elementor-icon-box-wrapper\">\n\n\t\t\t\n\t\t\t\t\t\t<div class=\"elementor-icon-box-content\">\n\n\t\t\t\t\t\t\t\t\t<h3 class=\"elementor-icon-box-title\">\n\t\t\t\t\t\t<span  >\n\t\t\t\t\t\t\tErste Einsch\u00e4tzung\t\t\t\t\t\t<\/span>\n\t\t\t\t\t<\/h3>\n\t\t\t\t\n\t\t\t\t\t\t\t\t\t<p class=\"elementor-icon-box-description\">\n\t\t\t\t\t\tWir beginnen mit einem ersten \u00dcberblick \u00fcber die Zertifizierungen, die Geschichte und den Ruf der Fabrik in der Branche. Dieser vorbereitende Schritt hilft uns, ihre grundlegenden F\u00e4higkeiten und Standards zu verstehen.\t\t\t\t\t<\/p>\n\t\t\t\t\n\t\t\t<\/div>\n\t\t\t\n\t\t<\/div>\n\t\t\t\t\t\t<\/div>\n\t\t\t\t<\/div>\n\t\t\t\t<div class=\"elementor-element elementor-element-4647d1e elementor-widget elementor-widget-icon-box\" data-id=\"4647d1e\" data-element_type=\"widget\" data-e-type=\"widget\" data-widget_type=\"icon-box.default\">\n\t\t\t\t<div class=\"elementor-widget-container\">\n\t\t\t\t\t\t\t<div class=\"elementor-icon-box-wrapper\">\n\n\t\t\t\n\t\t\t\t\t\t<div class=\"elementor-icon-box-content\">\n\n\t\t\t\t\t\t\t\t\t<h3 class=\"elementor-icon-box-title\">\n\t\t\t\t\t\t<span  >\n\t\t\t\t\t\t\tInspektion vor Ort\t\t\t\t\t\t<\/span>\n\t\t\t\t\t<\/h3>\n\t\t\t\t\n\t\t\t\t\t\t\t\t\t<p class=\"elementor-icon-box-description\">\n\t\t\t\t\t\tUnser Team f\u00fchrt einen gr\u00fcndlichen Vor-Ort-Besuch im Werk durch. Bei dieser Inspektion bewerten wir die Produktionsanlagen, Maschinen, Arbeitskr\u00e4fte und betrieblichen Abl\u00e4ufe. Dadurch erhalten wir ein klares Bild der Produktionskapazit\u00e4t und Effizienz der Fabrik.\t\t\t\t\t<\/p>\n\t\t\t\t\n\t\t\t<\/div>\n\t\t\t\n\t\t<\/div>\n\t\t\t\t\t\t<\/div>\n\t\t\t\t<\/div>\n\t\t\t\t<div class=\"elementor-element elementor-element-dee33e7 elementor-widget elementor-widget-icon-box\" data-id=\"dee33e7\" data-element_type=\"widget\" data-e-type=\"widget\" data-widget_type=\"icon-box.default\">\n\t\t\t\t<div class=\"elementor-widget-container\">\n\t\t\t\t\t\t\t<div class=\"elementor-icon-box-wrapper\">\n\n\t\t\t\n\t\t\t\t\t\t<div class=\"elementor-icon-box-content\">\n\n\t\t\t\t\t\t\t\t\t<h3 class=\"elementor-icon-box-title\">\n\t\t\t\t\t\t<span  >\n\t\t\t\t\t\t\t\u00dcberpr\u00fcfung der Qualit\u00e4tskontrollsysteme\t\t\t\t\t\t<\/span>\n\t\t\t\t\t<\/h3>\n\t\t\t\t\n\t\t\t\t\t\t\t\t\t<p class=\"elementor-icon-box-description\">\n\t\t\t\t\t\tWir bewerten die Qualit\u00e4tskontrollma\u00dfnahmen der Fabrik, einschlie\u00dflich ihres Prozesses zur Inspektion von Rohstoffen, in der Produktion befindlichen Artikeln und Endprodukten. Dadurch wird sichergestellt, dass sie die h\u00f6chsten Qualit\u00e4tsstandards einhalten.\t\t\t\t\t<\/p>\n\t\t\t\t\n\t\t\t<\/div>\n\t\t\t\n\t\t<\/div>\n\t\t\t\t\t\t<\/div>\n\t\t\t\t<\/div>\n\t\t\t\t<div class=\"elementor-element elementor-element-eee36c6 elementor-widget elementor-widget-icon-box\" data-id=\"eee36c6\" data-element_type=\"widget\" data-e-type=\"widget\" data-widget_type=\"icon-box.default\">\n\t\t\t\t<div class=\"elementor-widget-container\">\n\t\t\t\t\t\t\t<div class=\"elementor-icon-box-wrapper\">\n\n\t\t\t\n\t\t\t\t\t\t<div class=\"elementor-icon-box-content\">\n\n\t\t\t\t\t\t\t\t\t<h3 class=\"elementor-icon-box-title\">\n\t\t\t\t\t\t<span  >\n\t\t\t\t\t\t\tCompliance-\u00dcberpr\u00fcfung\t\t\t\t\t\t<\/span>\n\t\t\t\t\t<\/h3>\n\t\t\t\t\n\t\t\t\t\t\t\t\t\t<p class=\"elementor-icon-box-description\">\n\t\t\t\t\t\tWir \u00fcberpr\u00fcfen die Einhaltung relevanter Branchenstandards und -vorschriften, einschlie\u00dflich Arbeitsgesetzen, Umweltrichtlinien und Sicherheitsprotokollen. Dieser Schritt ist von entscheidender Bedeutung, um ethische und legale Herstellungspraktiken sicherzustellen.\t\t\t\t\t<\/p>\n\t\t\t\t\n\t\t\t<\/div>\n\t\t\t\n\t\t<\/div>\n\t\t\t\t\t\t<\/div>\n\t\t\t\t<\/div>\n\t\t\t\t<div class=\"elementor-element elementor-element-e166992 elementor-widget elementor-widget-icon-box\" data-id=\"e166992\" data-element_type=\"widget\" data-e-type=\"widget\" data-widget_type=\"icon-box.default\">\n\t\t\t\t<div class=\"elementor-widget-container\">\n\t\t\t\t\t\t\t<div class=\"elementor-icon-box-wrapper\">\n\n\t\t\t\n\t\t\t\t\t\t<div class=\"elementor-icon-box-content\">\n\n\t\t\t\t\t\t\t\t\t<h3 class=\"elementor-icon-box-title\">\n\t\t\t\t\t\t<span  >\n\t\t\t\t\t\t\t\u00dcberpr\u00fcfung der Lieferkette\t\t\t\t\t\t<\/span>\n\t\t\t\t\t<\/h3>\n\t\t\t\t\n\t\t\t\t\t\t\t\t\t<p class=\"elementor-icon-box-description\">\n\t\t\t\t\t\tUnser Audit umfasst eine Untersuchung des Lieferkettenmanagements der Fabrik, um Zuverl\u00e4ssigkeit und Effizienz bei der Materialbeschaffung und der Bestandsverwaltung sicherzustellen.\t\t\t\t\t<\/p>\n\t\t\t\t\n\t\t\t<\/div>\n\t\t\t\n\t\t<\/div>\n\t\t\t\t\t\t<\/div>\n\t\t\t\t<\/div>\n\t\t\t\t<div class=\"elementor-element elementor-element-21b3bbc elementor-widget elementor-widget-icon-box\" data-id=\"21b3bbc\" data-element_type=\"widget\" data-e-type=\"widget\" data-widget_type=\"icon-box.default\">\n\t\t\t\t<div class=\"elementor-widget-container\">\n\t\t\t\t\t\t\t<div class=\"elementor-icon-box-wrapper\">\n\n\t\t\t\n\t\t\t\t\t\t<div class=\"elementor-icon-box-content\">\n\n\t\t\t\t\t\t\t\t\t<h3 class=\"elementor-icon-box-title\">\n\t\t\t\t\t\t<span  >\n\t\t\t\t\t\t\tAbschlussbericht\t\t\t\t\t\t<\/span>\n\t\t\t\t\t<\/h3>\n\t\t\t\t\n\t\t\t\t\t\t\t\t\t<p class=\"elementor-icon-box-description\">\n\t\t\t\t\t\tNach dem Audit erstellen wir einen umfassenden Bericht mit detaillierten Angaben zu unseren Ergebnissen, einschlie\u00dflich m\u00f6glicher Risiken und Verbesserungsm\u00f6glichkeiten. Dieser Bericht hilft Ihnen dabei, eine fundierte Entscheidung \u00fcber eine Partnerschaft mit der Fabrik zu treffen.\t\t\t\t\t<\/p>\n\t\t\t\t\n\t\t\t<\/div>\n\t\t\t\n\t\t<\/div>\n\t\t\t\t\t\t<\/div>\n\t\t\t\t<\/div>\n\t\t\t\t<div class=\"elementor-element elementor-element-c441fe6 elementor-widget elementor-widget-icon-box\" data-id=\"c441fe6\" data-element_type=\"widget\" data-e-type=\"widget\" data-widget_type=\"icon-box.default\">\n\t\t\t\t<div class=\"elementor-widget-container\">\n\t\t\t\t\t\t\t<div class=\"elementor-icon-box-wrapper\">\n\n\t\t\t\n\t\t\t\t\t\t<div class=\"elementor-icon-box-content\">\n\n\t\t\t\t\t\t\t\t\t<h3 class=\"elementor-icon-box-title\">\n\t\t\t\t\t\t<span  >\n\t\t\t\t\t\t\tFolgeempfehlungen\t\t\t\t\t\t<\/span>\n\t\t\t\t\t<\/h3>\n\t\t\t\t\n\t\t\t\t\t\t\t\t\t<p class=\"elementor-icon-box-description\">\n\t\t\t\t\t\tBei Bedarf geben wir Empfehlungen f\u00fcr Korrekturma\u00dfnahmen oder Verbesserungen und k\u00f6nnen bei der Umsetzung dieser \u00c4nderungen behilflich sein, um sicherzustellen, dass die Fabrik Ihren spezifischen Anforderungen entspricht.\t\t\t\t\t<\/p>\n\t\t\t\t\n\t\t\t<\/div>\n\t\t\t\n\t\t<\/div>\n\t\t\t\t\t\t<\/div>\n\t\t\t\t<\/div>\n\t\t\t\t\t<\/div>\n\t\t<\/div>\n\t\t\t\t\t<\/div>\n\t\t<\/section>\n\t\t\t\t\t<\/div>\n\t\t<\/div>\n\t\t\t\t\t<\/div>\n\t\t<\/section>\n\t\t\t\t<section class=\"elementor-section elementor-top-section elementor-element elementor-element-7583e0c elementor-section-boxed elementor-section-height-default elementor-section-height-default\" data-id=\"7583e0c\" data-element_type=\"section\" data-e-type=\"section\" data-settings=\"{&quot;background_background&quot;:&quot;classic&quot;}\">\n\t\t\t\t\t\t<div class=\"elementor-container elementor-column-gap-default\">\n\t\t\t\t\t<div class=\"elementor-column elementor-col-50 elementor-top-column elementor-element elementor-element-948ca5c\" data-id=\"948ca5c\" data-element_type=\"column\" data-e-type=\"column\">\n\t\t\t<div class=\"elementor-widget-wrap elementor-element-populated\">\n\t\t\t\t\t\t<div class=\"elementor-element elementor-element-06bf8c3 elementor-widget elementor-widget-heading\" data-id=\"06bf8c3\" data-element_type=\"widget\" data-e-type=\"widget\" data-widget_type=\"heading.default\">\n\t\t\t\t<div class=\"elementor-widget-container\">\n\t\t\t\t\t<h2 class=\"elementor-heading-title elementor-size-default\">Machen Sie noch heute den n\u00e4chsten Schritt zur Optimierung Ihres Unternehmens! <\/h2>\t\t\t\t<\/div>\n\t\t\t\t<\/div>\n\t\t\t\t\t<\/div>\n\t\t<\/div>\n\t\t\t\t<div class=\"elementor-column elementor-col-50 elementor-top-column elementor-element elementor-element-501d558\" data-id=\"501d558\" data-element_type=\"column\" data-e-type=\"column\">\n\t\t\t<div class=\"elementor-widget-wrap elementor-element-populated\">\n\t\t\t\t\t\t<div class=\"elementor-element elementor-element-212972e elementor-align-left elementor-mobile-align-center elementor-invisible elementor-widget elementor-widget-button\" data-id=\"212972e\" data-element_type=\"widget\" data-e-type=\"widget\" data-settings=\"{&quot;_animation&quot;:&quot;fadeInUp&quot;}\" data-widget_type=\"button.default\">\n\t\t\t\t<div class=\"elementor-widget-container\">\n\t\t\t\t\t\t\t\t\t<div class=\"elementor-button-wrapper\">\n\t\t\t\t\t<a class=\"elementor-button elementor-button-link elementor-size-sm\" href=\"https:\/\/itspromotion.com\/de\/contact-us\/\">\n\t\t\t\t\t\t<span class=\"elementor-button-content-wrapper\">\n\t\t\t\t\t\t\t\t\t<span class=\"elementor-button-text\">Loslegen<\/span>\n\t\t\t\t\t<\/span>\n\t\t\t\t\t<\/a>\n\t\t\t\t<\/div>\n\t\t\t\t\t\t\t\t<\/div>\n\t\t\t\t<\/div>\n\t\t\t\t\t<\/div>\n\t\t<\/div>\n\t\t\t\t\t<\/div>\n\t\t<\/section>\n\t\t\t\t<\/div>","protected":false},"excerpt":{"rendered":"<p>Fabrikauditdienste Wir f\u00fchren umfassende Audits von Fabriken durch, um deren Fertigungskapazit\u00e4ten, Qualit\u00e4tskontrollsysteme und allgemeinen Betriebsstandards zu bewerten. Dieser Prozess umfasst Vor-Ort-Bewertungen, die \u00dcberpr\u00fcfung von Produktionsabl\u00e4ufen, die \u00dcberpr\u00fcfung der Einhaltung von Industriestandards und die Sicherstellung ethischer Praktiken. Unsere Fabrikaudits liefern Ihnen einen detaillierten Bericht \u00fcber die Zuverl\u00e4ssigkeit und Eignung der Fabrik f\u00fcr Ihre [\u2026]<\/p>","protected":false},"author":1,"featured_media":0,"parent":0,"menu_order":0,"comment_status":"closed","ping_status":"closed","template":"","meta":{"footnotes":""},"class_list":["post-261","page","type-page","status-publish","hentry"],"_links":{"self":[{"href":"https:\/\/itspromotion.com\/de\/wp-json\/wp\/v2\/pages\/261"}],"collection":[{"href":"https:\/\/itspromotion.com\/de\/wp-json\/wp\/v2\/pages"}],"about":[{"href":"https:\/\/itspromotion.com\/de\/wp-json\/wp\/v2\/types\/page"}],"author":[{"embeddable":true,"href":"https:\/\/itspromotion.com\/de\/wp-json\/wp\/v2\/users\/1"}],"replies":[{"embeddable":true,"href":"https:\/\/itspromotion.com\/de\/wp-json\/wp\/v2\/comments?post=261"}],"version-history":[{"count":22,"href":"https:\/\/itspromotion.com\/de\/wp-json\/wp\/v2\/pages\/261\/revisions"}],"predecessor-version":[{"id":591,"href":"https:\/\/itspromotion.com\/de\/wp-json\/wp\/v2\/pages\/261\/revisions\/591"}],"wp:attachment":[{"href":"https:\/\/itspromotion.com\/de\/wp-json\/wp\/v2\/media?parent=261"}],"curies":[{"name":"wp","href":"https:\/\/api.w.org\/{rel}","templated":true}]}}