{"id":255,"date":"2023-12-13T12:29:56","date_gmt":"2023-12-13T12:29:56","guid":{"rendered":"https:\/\/itspromotion.com\/?page_id=255"},"modified":"2023-12-18T08:01:36","modified_gmt":"2023-12-18T08:01:36","slug":"product-development","status":"publish","type":"page","link":"https:\/\/itspromotion.com\/de\/product-development\/","title":{"rendered":"Produktentwicklung"},"content":{"rendered":"<div data-elementor-type=\"wp-page\" data-elementor-id=\"255\" class=\"elementor elementor-255\" data-elementor-post-type=\"page\">\n\t\t\t\t\t\t<section class=\"elementor-section elementor-top-section elementor-element elementor-element-6c3a927 elementor-section-height-min-height elementor-section-boxed elementor-section-height-default elementor-section-items-middle\" data-id=\"6c3a927\" data-element_type=\"section\" data-e-type=\"section\" data-settings=\"{&quot;background_background&quot;:&quot;classic&quot;}\">\n\t\t\t\t\t\t\t<div class=\"elementor-background-overlay\"><\/div>\n\t\t\t\t\t\t\t<div class=\"elementor-container elementor-column-gap-default\">\n\t\t\t\t\t<div class=\"elementor-column elementor-col-100 elementor-top-column elementor-element elementor-element-b80a0fb\" data-id=\"b80a0fb\" data-element_type=\"column\" data-e-type=\"column\">\n\t\t\t<div class=\"elementor-widget-wrap elementor-element-populated\">\n\t\t\t\t\t\t<div class=\"elementor-element elementor-element-fde9565 elementor-widget elementor-widget-heading\" data-id=\"fde9565\" data-element_type=\"widget\" data-e-type=\"widget\" data-widget_type=\"heading.default\">\n\t\t\t\t<div class=\"elementor-widget-container\">\n\t\t\t\t\t<h2 class=\"elementor-heading-title elementor-size-default\">Produktentwicklung<\/h2>\t\t\t\t<\/div>\n\t\t\t\t<\/div>\n\t\t\t\t<div class=\"elementor-element elementor-element-604b264 elementor-widget elementor-widget-text-editor\" data-id=\"604b264\" data-element_type=\"widget\" data-e-type=\"widget\" data-widget_type=\"text-editor.default\">\n\t\t\t\t<div class=\"elementor-widget-container\">\n\t\t\t\t\t\t\t\t\t<p>Verwandeln Sie Ihre Ideen in Marktf\u00fchrer! Arbeiten Sie mit uns zusammen, um innovative Produkte zu entwickeln, die Ihnen eine einzigartige Marktposition verschaffen und Ihnen einen Wettbewerbsvorteil verschaffen. Wir bieten in jeder Phase des Entwicklungsprozesses fachkundige Beratung und sorgen daf\u00fcr, dass Ihre Vision erfolgreich Wirklichkeit wird. Nehmen Sie noch heute Kontakt mit uns auf, um Ihre Reise zur Produktqualit\u00e4t zu beginnen!<\/p>\t\t\t\t\t\t\t\t<\/div>\n\t\t\t\t<\/div>\n\t\t\t\t<div class=\"elementor-element elementor-element-c90d52a elementor-align-center elementor-invisible elementor-widget elementor-widget-button\" data-id=\"c90d52a\" data-element_type=\"widget\" data-e-type=\"widget\" data-settings=\"{&quot;_animation&quot;:&quot;fadeInUp&quot;}\" data-widget_type=\"button.default\">\n\t\t\t\t<div class=\"elementor-widget-container\">\n\t\t\t\t\t\t\t\t\t<div class=\"elementor-button-wrapper\">\n\t\t\t\t\t<a class=\"elementor-button elementor-button-link elementor-size-sm\" href=\"https:\/\/itspromotion.com\/de\/contact-us\/\">\n\t\t\t\t\t\t<span class=\"elementor-button-content-wrapper\">\n\t\t\t\t\t\t\t\t\t<span class=\"elementor-button-text\">Teilen Sie noch heute Ihre Projekte<\/span>\n\t\t\t\t\t<\/span>\n\t\t\t\t\t<\/a>\n\t\t\t\t<\/div>\n\t\t\t\t\t\t\t\t<\/div>\n\t\t\t\t<\/div>\n\t\t\t\t\t<\/div>\n\t\t<\/div>\n\t\t\t\t\t<\/div>\n\t\t<\/section>\n\t\t\t\t<section class=\"elementor-section elementor-top-section elementor-element elementor-element-e5a1e7c elementor-section-full_width elementor-section-height-default elementor-section-height-default\" data-id=\"e5a1e7c\" data-element_type=\"section\" data-e-type=\"section\" data-settings=\"{&quot;background_background&quot;:&quot;classic&quot;}\">\n\t\t\t\t\t\t\t<div class=\"elementor-background-overlay\"><\/div>\n\t\t\t\t\t\t\t<div class=\"elementor-container elementor-column-gap-default\">\n\t\t\t\t\t<div class=\"elementor-column elementor-col-100 elementor-top-column elementor-element elementor-element-785c985\" data-id=\"785c985\" data-element_type=\"column\" data-e-type=\"column\">\n\t\t\t<div class=\"elementor-widget-wrap elementor-element-populated\">\n\t\t\t\t\t\t<div class=\"elementor-element elementor-element-eb2914e elementor-widget elementor-widget-heading\" data-id=\"eb2914e\" data-element_type=\"widget\" data-e-type=\"widget\" data-widget_type=\"heading.default\">\n\t\t\t\t<div class=\"elementor-widget-container\">\n\t\t\t\t\t<h2 class=\"elementor-heading-title elementor-size-default\">Erstellen Sie Schritt f\u00fcr Schritt ma\u00dfgeschneiderte Produkte<\/h2>\t\t\t\t<\/div>\n\t\t\t\t<\/div>\n\t\t\t\t<div class=\"elementor-element elementor-element-2c1fad7 elementor-widget elementor-widget-spacer\" data-id=\"2c1fad7\" data-element_type=\"widget\" data-e-type=\"widget\" data-widget_type=\"spacer.default\">\n\t\t\t\t<div class=\"elementor-widget-container\">\n\t\t\t\t\t\t\t<div class=\"elementor-spacer\">\n\t\t\t<div class=\"elementor-spacer-inner\"><\/div>\n\t\t<\/div>\n\t\t\t\t\t\t<\/div>\n\t\t\t\t<\/div>\n\t\t\t\t<section class=\"elementor-section elementor-inner-section elementor-element elementor-element-de6d8e3 elementor-section-boxed elementor-section-height-default elementor-section-height-default\" data-id=\"de6d8e3\" data-element_type=\"section\" data-e-type=\"section\" data-settings=\"{&quot;background_background&quot;:&quot;classic&quot;}\">\n\t\t\t\t\t\t<div class=\"elementor-container elementor-column-gap-default\">\n\t\t\t\t\t<div class=\"elementor-column elementor-col-50 elementor-inner-column elementor-element elementor-element-4f6c020\" data-id=\"4f6c020\" data-element_type=\"column\" data-e-type=\"column\" data-settings=\"{&quot;background_background&quot;:&quot;classic&quot;}\">\n\t\t\t<div class=\"elementor-widget-wrap elementor-element-populated\">\n\t\t\t\t\t\t<div class=\"elementor-element elementor-element-791869d elementor-widget elementor-widget-image\" data-id=\"791869d\" data-element_type=\"widget\" data-e-type=\"widget\" data-widget_type=\"image.default\">\n\t\t\t\t<div class=\"elementor-widget-container\">\n\t\t\t\t\t\t\t\t\t\t\t\t\t\t\t<img fetchpriority=\"high\" decoding=\"async\" width=\"800\" height=\"534\" src=\"https:\/\/itspromotion.com\/wp-content\/uploads\/2023\/12\/Get-All-Details-From-The-Factories-1024x684.webp\" class=\"attachment-large size-large wp-image-449\" alt=\"Erhalten Sie alle Details von den Fabriken\" srcset=\"https:\/\/itspromotion.com\/wp-content\/uploads\/2023\/12\/Get-All-Details-From-The-Factories-1024x684.webp 1024w, https:\/\/itspromotion.com\/wp-content\/uploads\/2023\/12\/Get-All-Details-From-The-Factories-300x200.webp 300w, https:\/\/itspromotion.com\/wp-content\/uploads\/2023\/12\/Get-All-Details-From-The-Factories-768x513.webp 768w, https:\/\/itspromotion.com\/wp-content\/uploads\/2023\/12\/Get-All-Details-From-The-Factories-1536x1026.webp 1536w, https:\/\/itspromotion.com\/wp-content\/uploads\/2023\/12\/Get-All-Details-From-The-Factories.webp 1920w\" sizes=\"(max-width: 800px) 100vw, 800px\" \/>\t\t\t\t\t\t\t\t\t\t\t\t\t\t\t<\/div>\n\t\t\t\t<\/div>\n\t\t\t\t\t<\/div>\n\t\t<\/div>\n\t\t\t\t<div class=\"elementor-column elementor-col-50 elementor-inner-column elementor-element elementor-element-81b4f56\" data-id=\"81b4f56\" data-element_type=\"column\" data-e-type=\"column\">\n\t\t\t<div class=\"elementor-widget-wrap elementor-element-populated\">\n\t\t\t\t\t\t<div class=\"elementor-element elementor-element-63b5e90 elementor-view-default elementor-widget elementor-widget-icon\" data-id=\"63b5e90\" data-element_type=\"widget\" data-e-type=\"widget\" data-widget_type=\"icon.default\">\n\t\t\t\t<div class=\"elementor-widget-container\">\n\t\t\t\t\t\t\t<div class=\"elementor-icon-wrapper\">\n\t\t\t<div class=\"elementor-icon\">\n\t\t\t<i aria-hidden=\"true\" class=\"far fa-check-circle\"><\/i>\t\t\t<\/div>\n\t\t<\/div>\n\t\t\t\t\t\t<\/div>\n\t\t\t\t<\/div>\n\t\t\t\t<div class=\"elementor-element elementor-element-8fd564e elementor-widget elementor-widget-image-box\" data-id=\"8fd564e\" data-element_type=\"widget\" data-e-type=\"widget\" data-widget_type=\"image-box.default\">\n\t\t\t\t<div class=\"elementor-widget-container\">\n\t\t\t\t\t<div class=\"elementor-image-box-wrapper\"><div class=\"elementor-image-box-content\"><h3 class=\"elementor-image-box-title\"><a href=\"https:\/\/itspromotion.com\/de\/sourcing-purchasing\/\">Erhalten Sie alle Details von den Fabriken<\/a><\/h3><p class=\"elementor-image-box-description\">Wir vernetzen Sie mit f\u00fchrenden Fabriken in China und stellen Ihnen eine klare Kostenaufschl\u00fcsselung f\u00fcr Ihr Projekt zur Verf\u00fcgung, die die Erstellung von Prototypen, Formen, Tests, Gro\u00dfbestellungen, Verpackung und Versand umfasst, zusammen mit fachkundiger Beratung zu Handwerk, Materialien und Verpackung.<\/p><\/div><\/div>\t\t\t\t<\/div>\n\t\t\t\t<\/div>\n\t\t\t\t\t<\/div>\n\t\t<\/div>\n\t\t\t\t\t<\/div>\n\t\t<\/section>\n\t\t\t\t<section class=\"elementor-section elementor-inner-section elementor-element elementor-element-d1d1258 elementor-section-boxed elementor-section-height-default elementor-section-height-default\" data-id=\"d1d1258\" data-element_type=\"section\" data-e-type=\"section\" data-settings=\"{&quot;background_background&quot;:&quot;classic&quot;}\">\n\t\t\t\t\t\t<div class=\"elementor-container elementor-column-gap-default\">\n\t\t\t\t\t<div class=\"elementor-column elementor-col-50 elementor-inner-column elementor-element elementor-element-bf3571e\" data-id=\"bf3571e\" data-element_type=\"column\" data-e-type=\"column\">\n\t\t\t<div class=\"elementor-widget-wrap elementor-element-populated\">\n\t\t\t\t\t\t<div class=\"elementor-element elementor-element-644cb81 elementor-widget elementor-widget-image\" data-id=\"644cb81\" data-element_type=\"widget\" data-e-type=\"widget\" data-widget_type=\"image.default\">\n\t\t\t\t<div class=\"elementor-widget-container\">\n\t\t\t\t\t\t\t\t\t\t\t\t\t\t\t<img decoding=\"async\" width=\"800\" height=\"534\" src=\"https:\/\/itspromotion.com\/wp-content\/uploads\/2023\/12\/Make-Samples-Upon-Your-Ideas-1024x684.webp\" class=\"attachment-large size-large wp-image-450\" alt=\"Machen Sie Muster nach Ihren Ideen\" srcset=\"https:\/\/itspromotion.com\/wp-content\/uploads\/2023\/12\/Make-Samples-Upon-Your-Ideas-1024x684.webp 1024w, https:\/\/itspromotion.com\/wp-content\/uploads\/2023\/12\/Make-Samples-Upon-Your-Ideas-300x200.webp 300w, https:\/\/itspromotion.com\/wp-content\/uploads\/2023\/12\/Make-Samples-Upon-Your-Ideas-768x513.webp 768w, https:\/\/itspromotion.com\/wp-content\/uploads\/2023\/12\/Make-Samples-Upon-Your-Ideas-1536x1026.webp 1536w, https:\/\/itspromotion.com\/wp-content\/uploads\/2023\/12\/Make-Samples-Upon-Your-Ideas.webp 1920w\" sizes=\"(max-width: 800px) 100vw, 800px\" \/>\t\t\t\t\t\t\t\t\t\t\t\t\t\t\t<\/div>\n\t\t\t\t<\/div>\n\t\t\t\t\t<\/div>\n\t\t<\/div>\n\t\t\t\t<div class=\"elementor-column elementor-col-50 elementor-inner-column elementor-element elementor-element-83c790b\" data-id=\"83c790b\" data-element_type=\"column\" data-e-type=\"column\">\n\t\t\t<div class=\"elementor-widget-wrap elementor-element-populated\">\n\t\t\t\t\t\t<div class=\"elementor-element elementor-element-0d73632 elementor-view-default elementor-widget elementor-widget-icon\" data-id=\"0d73632\" data-element_type=\"widget\" data-e-type=\"widget\" data-widget_type=\"icon.default\">\n\t\t\t\t<div class=\"elementor-widget-container\">\n\t\t\t\t\t\t\t<div class=\"elementor-icon-wrapper\">\n\t\t\t<div class=\"elementor-icon\">\n\t\t\t<i aria-hidden=\"true\" class=\"far fa-check-circle\"><\/i>\t\t\t<\/div>\n\t\t<\/div>\n\t\t\t\t\t\t<\/div>\n\t\t\t\t<\/div>\n\t\t\t\t<div class=\"elementor-element elementor-element-84f316c elementor-widget elementor-widget-image-box\" data-id=\"84f316c\" data-element_type=\"widget\" data-e-type=\"widget\" data-widget_type=\"image-box.default\">\n\t\t\t\t<div class=\"elementor-widget-container\">\n\t\t\t\t\t<div class=\"elementor-image-box-wrapper\"><div class=\"elementor-image-box-content\"><h3 class=\"elementor-image-box-title\">Machen Sie Muster nach Ihren Ideen<\/h3><p class=\"elementor-image-box-description\">Lassen Sie uns Ihre innovativen Ideen in physische Muster umsetzen. Dabei geht es darum, Ihre Vision zu verstehen, die richtigen Materialien auszuw\u00e4hlen und fortschrittliche Techniken einzusetzen, um einen hochpr\u00e4zisen Prototypen zu erstellen. In diesem Schritt wird Ihr Konzept in greifbarer Form getestet, um sicherzustellen, dass es Ihren Erwartungen entspricht, bevor es in die Massenproduktion geht.<\/p><\/div><\/div>\t\t\t\t<\/div>\n\t\t\t\t<\/div>\n\t\t\t\t\t<\/div>\n\t\t<\/div>\n\t\t\t\t\t<\/div>\n\t\t<\/section>\n\t\t\t\t<section class=\"elementor-section elementor-inner-section elementor-element elementor-element-031044b elementor-section-boxed elementor-section-height-default elementor-section-height-default\" data-id=\"031044b\" data-element_type=\"section\" data-e-type=\"section\" data-settings=\"{&quot;background_background&quot;:&quot;classic&quot;}\">\n\t\t\t\t\t\t<div class=\"elementor-container elementor-column-gap-default\">\n\t\t\t\t\t<div class=\"elementor-column elementor-col-50 elementor-inner-column elementor-element elementor-element-2ee089e\" data-id=\"2ee089e\" data-element_type=\"column\" data-e-type=\"column\">\n\t\t\t<div class=\"elementor-widget-wrap elementor-element-populated\">\n\t\t\t\t\t\t<div class=\"elementor-element elementor-element-0cbc404 elementor-widget elementor-widget-image\" data-id=\"0cbc404\" data-element_type=\"widget\" data-e-type=\"widget\" data-widget_type=\"image.default\">\n\t\t\t\t<div class=\"elementor-widget-container\">\n\t\t\t\t\t\t\t\t\t\t\t\t\t\t\t<img decoding=\"async\" width=\"800\" height=\"534\" src=\"https:\/\/itspromotion.com\/wp-content\/uploads\/2023\/12\/Private-Label-Packaging-1024x684.webp\" class=\"attachment-large size-large wp-image-416\" alt=\"Private Label und Verpackung\" srcset=\"https:\/\/itspromotion.com\/wp-content\/uploads\/2023\/12\/Private-Label-Packaging-1024x684.webp 1024w, https:\/\/itspromotion.com\/wp-content\/uploads\/2023\/12\/Private-Label-Packaging-300x200.webp 300w, https:\/\/itspromotion.com\/wp-content\/uploads\/2023\/12\/Private-Label-Packaging-768x513.webp 768w, https:\/\/itspromotion.com\/wp-content\/uploads\/2023\/12\/Private-Label-Packaging-1536x1026.webp 1536w, https:\/\/itspromotion.com\/wp-content\/uploads\/2023\/12\/Private-Label-Packaging.webp 1920w\" sizes=\"(max-width: 800px) 100vw, 800px\" \/>\t\t\t\t\t\t\t\t\t\t\t\t\t\t\t<\/div>\n\t\t\t\t<\/div>\n\t\t\t\t\t<\/div>\n\t\t<\/div>\n\t\t\t\t<div class=\"elementor-column elementor-col-50 elementor-inner-column elementor-element elementor-element-6e399c9\" data-id=\"6e399c9\" data-element_type=\"column\" data-e-type=\"column\">\n\t\t\t<div class=\"elementor-widget-wrap elementor-element-populated\">\n\t\t\t\t\t\t<div class=\"elementor-element elementor-element-716167f elementor-view-default elementor-widget elementor-widget-icon\" data-id=\"716167f\" data-element_type=\"widget\" data-e-type=\"widget\" data-widget_type=\"icon.default\">\n\t\t\t\t<div class=\"elementor-widget-container\">\n\t\t\t\t\t\t\t<div class=\"elementor-icon-wrapper\">\n\t\t\t<div class=\"elementor-icon\">\n\t\t\t<i aria-hidden=\"true\" class=\"far fa-check-circle\"><\/i>\t\t\t<\/div>\n\t\t<\/div>\n\t\t\t\t\t\t<\/div>\n\t\t\t\t<\/div>\n\t\t\t\t<div class=\"elementor-element elementor-element-f59d212 elementor-widget elementor-widget-image-box\" data-id=\"f59d212\" data-element_type=\"widget\" data-e-type=\"widget\" data-widget_type=\"image-box.default\">\n\t\t\t\t<div class=\"elementor-widget-container\">\n\t\t\t\t\t<div class=\"elementor-image-box-wrapper\"><div class=\"elementor-image-box-content\"><h3 class=\"elementor-image-box-title\"><a href=\"https:\/\/itspromotion.com\/de\/private-label-packaging\/\">Passen Sie Verpackungen an <\/a><\/h3><p class=\"elementor-image-box-description\">Wir bieten spezielle Dienstleistungen f\u00fcr die individuelle Gestaltung von Verpackungen an, die der einzigartigen Identit\u00e4t Ihres Produkts entsprechen. Unser Team arbeitet mit Ihnen zusammen, um Verpackungen zu entwerfen, die nicht nur sch\u00fctzen, sondern auch die Attraktivit\u00e4t Ihres Produkts steigern. Dabei nutzen wir eine Vielzahl von Materialien, Stilen und Drucktechniken, um eine Verpackung zu schaffen, die sich vom Markt abhebt.<\/p><\/div><\/div>\t\t\t\t<\/div>\n\t\t\t\t<\/div>\n\t\t\t\t\t<\/div>\n\t\t<\/div>\n\t\t\t\t\t<\/div>\n\t\t<\/section>\n\t\t\t\t<section class=\"elementor-section elementor-inner-section elementor-element elementor-element-0fd6967 elementor-section-boxed elementor-section-height-default elementor-section-height-default\" data-id=\"0fd6967\" data-element_type=\"section\" data-e-type=\"section\" data-settings=\"{&quot;background_background&quot;:&quot;classic&quot;}\">\n\t\t\t\t\t\t<div class=\"elementor-container elementor-column-gap-default\">\n\t\t\t\t\t<div class=\"elementor-column elementor-col-50 elementor-inner-column elementor-element elementor-element-7922576\" data-id=\"7922576\" data-element_type=\"column\" data-e-type=\"column\">\n\t\t\t<div class=\"elementor-widget-wrap elementor-element-populated\">\n\t\t\t\t\t\t<div class=\"elementor-element elementor-element-3851249 elementor-widget elementor-widget-image\" data-id=\"3851249\" data-element_type=\"widget\" data-e-type=\"widget\" data-widget_type=\"image.default\">\n\t\t\t\t<div class=\"elementor-widget-container\">\n\t\t\t\t\t\t\t\t\t\t\t\t\t\t\t<img loading=\"lazy\" decoding=\"async\" width=\"800\" height=\"534\" src=\"https:\/\/itspromotion.com\/wp-content\/uploads\/2023\/12\/Arrange-Mass-Production-and-Shipping-1024x684.webp\" class=\"attachment-large size-large wp-image-451\" alt=\"Organisieren Sie Massenproduktion und Versand\" srcset=\"https:\/\/itspromotion.com\/wp-content\/uploads\/2023\/12\/Arrange-Mass-Production-and-Shipping-1024x684.webp 1024w, https:\/\/itspromotion.com\/wp-content\/uploads\/2023\/12\/Arrange-Mass-Production-and-Shipping-300x200.webp 300w, https:\/\/itspromotion.com\/wp-content\/uploads\/2023\/12\/Arrange-Mass-Production-and-Shipping-768x513.webp 768w, https:\/\/itspromotion.com\/wp-content\/uploads\/2023\/12\/Arrange-Mass-Production-and-Shipping-1536x1026.webp 1536w, https:\/\/itspromotion.com\/wp-content\/uploads\/2023\/12\/Arrange-Mass-Production-and-Shipping.webp 1920w\" sizes=\"(max-width: 800px) 100vw, 800px\" \/>\t\t\t\t\t\t\t\t\t\t\t\t\t\t\t<\/div>\n\t\t\t\t<\/div>\n\t\t\t\t\t<\/div>\n\t\t<\/div>\n\t\t\t\t<div class=\"elementor-column elementor-col-50 elementor-inner-column elementor-element elementor-element-1b96d4b\" data-id=\"1b96d4b\" data-element_type=\"column\" data-e-type=\"column\">\n\t\t\t<div class=\"elementor-widget-wrap elementor-element-populated\">\n\t\t\t\t\t\t<div class=\"elementor-element elementor-element-92fb70f elementor-view-default elementor-widget elementor-widget-icon\" data-id=\"92fb70f\" data-element_type=\"widget\" data-e-type=\"widget\" data-widget_type=\"icon.default\">\n\t\t\t\t<div class=\"elementor-widget-container\">\n\t\t\t\t\t\t\t<div class=\"elementor-icon-wrapper\">\n\t\t\t<div class=\"elementor-icon\">\n\t\t\t<i aria-hidden=\"true\" class=\"far fa-check-circle\"><\/i>\t\t\t<\/div>\n\t\t<\/div>\n\t\t\t\t\t\t<\/div>\n\t\t\t\t<\/div>\n\t\t\t\t<div class=\"elementor-element elementor-element-b0ca912 elementor-widget elementor-widget-image-box\" data-id=\"b0ca912\" data-element_type=\"widget\" data-e-type=\"widget\" data-widget_type=\"image-box.default\">\n\t\t\t\t<div class=\"elementor-widget-container\">\n\t\t\t\t\t<div class=\"elementor-image-box-wrapper\"><div class=\"elementor-image-box-content\"><h3 class=\"elementor-image-box-title\"><a href=\"https:\/\/itspromotion.com\/de\/shipping-logistics\/\">Organisieren Sie Massenproduktion und Versand<\/a><\/h3><p class=\"elementor-image-box-description\">Sobald Ihre Muster perfekt sind, beginnen wir mit der Massenproduktionsphase. Zu unseren Aufgaben geh\u00f6rt die \u00dcberwachung des gesamten Produktionsprozesses, um sicherzustellen, dass die Produktqualit\u00e4t auf h\u00f6chstem Niveau gehalten wird. Wir k\u00fcmmern uns auch um die Logistik f\u00fcr den Versand Ihrer Produkte aus China und garantieren so eine reibungslose und effiziente Lieferung an Ihren Bestimmungsort.<\/p><\/div><\/div>\t\t\t\t<\/div>\n\t\t\t\t<\/div>\n\t\t\t\t\t<\/div>\n\t\t<\/div>\n\t\t\t\t\t<\/div>\n\t\t<\/section>\n\t\t\t\t\t<\/div>\n\t\t<\/div>\n\t\t\t\t\t<\/div>\n\t\t<\/section>\n\t\t\t\t<section class=\"elementor-section elementor-top-section elementor-element elementor-element-ef87359 elementor-section-boxed elementor-section-height-default elementor-section-height-default\" data-id=\"ef87359\" data-element_type=\"section\" data-e-type=\"section\" data-settings=\"{&quot;background_background&quot;:&quot;classic&quot;}\">\n\t\t\t\t\t\t\t<div class=\"elementor-background-overlay\"><\/div>\n\t\t\t\t\t\t\t<div class=\"elementor-container elementor-column-gap-default\">\n\t\t\t\t\t<div class=\"elementor-column elementor-col-100 elementor-top-column elementor-element elementor-element-2b4b408\" data-id=\"2b4b408\" data-element_type=\"column\" data-e-type=\"column\">\n\t\t\t<div class=\"elementor-widget-wrap elementor-element-populated\">\n\t\t\t\t\t\t<section class=\"elementor-section elementor-inner-section elementor-element elementor-element-57658d2 elementor-section-boxed elementor-section-height-default elementor-section-height-default\" data-id=\"57658d2\" data-element_type=\"section\" data-e-type=\"section\">\n\t\t\t\t\t\t<div class=\"elementor-container elementor-column-gap-default\">\n\t\t\t\t\t<div class=\"elementor-column elementor-col-100 elementor-inner-column elementor-element elementor-element-2e03d6a\" data-id=\"2e03d6a\" data-element_type=\"column\" data-e-type=\"column\" data-settings=\"{&quot;background_background&quot;:&quot;classic&quot;}\">\n\t\t\t<div class=\"elementor-widget-wrap elementor-element-populated\">\n\t\t\t\t\t\t<div class=\"elementor-element elementor-element-55646c5 elementor-widget elementor-widget-heading\" data-id=\"55646c5\" data-element_type=\"widget\" data-e-type=\"widget\" data-widget_type=\"heading.default\">\n\t\t\t\t<div class=\"elementor-widget-container\">\n\t\t\t\t\t<h2 class=\"elementor-heading-title elementor-size-default\">Sind Sie bereit, Ihre eigenen Produkte zu entwickeln?<\/h2>\t\t\t\t<\/div>\n\t\t\t\t<\/div>\n\t\t\t\t<div class=\"elementor-element elementor-element-411aa8d elementor-align-center elementor-invisible elementor-widget elementor-widget-button\" data-id=\"411aa8d\" data-element_type=\"widget\" data-e-type=\"widget\" data-settings=\"{&quot;_animation&quot;:&quot;fadeInUp&quot;}\" data-widget_type=\"button.default\">\n\t\t\t\t<div class=\"elementor-widget-container\">\n\t\t\t\t\t\t\t\t\t<div class=\"elementor-button-wrapper\">\n\t\t\t\t\t<a class=\"elementor-button elementor-button-link elementor-size-sm\" href=\"https:\/\/itspromotion.com\/de\/contact-us\/\">\n\t\t\t\t\t\t<span class=\"elementor-button-content-wrapper\">\n\t\t\t\t\t\t\t\t\t<span class=\"elementor-button-text\">Sprechen Sie jetzt mit uns<\/span>\n\t\t\t\t\t<\/span>\n\t\t\t\t\t<\/a>\n\t\t\t\t<\/div>\n\t\t\t\t\t\t\t\t<\/div>\n\t\t\t\t<\/div>\n\t\t\t\t\t<\/div>\n\t\t<\/div>\n\t\t\t\t\t<\/div>\n\t\t<\/section>\n\t\t\t\t\t<\/div>\n\t\t<\/div>\n\t\t\t\t\t<\/div>\n\t\t<\/section>\n\t\t\t\t<\/div>","protected":false},"excerpt":{"rendered":"<p>Produktentwicklung Verwandeln Sie Ihre Ideen in Marktf\u00fchrer! Arbeiten Sie mit uns zusammen, um innovative Produkte zu entwickeln, die Ihnen eine einzigartige Marktposition verschaffen und Ihnen einen Wettbewerbsvorteil verschaffen. Wir bieten in jeder Phase des Entwicklungsprozesses fachkundige Beratung und sorgen daf\u00fcr, dass Ihre Vision erfolgreich Wirklichkeit wird. Nehmen Sie noch heute Kontakt mit uns auf, um [\u2026]<\/p>","protected":false},"author":1,"featured_media":0,"parent":0,"menu_order":0,"comment_status":"closed","ping_status":"closed","template":"","meta":{"footnotes":""},"class_list":["post-255","page","type-page","status-publish","hentry"],"_links":{"self":[{"href":"https:\/\/itspromotion.com\/de\/wp-json\/wp\/v2\/pages\/255"}],"collection":[{"href":"https:\/\/itspromotion.com\/de\/wp-json\/wp\/v2\/pages"}],"about":[{"href":"https:\/\/itspromotion.com\/de\/wp-json\/wp\/v2\/types\/page"}],"author":[{"embeddable":true,"href":"https:\/\/itspromotion.com\/de\/wp-json\/wp\/v2\/users\/1"}],"replies":[{"embeddable":true,"href":"https:\/\/itspromotion.com\/de\/wp-json\/wp\/v2\/comments?post=255"}],"version-history":[{"count":22,"href":"https:\/\/itspromotion.com\/de\/wp-json\/wp\/v2\/pages\/255\/revisions"}],"predecessor-version":[{"id":709,"href":"https:\/\/itspromotion.com\/de\/wp-json\/wp\/v2\/pages\/255\/revisions\/709"}],"wp:attachment":[{"href":"https:\/\/itspromotion.com\/de\/wp-json\/wp\/v2\/media?parent=255"}],"curies":[{"name":"wp","href":"https:\/\/api.w.org\/{rel}","templated":true}]}}